{"id":35,"date":"2025-09-22T19:08:24","date_gmt":"2025-09-22T19:08:24","guid":{"rendered":"https:\/\/brown-turtle-396044.hostingersite.com\/?page_id=35"},"modified":"2025-09-26T23:24:59","modified_gmt":"2025-09-26T23:24:59","slug":"hakkimizda","status":"publish","type":"page","link":"https:\/\/homesse.com.tr\/tr\/hakkimizda\/","title":{"rendered":"Hakk\u0131m\u0131zda"},"content":{"rendered":"<div class=\"wpb-content-wrapper\"><div id=\"about-title-row\" class=\"vc_row wpb_row vc_row-fluid wd-rs-68d43b3a1fe21\"><div class=\"wpb_column vc_column_container vc_col-sm-12\"><div class=\"vc_column-inner\"><div class=\"wpb_wrapper\">\t\t<div id=\"wd-68d43abba2700\" class=\"wd-image wd-wpb wd-rs-68d43abba2700 text-center\">\n\t\t\t\n\t\t\t<img loading=\"lazy\" decoding=\"async\" width=\"1920\" height=\"900\" src=\"https:\/\/homesse.com.tr\/wp-content\/uploads\/2025\/09\/about-us-background-img-240925-4.jpg\" class=\"attachment-full size-full\" alt=\"about us background img 240925 4\" srcset=\"https:\/\/homesse.com.tr\/wp-content\/uploads\/2025\/09\/about-us-background-img-240925-4.jpg 1920w, https:\/\/homesse.com.tr\/wp-content\/uploads\/2025\/09\/about-us-background-img-240925-4-300x141.jpg 300w, https:\/\/homesse.com.tr\/wp-content\/uploads\/2025\/09\/about-us-background-img-240925-4-1024x480.jpg 1024w, https:\/\/homesse.com.tr\/wp-content\/uploads\/2025\/09\/about-us-background-img-240925-4-768x360.jpg 768w, https:\/\/homesse.com.tr\/wp-content\/uploads\/2025\/09\/about-us-background-img-240925-4-1536x720.jpg 1536w, https:\/\/homesse.com.tr\/wp-content\/uploads\/2025\/09\/about-us-background-img-240925-4-600x281.jpg 600w, https:\/\/homesse.com.tr\/wp-content\/uploads\/2025\/09\/about-us-background-img-240925-4-150x70.jpg 150w\" sizes=\"auto, (max-width: 1920px) 100vw, 1920px\" \/>\n\t\t\t\t\t<\/div>\n\t\t\t\t<div id=\"wd-68d715ea989c5\" class=\"wd-text-block wd-wpb reset-last-child wd-rs-68d715ea989c5 text-left\">\n\t\t\t<div class=\"about-text-content\">\n<div class=\"subtitle\" style=\"text-align: center;\">Hakk\u0131m\u0131zda<\/div>\n<h2 style=\"text-align: center;\">Homesse'nin Arkas\u0131ndaki Hikaye \u2013 Zarafetin Yuva Buldu\u011fu Yer<\/h2>\n<div class=\"buttons\" style=\"text-align: center;\"><a href=\"\/wp-content\/uploads\/2025\/09\/homesse-brandbook-2025-270925-1.pdf\" target=\"_blank\" rel=\"noopener\">Brandbook<\/a><\/div>\n<\/div>\n\t\t<\/div>\n\t\t<\/div><\/div><\/div><\/div><div id=\"about-text-row\" class=\"vc_row wpb_row vc_row-fluid vc_custom_1758739975576 wd-rs-68d43e041b92a\"><div class=\"wpb_column vc_column_container vc_col-sm-12\"><div class=\"vc_column-inner\"><div class=\"wpb_wrapper\">\t\t<div id=\"wd-68d43a3beb29b\" class=\"wd-text-block wd-wpb reset-last-child wd-rs-68d43a3beb29b text-left\">\n\t\t\t<p style=\"text-align: center;\">Homesse, estetik, i\u015flevsellik ve kaliteyi bir araya getirerek ya\u015fam alanlar\u0131n\u0131 zenginle\u015ftirmeyi hedefleyen bir markad\u0131r. Marka, kurulu\u015fundan bu yana \u00f6zenle tasarlanm\u0131\u015f tasar\u0131mlar\u0131, birinci s\u0131n\u0131f malzemeleri ve titiz i\u015f\u00e7ili\u011fiyle g\u00fcvenilir \u00e7\u00f6z\u00fcmler sunmaya kendini adam\u0131\u015ft\u0131r. Homesse'nin amac\u0131 yaln\u0131zca \u00fcr\u00fcn satmak de\u011fil, evlere de\u011fer katmak, ki\u015fisel tarz\u0131 yans\u0131tmak ve uzun y\u0131llar keyifle kullan\u0131labilecek par\u00e7alar yaratmakt\u0131r.<\/p>\n<p style=\"text-align: center;\">Homesse koleksiyonlar\u0131, zamans\u0131z zarafeti modern tasar\u0131mla bir araya getirerek her detay\u0131n hassasiyet ve profesyonelli\u011fi yans\u0131tmas\u0131n\u0131 sa\u011flar. Homesse.com.tr arac\u0131l\u0131\u011f\u0131yla sunulan \u00fcr\u00fcnler, yaln\u0131zca estetik a\u00e7\u0131dan de\u011fil, ayn\u0131 zamanda dayan\u0131kl\u0131l\u0131k ve pratiklik a\u00e7\u0131s\u0131ndan da en y\u00fcksek standartlar\u0131 kar\u015f\u0131layacak \u015fekilde tasarlanm\u0131\u015ft\u0131r.<\/p>\n<p style=\"text-align: center;\">Homesse'nin vizyonu, sekt\u00f6rde lider ve yenilik\u00e7i bir marka olmak; misyonu ise konforu zarafetle birle\u015ftirerek ya\u015fam alanlar\u0131na ilham veren \u00fcr\u00fcnler sunmakt\u0131r. Kalite, g\u00fcvenilirlik ve m\u00fc\u015fteri memnuniyeti markan\u0131n \u00f6z\u00fcnde yer al\u0131rken, beklentilerin \u00f6tesine ge\u00e7en bir deneyim sunma taahh\u00fcd\u00fc de bu do\u011frultudad\u0131r.<\/p>\n<p style=\"text-align: center;\">Homesse, bug\u00fcn ve gelecekte, zarafet ve i\u015flevselli\u011fi bir araya getiren \u00fcr\u00fcnleriyle evleri zenginle\u015ftirmeye devam edecek.<\/p>\n\t\t<\/div>\n\t\t<\/div><\/div><\/div><\/div>\n<\/div>","protected":false},"excerpt":{"rendered":"About Us The Story Behind Homesse \u2013 Where Elegance Finds a Home Brandbook Homesse is a brand established with the","protected":false},"author":1,"featured_media":0,"parent":0,"menu_order":0,"comment_status":"closed","ping_status":"closed","template":"","meta":{"footnotes":""},"class_list":["post-35","page","type-page","status-publish","hentry"],"yoast_head":"<!-- This site is optimized with the Yoast SEO plugin v27.3 - https:\/\/yoast.com\/product\/yoast-seo-wordpress\/ -->\n<title>About Us - Homesse Furniture<\/title>\n<meta name=\"robots\" content=\"index, follow, max-snippet:-1, max-image-preview:large, max-video-preview:-1\" \/>\n<link rel=\"canonical\" href=\"https:\/\/homesse.com.tr\/tr\/hakkimizda\/\" \/>\n<meta property=\"og:locale\" content=\"tr_TR\" \/>\n<meta property=\"og:type\" content=\"article\" \/>\n<meta property=\"og:title\" content=\"About Us - Homesse Furniture\" \/>\n<meta property=\"og:url\" content=\"https:\/\/homesse.com.tr\/tr\/hakkimizda\/\" \/>\n<meta property=\"og:site_name\" content=\"Homesse Furniture\" \/>\n<meta property=\"article:publisher\" content=\"https:\/\/www.facebook.com\/homessecomtr\" \/>\n<meta property=\"article:modified_time\" content=\"2025-09-26T23:24:59+00:00\" \/>\n<meta name=\"twitter:card\" content=\"summary_large_image\" \/>\n<meta name=\"twitter:label1\" content=\"Tahmini okuma s\u00fcresi\" \/>\n\t<meta name=\"twitter:data1\" content=\"3 dakika\" \/>\n<script type=\"application\/ld+json\" class=\"yoast-schema-graph\">{\"@context\":\"https:\\\/\\\/schema.org\",\"@graph\":[{\"@type\":\"WebPage\",\"@id\":\"https:\\\/\\\/homesse.com.tr\\\/about-us\\\/\",\"url\":\"https:\\\/\\\/homesse.com.tr\\\/about-us\\\/\",\"name\":\"About Us - Homesse Furniture\",\"isPartOf\":{\"@id\":\"https:\\\/\\\/homesse.com.tr\\\/#website\"},\"datePublished\":\"2025-09-22T19:08:24+00:00\",\"dateModified\":\"2025-09-26T23:24:59+00:00\",\"breadcrumb\":{\"@id\":\"https:\\\/\\\/homesse.com.tr\\\/about-us\\\/#breadcrumb\"},\"inLanguage\":\"tr\",\"potentialAction\":[{\"@type\":\"ReadAction\",\"target\":[\"https:\\\/\\\/homesse.com.tr\\\/about-us\\\/\"]}]},{\"@type\":\"BreadcrumbList\",\"@id\":\"https:\\\/\\\/homesse.com.tr\\\/about-us\\\/#breadcrumb\",\"itemListElement\":[{\"@type\":\"ListItem\",\"position\":1,\"name\":\"Home\",\"item\":\"https:\\\/\\\/homesse.com.tr\\\/\"},{\"@type\":\"ListItem\",\"position\":2,\"name\":\"About Us\"}]},{\"@type\":\"WebSite\",\"@id\":\"https:\\\/\\\/homesse.com.tr\\\/#website\",\"url\":\"https:\\\/\\\/homesse.com.tr\\\/\",\"name\":\"Homesse Furniture\",\"description\":\"\",\"publisher\":{\"@id\":\"https:\\\/\\\/homesse.com.tr\\\/#organization\"},\"potentialAction\":[{\"@type\":\"SearchAction\",\"target\":{\"@type\":\"EntryPoint\",\"urlTemplate\":\"https:\\\/\\\/homesse.com.tr\\\/?s={search_term_string}\"},\"query-input\":{\"@type\":\"PropertyValueSpecification\",\"valueRequired\":true,\"valueName\":\"search_term_string\"}}],\"inLanguage\":\"tr\"},{\"@type\":\"Organization\",\"@id\":\"https:\\\/\\\/homesse.com.tr\\\/#organization\",\"name\":\"Homesse - Furniture Design\",\"url\":\"https:\\\/\\\/homesse.com.tr\\\/\",\"logo\":{\"@type\":\"ImageObject\",\"inLanguage\":\"tr\",\"@id\":\"https:\\\/\\\/homesse.com.tr\\\/#\\\/schema\\\/logo\\\/image\\\/\",\"url\":\"https:\\\/\\\/homesse.com.tr\\\/wp-content\\\/uploads\\\/2025\\\/09\\\/homesse-black-logo-220825-1.png\",\"contentUrl\":\"https:\\\/\\\/homesse.com.tr\\\/wp-content\\\/uploads\\\/2025\\\/09\\\/homesse-black-logo-220825-1.png\",\"width\":1433,\"height\":411,\"caption\":\"Homesse - Furniture Design\"},\"image\":{\"@id\":\"https:\\\/\\\/homesse.com.tr\\\/#\\\/schema\\\/logo\\\/image\\\/\"},\"sameAs\":[\"https:\\\/\\\/www.facebook.com\\\/homessecomtr\",\"https:\\\/\\\/www.instagram.com\\\/homesse\\\/\"]}]}<\/script>\n<!-- \/ Yoast SEO plugin. -->","yoast_head_json":{"title":"Hakk\u0131m\u0131zda - Homesse","robots":{"index":"index","follow":"follow","max-snippet":"max-snippet:-1","max-image-preview":"max-image-preview:large","max-video-preview":"max-video-preview:-1"},"canonical":"https:\/\/homesse.com.tr\/tr\/hakkimizda\/","og_locale":"tr_TR","og_type":"article","og_title":"About Us - Homesse Furniture","og_url":"https:\/\/homesse.com.tr\/tr\/hakkimizda\/","og_site_name":"Homesse Furniture","article_publisher":"https:\/\/www.facebook.com\/homessecomtr","article_modified_time":"2025-09-26T23:24:59+00:00","twitter_card":"summary_large_image","twitter_misc":{"Tahmini okuma s\u00fcresi":"3 dakika"},"schema":{"@context":"https:\/\/schema.org","@graph":[{"@type":"WebPage","@id":"https:\/\/homesse.com.tr\/about-us\/","url":"https:\/\/homesse.com.tr\/about-us\/","name":"Hakk\u0131m\u0131zda - Homesse","isPartOf":{"@id":"https:\/\/homesse.com.tr\/#website"},"datePublished":"2025-09-22T19:08:24+00:00","dateModified":"2025-09-26T23:24:59+00:00","breadcrumb":{"@id":"https:\/\/homesse.com.tr\/about-us\/#breadcrumb"},"inLanguage":"tr","potentialAction":[{"@type":"ReadAction","target":["https:\/\/homesse.com.tr\/about-us\/"]}]},{"@type":"BreadcrumbList","@id":"https:\/\/homesse.com.tr\/about-us\/#breadcrumb","itemListElement":[{"@type":"ListItem","position":1,"name":"Home","item":"https:\/\/homesse.com.tr\/"},{"@type":"ListItem","position":2,"name":"About Us"}]},{"@type":"WebSite","@id":"https:\/\/homesse.com.tr\/#website","url":"https:\/\/homesse.com.tr\/","name":"Ev Mobilyas\u0131","description":"","publisher":{"@id":"https:\/\/homesse.com.tr\/#organization"},"potentialAction":[{"@type":"SearchAction","target":{"@type":"EntryPoint","urlTemplate":"https:\/\/homesse.com.tr\/?s={search_term_string}"},"query-input":{"@type":"PropertyValueSpecification","valueRequired":true,"valueName":"search_term_string"}}],"inLanguage":"tr"},{"@type":"Organization","@id":"https:\/\/homesse.com.tr\/#organization","name":"Homesse-Mobilya Tasar\u0131m\u0131","url":"https:\/\/homesse.com.tr\/","logo":{"@type":"ImageObject","inLanguage":"tr","@id":"https:\/\/homesse.com.tr\/#\/schema\/logo\/image\/","url":"https:\/\/homesse.com.tr\/wp-content\/uploads\/2025\/09\/homesse-black-logo-220825-1.png","contentUrl":"https:\/\/homesse.com.tr\/wp-content\/uploads\/2025\/09\/homesse-black-logo-220825-1.png","width":1433,"height":411,"caption":"Homesse - Furniture Design"},"image":{"@id":"https:\/\/homesse.com.tr\/#\/schema\/logo\/image\/"},"sameAs":["https:\/\/www.facebook.com\/homessecomtr","https:\/\/www.instagram.com\/homesse\/"]}]}},"_links":{"self":[{"href":"https:\/\/homesse.com.tr\/tr\/wp-json\/wp\/v2\/pages\/35","targetHints":{"allow":["GET"]}}],"collection":[{"href":"https:\/\/homesse.com.tr\/tr\/wp-json\/wp\/v2\/pages"}],"about":[{"href":"https:\/\/homesse.com.tr\/tr\/wp-json\/wp\/v2\/types\/page"}],"author":[{"embeddable":true,"href":"https:\/\/homesse.com.tr\/tr\/wp-json\/wp\/v2\/users\/1"}],"replies":[{"embeddable":true,"href":"https:\/\/homesse.com.tr\/tr\/wp-json\/wp\/v2\/comments?post=35"}],"version-history":[{"count":6,"href":"https:\/\/homesse.com.tr\/tr\/wp-json\/wp\/v2\/pages\/35\/revisions"}],"predecessor-version":[{"id":456,"href":"https:\/\/homesse.com.tr\/tr\/wp-json\/wp\/v2\/pages\/35\/revisions\/456"}],"wp:attachment":[{"href":"https:\/\/homesse.com.tr\/tr\/wp-json\/wp\/v2\/media?parent=35"}],"curies":[{"name":"wp","href":"https:\/\/api.w.org\/{rel}","templated":true}]}}