{"id":251,"date":"2025-09-25T08:50:07","date_gmt":"2025-09-25T08:50:07","guid":{"rendered":"https:\/\/brown-turtle-396044.hostingersite.com\/?post_type=product&#038;p=251"},"modified":"2025-09-25T08:50:07","modified_gmt":"2025-09-25T08:50:07","slug":"quarry-living-room","status":"publish","type":"product","link":"https:\/\/homesse.com.tr\/tr\/urun\/quarry-living-room\/","title":{"rendered":"Quarry Ya\u015fam Odas\u0131"},"content":{"rendered":"<div class=\"wpb-content-wrapper\"><div id=\"main-images-row\" class=\"vc_row wpb_row vc_row-fluid wd-rs-68d1ad9d6e900\"><div class=\"wpb_column vc_column_container vc_col-sm-12\"><div class=\"vc_column-inner\"><div class=\"wpb_wrapper\">\t\t<div id=\"gallery_664\" class=\"wd-images-gallery wd-wpb wd-rs-68d501fa0db12 photoswipe-images\" style=\"--wd-justify-content:center;--wd-align-items:center;\">\n\t\t\t\n\t\t\t<div class=\"wd-grid-f-col wd-masonry\" style=\"--wd-col-lg:2;--wd-col-md:2;--wd-col-sm:1;--wd-gap-lg:20px;--wd-gap-sm:10px;\">\n\t\t\t\t\n\t\t\t\t\t\t\t\t\t\t\t\t\t\t\t<div class=\"wd-gallery-item wd-col\">\n\t\t\t\t\t\t\t\t\t\t\t\t\t\t<a href=\"https:\/\/homesse.com.tr\/wp-content\/uploads\/2025\/09\/quarry-living-room-250925-2.jpg\" data-elementor-open-lightbox=\"no\" data-index=\"1\" data-width=\"1600\" data-height=\"1200\" \n\t\t\t\t\t\t\t\t\t\t\t\t >\n\t\t\t\t\t\t\t\t\n\t\t\t\t\t\t\t\t<img loading=\"lazy\" decoding=\"async\" width=\"1600\" height=\"1200\" src=\"https:\/\/homesse.com.tr\/wp-content\/uploads\/2025\/09\/quarry-living-room-250925-2.jpg\" class=\"wd-gallery-image image-1\" alt=\"quarry living room 250925 2\" srcset=\"https:\/\/homesse.com.tr\/wp-content\/uploads\/2025\/09\/quarry-living-room-250925-2.jpg 1600w, https:\/\/homesse.com.tr\/wp-content\/uploads\/2025\/09\/quarry-living-room-250925-2-300x225.jpg 300w, https:\/\/homesse.com.tr\/wp-content\/uploads\/2025\/09\/quarry-living-room-250925-2-1024x768.jpg 1024w, https:\/\/homesse.com.tr\/wp-content\/uploads\/2025\/09\/quarry-living-room-250925-2-768x576.jpg 768w, https:\/\/homesse.com.tr\/wp-content\/uploads\/2025\/09\/quarry-living-room-250925-2-1536x1152.jpg 1536w, https:\/\/homesse.com.tr\/wp-content\/uploads\/2025\/09\/quarry-living-room-250925-2-600x450.jpg 600w, https:\/\/homesse.com.tr\/wp-content\/uploads\/2025\/09\/quarry-living-room-250925-2-150x113.jpg 150w\" sizes=\"auto, (max-width: 1600px) 100vw, 1600px\" \/>\n\t\t\t\t\t\t\t\t\t\t\t\t\t\t\t<\/a>\n\t\t\t\t\t\t\t\t\t\t\t\t<\/div>\n\t\t\t\t\t\t\t\t\t\t\t<div class=\"wd-gallery-item wd-col\">\n\t\t\t\t\t\t\t\t\t\t\t\t\t\t<a href=\"https:\/\/homesse.com.tr\/wp-content\/uploads\/2025\/09\/quarry-living-room-250925-3.jpg\" data-elementor-open-lightbox=\"no\" data-index=\"2\" data-width=\"1200\" data-height=\"1600\" \n\t\t\t\t\t\t\t\t\t\t\t\t >\n\t\t\t\t\t\t\t\t\n\t\t\t\t\t\t\t\t<img loading=\"lazy\" decoding=\"async\" width=\"1200\" height=\"1600\" src=\"https:\/\/homesse.com.tr\/wp-content\/uploads\/2025\/09\/quarry-living-room-250925-3.jpg\" class=\"wd-gallery-image image-2\" alt=\"quarry living room 250925 3\" srcset=\"https:\/\/homesse.com.tr\/wp-content\/uploads\/2025\/09\/quarry-living-room-250925-3.jpg 1200w, https:\/\/homesse.com.tr\/wp-content\/uploads\/2025\/09\/quarry-living-room-250925-3-225x300.jpg 225w, https:\/\/homesse.com.tr\/wp-content\/uploads\/2025\/09\/quarry-living-room-250925-3-768x1024.jpg 768w, https:\/\/homesse.com.tr\/wp-content\/uploads\/2025\/09\/quarry-living-room-250925-3-1152x1536.jpg 1152w, https:\/\/homesse.com.tr\/wp-content\/uploads\/2025\/09\/quarry-living-room-250925-3-300x400.jpg 300w, https:\/\/homesse.com.tr\/wp-content\/uploads\/2025\/09\/quarry-living-room-250925-3-600x800.jpg 600w, https:\/\/homesse.com.tr\/wp-content\/uploads\/2025\/09\/quarry-living-room-250925-3-150x200.jpg 150w\" sizes=\"auto, (max-width: 1200px) 100vw, 1200px\" \/>\n\t\t\t\t\t\t\t\t\t\t\t\t\t\t\t<\/a>\n\t\t\t\t\t\t\t\t\t\t\t\t<\/div>\n\t\t\t\t\t\t\t\t\t\t\t<div class=\"wd-gallery-item wd-col\">\n\t\t\t\t\t\t\t\t\t\t\t\t\t\t<a href=\"https:\/\/homesse.com.tr\/wp-content\/uploads\/2025\/09\/quarry-living-room-250925-4.jpg\" data-elementor-open-lightbox=\"no\" data-index=\"3\" data-width=\"1200\" data-height=\"1600\" \n\t\t\t\t\t\t\t\t\t\t\t\t >\n\t\t\t\t\t\t\t\t\n\t\t\t\t\t\t\t\t<img loading=\"lazy\" decoding=\"async\" width=\"1200\" height=\"1600\" src=\"https:\/\/homesse.com.tr\/wp-content\/uploads\/2025\/09\/quarry-living-room-250925-4.jpg\" class=\"wd-gallery-image image-3\" alt=\"quarry living room 250925 4\" srcset=\"https:\/\/homesse.com.tr\/wp-content\/uploads\/2025\/09\/quarry-living-room-250925-4.jpg 1200w, https:\/\/homesse.com.tr\/wp-content\/uploads\/2025\/09\/quarry-living-room-250925-4-225x300.jpg 225w, https:\/\/homesse.com.tr\/wp-content\/uploads\/2025\/09\/quarry-living-room-250925-4-768x1024.jpg 768w, https:\/\/homesse.com.tr\/wp-content\/uploads\/2025\/09\/quarry-living-room-250925-4-1152x1536.jpg 1152w, https:\/\/homesse.com.tr\/wp-content\/uploads\/2025\/09\/quarry-living-room-250925-4-300x400.jpg 300w, https:\/\/homesse.com.tr\/wp-content\/uploads\/2025\/09\/quarry-living-room-250925-4-600x800.jpg 600w, https:\/\/homesse.com.tr\/wp-content\/uploads\/2025\/09\/quarry-living-room-250925-4-150x200.jpg 150w\" sizes=\"auto, (max-width: 1200px) 100vw, 1200px\" \/>\n\t\t\t\t\t\t\t\t\t\t\t\t\t\t\t<\/a>\n\t\t\t\t\t\t\t\t\t\t\t\t<\/div>\n\t\t\t\t\t\t\t\t\t\t\t<div class=\"wd-gallery-item wd-col\">\n\t\t\t\t\t\t\t\t\t\t\t\t\t\t<a href=\"https:\/\/homesse.com.tr\/wp-content\/uploads\/2025\/09\/quarry-living-room-250925-5.jpg\" data-elementor-open-lightbox=\"no\" data-index=\"4\" data-width=\"1368\" data-height=\"1600\" \n\t\t\t\t\t\t\t\t\t\t\t\t >\n\t\t\t\t\t\t\t\t\n\t\t\t\t\t\t\t\t<img loading=\"lazy\" decoding=\"async\" width=\"1368\" height=\"1600\" src=\"https:\/\/homesse.com.tr\/wp-content\/uploads\/2025\/09\/quarry-living-room-250925-5.jpg\" class=\"wd-gallery-image image-4\" alt=\"quarry living room 250925 5\" srcset=\"https:\/\/homesse.com.tr\/wp-content\/uploads\/2025\/09\/quarry-living-room-250925-5.jpg 1368w, https:\/\/homesse.com.tr\/wp-content\/uploads\/2025\/09\/quarry-living-room-250925-5-257x300.jpg 257w, https:\/\/homesse.com.tr\/wp-content\/uploads\/2025\/09\/quarry-living-room-250925-5-876x1024.jpg 876w, https:\/\/homesse.com.tr\/wp-content\/uploads\/2025\/09\/quarry-living-room-250925-5-768x898.jpg 768w, https:\/\/homesse.com.tr\/wp-content\/uploads\/2025\/09\/quarry-living-room-250925-5-1313x1536.jpg 1313w, https:\/\/homesse.com.tr\/wp-content\/uploads\/2025\/09\/quarry-living-room-250925-5-300x351.jpg 300w, https:\/\/homesse.com.tr\/wp-content\/uploads\/2025\/09\/quarry-living-room-250925-5-600x702.jpg 600w, https:\/\/homesse.com.tr\/wp-content\/uploads\/2025\/09\/quarry-living-room-250925-5-150x175.jpg 150w\" sizes=\"auto, (max-width: 1368px) 100vw, 1368px\" \/>\n\t\t\t\t\t\t\t\t\t\t\t\t\t\t\t<\/a>\n\t\t\t\t\t\t\t\t\t\t\t\t<\/div>\n\t\t\t\t\t\t\t\t\t\t\t<div class=\"wd-gallery-item wd-col\">\n\t\t\t\t\t\t\t\t\t\t\t\t\t\t<a href=\"https:\/\/homesse.com.tr\/wp-content\/uploads\/2025\/09\/quarry-living-room-250925-6.jpg\" data-elementor-open-lightbox=\"no\" data-index=\"5\" data-width=\"1237\" data-height=\"1600\" \n\t\t\t\t\t\t\t\t\t\t\t\t >\n\t\t\t\t\t\t\t\t\n\t\t\t\t\t\t\t\t<img loading=\"lazy\" decoding=\"async\" width=\"1237\" height=\"1600\" src=\"https:\/\/homesse.com.tr\/wp-content\/uploads\/2025\/09\/quarry-living-room-250925-6.jpg\" class=\"wd-gallery-image image-5\" alt=\"quarry living room 250925 6\" srcset=\"https:\/\/homesse.com.tr\/wp-content\/uploads\/2025\/09\/quarry-living-room-250925-6.jpg 1237w, https:\/\/homesse.com.tr\/wp-content\/uploads\/2025\/09\/quarry-living-room-250925-6-232x300.jpg 232w, https:\/\/homesse.com.tr\/wp-content\/uploads\/2025\/09\/quarry-living-room-250925-6-792x1024.jpg 792w, https:\/\/homesse.com.tr\/wp-content\/uploads\/2025\/09\/quarry-living-room-250925-6-768x993.jpg 768w, https:\/\/homesse.com.tr\/wp-content\/uploads\/2025\/09\/quarry-living-room-250925-6-1188x1536.jpg 1188w, https:\/\/homesse.com.tr\/wp-content\/uploads\/2025\/09\/quarry-living-room-250925-6-300x388.jpg 300w, https:\/\/homesse.com.tr\/wp-content\/uploads\/2025\/09\/quarry-living-room-250925-6-600x776.jpg 600w, https:\/\/homesse.com.tr\/wp-content\/uploads\/2025\/09\/quarry-living-room-250925-6-150x194.jpg 150w\" sizes=\"auto, (max-width: 1237px) 100vw, 1237px\" \/>\n\t\t\t\t\t\t\t\t\t\t\t\t\t\t\t<\/a>\n\t\t\t\t\t\t\t\t\t\t\t\t<\/div>\n\t\t\t\t\t\t\t\t\t\t\t<div class=\"wd-gallery-item wd-col\">\n\t\t\t\t\t\t\t\t\t\t\t\t\t\t<a href=\"https:\/\/homesse.com.tr\/wp-content\/uploads\/2025\/09\/quarry-living-room-250925-7.jpg\" data-elementor-open-lightbox=\"no\" data-index=\"6\" data-width=\"1600\" data-height=\"1200\" \n\t\t\t\t\t\t\t\t\t\t\t\t >\n\t\t\t\t\t\t\t\t\n\t\t\t\t\t\t\t\t<img loading=\"lazy\" decoding=\"async\" width=\"1600\" height=\"1200\" src=\"https:\/\/homesse.com.tr\/wp-content\/uploads\/2025\/09\/quarry-living-room-250925-7.jpg\" class=\"wd-gallery-image image-6\" alt=\"quarry living room 250925 7\" srcset=\"https:\/\/homesse.com.tr\/wp-content\/uploads\/2025\/09\/quarry-living-room-250925-7.jpg 1600w, https:\/\/homesse.com.tr\/wp-content\/uploads\/2025\/09\/quarry-living-room-250925-7-300x225.jpg 300w, https:\/\/homesse.com.tr\/wp-content\/uploads\/2025\/09\/quarry-living-room-250925-7-1024x768.jpg 1024w, https:\/\/homesse.com.tr\/wp-content\/uploads\/2025\/09\/quarry-living-room-250925-7-768x576.jpg 768w, https:\/\/homesse.com.tr\/wp-content\/uploads\/2025\/09\/quarry-living-room-250925-7-1536x1152.jpg 1536w, https:\/\/homesse.com.tr\/wp-content\/uploads\/2025\/09\/quarry-living-room-250925-7-600x450.jpg 600w, https:\/\/homesse.com.tr\/wp-content\/uploads\/2025\/09\/quarry-living-room-250925-7-150x113.jpg 150w\" sizes=\"auto, (max-width: 1600px) 100vw, 1600px\" \/>\n\t\t\t\t\t\t\t\t\t\t\t\t\t\t\t<\/a>\n\t\t\t\t\t\t\t\t\t\t\t\t<\/div>\n\t\t\t\t\t\t\t\t\t\n\t\t\t\t\t\t\t<\/div>\n\n\t\t\t\t\t<\/div>\n\t\t<\/div><\/div><\/div><\/div><div id=\"product-parts-row\" data-vc-full-width=\"true\" data-vc-full-width-temp=\"true\" data-vc-full-width-init=\"false\" data-vc-stretch-content=\"true\" class=\"vc_row wpb_row vc_row-fluid vc_custom_1758572993789 vc_row-no-padding wd-rs-68d1b1bf431c1\"><div class=\"wpb_column vc_column_container vc_col-sm-12\"><div class=\"vc_column-inner\"><div class=\"wpb_wrapper\">\n\t\t<div id=\"wd-68d1b4ce41932\" class=\"title-wrapper wd-wpb wd-set-mb reset-last-child  wd-rs-68d1b4ce41932 wd-title-color-default wd-title-style-default text-center  wd-underline-colored\">\n\t\t\t\n\t\t\t<div class=\"liner-continer\">\n\t\t\t\t<h2 class=\"woodmart-title-container title  wd-font-weight- wd-fontsize-l\" >\u00dcr\u00fcn Par\u00e7alar\u0131<\/h2>\n\t\t\t\t\t\t\t<\/div>\n\t\t\t\n\t\t\t\t\t\t\t<div class=\"title-after_title reset-last-child  wd-fontsize-xs\">Bu \u00fcr\u00fcnle birlikte gelen par\u00e7alar a\u015fa\u011f\u0131da listelenmi\u015ftir. Her bir bile\u015fen, \u00fcr\u00fcn\u00fc tamamlayacak ve deneyiminizi geli\u015ftirecek \u015fekilde tasarlanm\u0131\u015ft\u0131r.<\/div>\n\t\t\t\n\t\t\t\n\t\t<\/div>\n\t\t\n\t\t\t\t<div id=\"gallery_870\" class=\"wd-images-gallery wd-wpb wd-rs-68d5020831eed photoswipe-images wd-carousel-container wd-wpb\" style=\"--wd-justify-content:center;--wd-align-items:center;\">\n\t\t\t\t\t\t\t<div class=\"wd-carousel-inner\">\n\t\t\t\n\t\t\t<div class=\"wd-carousel wd-grid scroll-init\"data-scroll_per_page=\"yes\" style=\"--wd-col-lg:2;--wd-col-md:2;--wd-col-sm:1;--wd-gap-lg:20px;--wd-gap-sm:10px;\">\n\t\t\t\t\t\t\t\t\t<div class=\"wd-carousel-wrap\">\n\t\t\t\t\n\t\t\t\t\t\t\t\t\t\t\t\t\t\t\t<div class=\"wd-gallery-item wd-carousel-item\">\n\t\t\t\t\t\t\t\t\t\t\t\t\t\t<a href=\"https:\/\/homesse.com.tr\/wp-content\/uploads\/2025\/09\/quarry-living-room-250925-1.jpg\" data-elementor-open-lightbox=\"no\" data-index=\"1\" data-width=\"1600\" data-height=\"1200\" \n\t\t\t\t\t\t\t\t\t\t\t\t >\n\t\t\t\t\t\t\t\t\n\t\t\t\t\t\t\t\t<img loading=\"lazy\" decoding=\"async\" width=\"1600\" height=\"1200\" src=\"https:\/\/homesse.com.tr\/wp-content\/uploads\/2025\/09\/quarry-living-room-250925-1.jpg\" class=\"wd-gallery-image image-1\" alt=\"quarry living room 250925 1\" srcset=\"https:\/\/homesse.com.tr\/wp-content\/uploads\/2025\/09\/quarry-living-room-250925-1.jpg 1600w, https:\/\/homesse.com.tr\/wp-content\/uploads\/2025\/09\/quarry-living-room-250925-1-300x225.jpg 300w, https:\/\/homesse.com.tr\/wp-content\/uploads\/2025\/09\/quarry-living-room-250925-1-1024x768.jpg 1024w, https:\/\/homesse.com.tr\/wp-content\/uploads\/2025\/09\/quarry-living-room-250925-1-768x576.jpg 768w, https:\/\/homesse.com.tr\/wp-content\/uploads\/2025\/09\/quarry-living-room-250925-1-1536x1152.jpg 1536w, https:\/\/homesse.com.tr\/wp-content\/uploads\/2025\/09\/quarry-living-room-250925-1-600x450.jpg 600w, https:\/\/homesse.com.tr\/wp-content\/uploads\/2025\/09\/quarry-living-room-250925-1-150x113.jpg 150w\" sizes=\"auto, (max-width: 1600px) 100vw, 1600px\" \/>\n\t\t\t\t\t\t\t\t\t\t\t\t\t\t\t<\/a>\n\t\t\t\t\t\t\t\t\t\t\t\t<\/div>\n\t\t\t\t\t\t\t\t\t\t\t<div class=\"wd-gallery-item wd-carousel-item\">\n\t\t\t\t\t\t\t\t\t\t\t\t\t\t<a href=\"https:\/\/homesse.com.tr\/wp-content\/uploads\/2025\/09\/quarry-living-room-250925-7.jpg\" data-elementor-open-lightbox=\"no\" data-index=\"2\" data-width=\"1600\" data-height=\"1200\" \n\t\t\t\t\t\t\t\t\t\t\t\t >\n\t\t\t\t\t\t\t\t\n\t\t\t\t\t\t\t\t<img loading=\"lazy\" decoding=\"async\" width=\"1600\" height=\"1200\" src=\"https:\/\/homesse.com.tr\/wp-content\/uploads\/2025\/09\/quarry-living-room-250925-7.jpg\" class=\"wd-gallery-image image-2\" alt=\"quarry living room 250925 7\" srcset=\"https:\/\/homesse.com.tr\/wp-content\/uploads\/2025\/09\/quarry-living-room-250925-7.jpg 1600w, https:\/\/homesse.com.tr\/wp-content\/uploads\/2025\/09\/quarry-living-room-250925-7-300x225.jpg 300w, https:\/\/homesse.com.tr\/wp-content\/uploads\/2025\/09\/quarry-living-room-250925-7-1024x768.jpg 1024w, https:\/\/homesse.com.tr\/wp-content\/uploads\/2025\/09\/quarry-living-room-250925-7-768x576.jpg 768w, https:\/\/homesse.com.tr\/wp-content\/uploads\/2025\/09\/quarry-living-room-250925-7-1536x1152.jpg 1536w, https:\/\/homesse.com.tr\/wp-content\/uploads\/2025\/09\/quarry-living-room-250925-7-600x450.jpg 600w, https:\/\/homesse.com.tr\/wp-content\/uploads\/2025\/09\/quarry-living-room-250925-7-150x113.jpg 150w\" sizes=\"auto, (max-width: 1600px) 100vw, 1600px\" \/>\n\t\t\t\t\t\t\t\t\t\t\t\t\t\t\t<\/a>\n\t\t\t\t\t\t\t\t\t\t\t\t<\/div>\n\t\t\t\t\t\t\t\t\t\n\t\t\t\t\t\t\t\t\t<\/div>\n\t\t\t\t\t\t\t<\/div>\n\n\t\t\t\t\t\t\t\t\t\t\t\t\t\t<div class=\"wd-nav-arrows wd-pos-sep wd-hover-1 wd-icon-1\">\n\t\t\t<div class=\"wd-btn-arrow wd-prev wd-disabled\">\n\t\t\t\t<div class=\"wd-arrow-inner\"><\/div>\n\t\t\t<\/div>\n\t\t\t<div class=\"wd-btn-arrow wd-next\">\n\t\t\t\t<div class=\"wd-arrow-inner\"><\/div>\n\t\t\t<\/div>\n\t\t<\/div>\n\t\t\t\t\t\t\n\t\t\t\t<\/div>\n\n\t\t\t\t\t\t<div class=\"wd-nav-pagin-wrap text-center wd-style-shape wd-hide-md-sm wd-hide-sm\">\n\t\t\t<ul class=\"wd-nav-pagin\"><\/ul>\n\t\t<\/div>\n\t\t\t\t\t\t\t\t\t\t\t<\/div>\n\t\t<\/div><\/div><\/div><\/div><div class=\"vc_row-full-width vc_clearfix\"><\/div>\n<\/div>","protected":false},"excerpt":{"rendered":"<p>Modern esteti\u011fi ve zamans\u0131z zarafeti ile Quarry Oturma Odas\u0131, mekan\u0131n\u0131z\u0131 \u015f\u0131k ve konforlu bir dinlenme alan\u0131na d\u00f6n\u00fc\u015ft\u00fcr\u00fcyor. Geni\u015f oturma alan\u0131 ve yumu\u015fak minderleri ola\u011fan\u00fcst\u00fc konfor sunarken, birinci s\u0131n\u0131f malzemeleri ve sa\u011flam yap\u0131s\u0131 uzun \u00f6m\u00fcrl\u00fc bir dayan\u0131kl\u0131l\u0131k sa\u011fl\u0131yor. Zarif detaylar\u0131 ve \u00e7a\u011fda\u015f siluetiyle, her i\u00e7 mekana sofistike bir dokunu\u015f kat\u0131yor.<\/p>","protected":false},"featured_media":253,"comment_status":"open","ping_status":"closed","template":"","meta":[],"product_brand":[],"product_cat":[19],"product_tag":[],"class_list":{"0":"post-251","1":"product","2":"type-product","3":"status-publish","4":"has-post-thumbnail","6":"product_cat-living-rooms","8":"first","9":"instock","10":"shipping-taxable","11":"product-type-simple"},"yoast_head":"<!-- This site is optimized with the Yoast SEO plugin v27.3 - https:\/\/yoast.com\/product\/yoast-seo-wordpress\/ -->\n<title>Quarry Living Room - Homesse Furniture<\/title>\n<meta name=\"robots\" content=\"index, follow, max-snippet:-1, max-image-preview:large, max-video-preview:-1\" \/>\n<link rel=\"canonical\" href=\"https:\/\/homesse.com.tr\/tr\/urun\/quarry-living-room\/\" \/>\n<meta property=\"og:locale\" content=\"tr_TR\" \/>\n<meta property=\"og:type\" content=\"article\" \/>\n<meta property=\"og:title\" content=\"Quarry Living Room - Homesse Furniture\" \/>\n<meta property=\"og:description\" content=\"Featuring a modern aesthetic and timeless elegance, the Quarry Living Room transforms your space into a stylish and comfortable retreat. Its spacious seating and soft cushions offer exceptional comfort, while premium materials and a sturdy structure ensure lasting durability. With refined details and a contemporary silhouette, it enhances any interior with a sophisticated touch.\" \/>\n<meta property=\"og:url\" content=\"https:\/\/homesse.com.tr\/tr\/urun\/quarry-living-room\/\" \/>\n<meta property=\"og:site_name\" content=\"Homesse Furniture\" \/>\n<meta property=\"article:publisher\" content=\"https:\/\/www.facebook.com\/homessecomtr\" \/>\n<meta property=\"og:image\" content=\"https:\/\/homesse.com.tr\/wp-content\/uploads\/2025\/09\/quarry-living-room-250925-2.jpg\" \/>\n\t<meta property=\"og:image:width\" content=\"1600\" \/>\n\t<meta property=\"og:image:height\" content=\"1200\" \/>\n\t<meta property=\"og:image:type\" content=\"image\/jpeg\" \/>\n<meta name=\"twitter:card\" content=\"summary_large_image\" \/>\n<meta name=\"twitter:label1\" content=\"Tahmini okuma s\u00fcresi\" \/>\n\t<meta name=\"twitter:data1\" content=\"2 dakika\" \/>\n<script type=\"application\/ld+json\" class=\"yoast-schema-graph\">{\"@context\":\"https:\\\/\\\/schema.org\",\"@graph\":[{\"@type\":\"WebPage\",\"@id\":\"https:\\\/\\\/homesse.com.tr\\\/product\\\/quarry-living-room\\\/\",\"url\":\"https:\\\/\\\/homesse.com.tr\\\/product\\\/quarry-living-room\\\/\",\"name\":\"Quarry Living Room - Homesse Furniture\",\"isPartOf\":{\"@id\":\"https:\\\/\\\/homesse.com.tr\\\/#website\"},\"primaryImageOfPage\":{\"@id\":\"https:\\\/\\\/homesse.com.tr\\\/product\\\/quarry-living-room\\\/#primaryimage\"},\"image\":{\"@id\":\"https:\\\/\\\/homesse.com.tr\\\/product\\\/quarry-living-room\\\/#primaryimage\"},\"thumbnailUrl\":\"https:\\\/\\\/homesse.com.tr\\\/wp-content\\\/uploads\\\/2025\\\/09\\\/quarry-living-room-250925-2.jpg\",\"datePublished\":\"2025-09-25T08:50:07+00:00\",\"breadcrumb\":{\"@id\":\"https:\\\/\\\/homesse.com.tr\\\/product\\\/quarry-living-room\\\/#breadcrumb\"},\"inLanguage\":\"tr\",\"potentialAction\":[{\"@type\":\"ReadAction\",\"target\":[\"https:\\\/\\\/homesse.com.tr\\\/product\\\/quarry-living-room\\\/\"]}]},{\"@type\":\"ImageObject\",\"inLanguage\":\"tr\",\"@id\":\"https:\\\/\\\/homesse.com.tr\\\/product\\\/quarry-living-room\\\/#primaryimage\",\"url\":\"https:\\\/\\\/homesse.com.tr\\\/wp-content\\\/uploads\\\/2025\\\/09\\\/quarry-living-room-250925-2.jpg\",\"contentUrl\":\"https:\\\/\\\/homesse.com.tr\\\/wp-content\\\/uploads\\\/2025\\\/09\\\/quarry-living-room-250925-2.jpg\",\"width\":1600,\"height\":1200,\"caption\":\"quarry living room 250925 2\"},{\"@type\":\"BreadcrumbList\",\"@id\":\"https:\\\/\\\/homesse.com.tr\\\/product\\\/quarry-living-room\\\/#breadcrumb\",\"itemListElement\":[{\"@type\":\"ListItem\",\"position\":1,\"name\":\"Home\",\"item\":\"https:\\\/\\\/homesse.com.tr\\\/\"},{\"@type\":\"ListItem\",\"position\":2,\"name\":\"Products\",\"item\":\"https:\\\/\\\/homesse.com.tr\\\/shop\\\/\"},{\"@type\":\"ListItem\",\"position\":3,\"name\":\"Quarry Living Room\"}]},{\"@type\":\"WebSite\",\"@id\":\"https:\\\/\\\/homesse.com.tr\\\/#website\",\"url\":\"https:\\\/\\\/homesse.com.tr\\\/\",\"name\":\"Homesse Furniture\",\"description\":\"\",\"publisher\":{\"@id\":\"https:\\\/\\\/homesse.com.tr\\\/#organization\"},\"potentialAction\":[{\"@type\":\"SearchAction\",\"target\":{\"@type\":\"EntryPoint\",\"urlTemplate\":\"https:\\\/\\\/homesse.com.tr\\\/?s={search_term_string}\"},\"query-input\":{\"@type\":\"PropertyValueSpecification\",\"valueRequired\":true,\"valueName\":\"search_term_string\"}}],\"inLanguage\":\"tr\"},{\"@type\":\"Organization\",\"@id\":\"https:\\\/\\\/homesse.com.tr\\\/#organization\",\"name\":\"Homesse - Furniture Design\",\"url\":\"https:\\\/\\\/homesse.com.tr\\\/\",\"logo\":{\"@type\":\"ImageObject\",\"inLanguage\":\"tr\",\"@id\":\"https:\\\/\\\/homesse.com.tr\\\/#\\\/schema\\\/logo\\\/image\\\/\",\"url\":\"https:\\\/\\\/homesse.com.tr\\\/wp-content\\\/uploads\\\/2025\\\/09\\\/homesse-black-logo-220825-1.png\",\"contentUrl\":\"https:\\\/\\\/homesse.com.tr\\\/wp-content\\\/uploads\\\/2025\\\/09\\\/homesse-black-logo-220825-1.png\",\"width\":1433,\"height\":411,\"caption\":\"Homesse - Furniture Design\"},\"image\":{\"@id\":\"https:\\\/\\\/homesse.com.tr\\\/#\\\/schema\\\/logo\\\/image\\\/\"},\"sameAs\":[\"https:\\\/\\\/www.facebook.com\\\/homessecomtr\",\"https:\\\/\\\/www.instagram.com\\\/homesse\\\/\"]}]}<\/script>\n<!-- \/ Yoast SEO plugin. -->","yoast_head_json":{"title":"Quarry Living Room - Homesse Furniture","robots":{"index":"index","follow":"follow","max-snippet":"max-snippet:-1","max-image-preview":"max-image-preview:large","max-video-preview":"max-video-preview:-1"},"canonical":"https:\/\/homesse.com.tr\/tr\/urun\/quarry-living-room\/","og_locale":"tr_TR","og_type":"article","og_title":"Quarry Living Room - Homesse Furniture","og_description":"Featuring a modern aesthetic and timeless elegance, the Quarry Living Room transforms your space into a stylish and comfortable retreat. Its spacious seating and soft cushions offer exceptional comfort, while premium materials and a sturdy structure ensure lasting durability. With refined details and a contemporary silhouette, it enhances any interior with a sophisticated touch.","og_url":"https:\/\/homesse.com.tr\/tr\/urun\/quarry-living-room\/","og_site_name":"Homesse Furniture","article_publisher":"https:\/\/www.facebook.com\/homessecomtr","og_image":[{"width":1600,"height":1200,"url":"https:\/\/homesse.com.tr\/wp-content\/uploads\/2025\/09\/quarry-living-room-250925-2.jpg","type":"image\/jpeg"}],"twitter_card":"summary_large_image","twitter_misc":{"Tahmini okuma s\u00fcresi":"2 dakika"},"schema":{"@context":"https:\/\/schema.org","@graph":[{"@type":"WebPage","@id":"https:\/\/homesse.com.tr\/product\/quarry-living-room\/","url":"https:\/\/homesse.com.tr\/product\/quarry-living-room\/","name":"Quarry Living Room - Homesse Furniture","isPartOf":{"@id":"https:\/\/homesse.com.tr\/#website"},"primaryImageOfPage":{"@id":"https:\/\/homesse.com.tr\/product\/quarry-living-room\/#primaryimage"},"image":{"@id":"https:\/\/homesse.com.tr\/product\/quarry-living-room\/#primaryimage"},"thumbnailUrl":"https:\/\/homesse.com.tr\/wp-content\/uploads\/2025\/09\/quarry-living-room-250925-2.jpg","datePublished":"2025-09-25T08:50:07+00:00","breadcrumb":{"@id":"https:\/\/homesse.com.tr\/product\/quarry-living-room\/#breadcrumb"},"inLanguage":"tr","potentialAction":[{"@type":"ReadAction","target":["https:\/\/homesse.com.tr\/product\/quarry-living-room\/"]}]},{"@type":"ImageObject","inLanguage":"tr","@id":"https:\/\/homesse.com.tr\/product\/quarry-living-room\/#primaryimage","url":"https:\/\/homesse.com.tr\/wp-content\/uploads\/2025\/09\/quarry-living-room-250925-2.jpg","contentUrl":"https:\/\/homesse.com.tr\/wp-content\/uploads\/2025\/09\/quarry-living-room-250925-2.jpg","width":1600,"height":1200,"caption":"quarry living room 250925 2"},{"@type":"BreadcrumbList","@id":"https:\/\/homesse.com.tr\/product\/quarry-living-room\/#breadcrumb","itemListElement":[{"@type":"ListItem","position":1,"name":"Home","item":"https:\/\/homesse.com.tr\/"},{"@type":"ListItem","position":2,"name":"Products","item":"https:\/\/homesse.com.tr\/shop\/"},{"@type":"ListItem","position":3,"name":"Quarry Living Room"}]},{"@type":"WebSite","@id":"https:\/\/homesse.com.tr\/#website","url":"https:\/\/homesse.com.tr\/","name":"Ev Mobilyas\u0131","description":"","publisher":{"@id":"https:\/\/homesse.com.tr\/#organization"},"potentialAction":[{"@type":"SearchAction","target":{"@type":"EntryPoint","urlTemplate":"https:\/\/homesse.com.tr\/?s={search_term_string}"},"query-input":{"@type":"PropertyValueSpecification","valueRequired":true,"valueName":"search_term_string"}}],"inLanguage":"tr"},{"@type":"Organization","@id":"https:\/\/homesse.com.tr\/#organization","name":"Homesse-Mobilya Tasar\u0131m\u0131","url":"https:\/\/homesse.com.tr\/","logo":{"@type":"ImageObject","inLanguage":"tr","@id":"https:\/\/homesse.com.tr\/#\/schema\/logo\/image\/","url":"https:\/\/homesse.com.tr\/wp-content\/uploads\/2025\/09\/homesse-black-logo-220825-1.png","contentUrl":"https:\/\/homesse.com.tr\/wp-content\/uploads\/2025\/09\/homesse-black-logo-220825-1.png","width":1433,"height":411,"caption":"Homesse - Furniture Design"},"image":{"@id":"https:\/\/homesse.com.tr\/#\/schema\/logo\/image\/"},"sameAs":["https:\/\/www.facebook.com\/homessecomtr","https:\/\/www.instagram.com\/homesse\/"]}]}},"_links":{"self":[{"href":"https:\/\/homesse.com.tr\/tr\/wp-json\/wp\/v2\/product\/251","targetHints":{"allow":["GET"]}}],"collection":[{"href":"https:\/\/homesse.com.tr\/tr\/wp-json\/wp\/v2\/product"}],"about":[{"href":"https:\/\/homesse.com.tr\/tr\/wp-json\/wp\/v2\/types\/product"}],"replies":[{"embeddable":true,"href":"https:\/\/homesse.com.tr\/tr\/wp-json\/wp\/v2\/comments?post=251"}],"wp:featuredmedia":[{"embeddable":true,"href":"https:\/\/homesse.com.tr\/tr\/wp-json\/wp\/v2\/media\/253"}],"wp:attachment":[{"href":"https:\/\/homesse.com.tr\/tr\/wp-json\/wp\/v2\/media?parent=251"}],"wp:term":[{"taxonomy":"product_brand","embeddable":true,"href":"https:\/\/homesse.com.tr\/tr\/wp-json\/wp\/v2\/product_brand?post=251"},{"taxonomy":"product_cat","embeddable":true,"href":"https:\/\/homesse.com.tr\/tr\/wp-json\/wp\/v2\/product_cat?post=251"},{"taxonomy":"product_tag","embeddable":true,"href":"https:\/\/homesse.com.tr\/tr\/wp-json\/wp\/v2\/product_tag?post=251"}],"curies":[{"name":"wp","href":"https:\/\/api.w.org\/{rel}","templated":true}]}}