{"id":283,"date":"2025-09-25T12:26:53","date_gmt":"2025-09-25T12:26:53","guid":{"rendered":"https:\/\/brown-turtle-396044.hostingersite.com\/?post_type=product&#038;p=283"},"modified":"2025-09-25T12:28:55","modified_gmt":"2025-09-25T12:28:55","slug":"canyon-living-room-v2","status":"publish","type":"product","link":"https:\/\/homesse.com.tr\/tr\/urun\/canyon-living-room-v2\/","title":{"rendered":"Canyon Ya\u015fam Odas\u0131 V2"},"content":{"rendered":"<div class=\"wpb-content-wrapper\"><div id=\"main-images-row\" class=\"vc_row wpb_row vc_row-fluid wd-rs-68d1ad9d6e900\"><div class=\"wpb_column vc_column_container vc_col-sm-12\"><div class=\"vc_column-inner\"><div class=\"wpb_wrapper\">\t\t<div id=\"gallery_574\" class=\"wd-images-gallery wd-wpb wd-rs-68d534d81529c photoswipe-images\" style=\"--wd-justify-content:center;--wd-align-items:center;\">\n\t\t\t\n\t\t\t<div class=\"wd-grid-f-col wd-masonry\" style=\"--wd-col-lg:2;--wd-col-md:2;--wd-col-sm:1;--wd-gap-lg:20px;--wd-gap-sm:10px;\">\n\t\t\t\t\n\t\t\t\t\t\t\t\t\t\t\t\t\t\t\t<div class=\"wd-gallery-item wd-col\">\n\t\t\t\t\t\t\t\t\t\t\t\t\t\t<a href=\"https:\/\/homesse.com.tr\/wp-content\/uploads\/2025\/09\/canyon-living-room-v2-250925-2.jpg\" data-elementor-open-lightbox=\"no\" data-index=\"1\" data-width=\"1600\" data-height=\"1170\" \n\t\t\t\t\t\t\t\t\t\t\t\t >\n\t\t\t\t\t\t\t\t\n\t\t\t\t\t\t\t\t<img loading=\"lazy\" decoding=\"async\" width=\"1600\" height=\"1170\" src=\"https:\/\/homesse.com.tr\/wp-content\/uploads\/2025\/09\/canyon-living-room-v2-250925-2.jpg\" class=\"wd-gallery-image image-1\" alt=\"canyon living room v2 250925 2\" srcset=\"https:\/\/homesse.com.tr\/wp-content\/uploads\/2025\/09\/canyon-living-room-v2-250925-2.jpg 1600w, https:\/\/homesse.com.tr\/wp-content\/uploads\/2025\/09\/canyon-living-room-v2-250925-2-300x219.jpg 300w, https:\/\/homesse.com.tr\/wp-content\/uploads\/2025\/09\/canyon-living-room-v2-250925-2-1024x749.jpg 1024w, https:\/\/homesse.com.tr\/wp-content\/uploads\/2025\/09\/canyon-living-room-v2-250925-2-768x562.jpg 768w, https:\/\/homesse.com.tr\/wp-content\/uploads\/2025\/09\/canyon-living-room-v2-250925-2-1536x1123.jpg 1536w, https:\/\/homesse.com.tr\/wp-content\/uploads\/2025\/09\/canyon-living-room-v2-250925-2-600x439.jpg 600w, https:\/\/homesse.com.tr\/wp-content\/uploads\/2025\/09\/canyon-living-room-v2-250925-2-150x110.jpg 150w\" sizes=\"auto, (max-width: 1600px) 100vw, 1600px\" \/>\n\t\t\t\t\t\t\t\t\t\t\t\t\t\t\t<\/a>\n\t\t\t\t\t\t\t\t\t\t\t\t<\/div>\n\t\t\t\t\t\t\t\t\t\t\t<div class=\"wd-gallery-item wd-col\">\n\t\t\t\t\t\t\t\t\t\t\t\t\t\t<a href=\"https:\/\/homesse.com.tr\/wp-content\/uploads\/2025\/09\/canyon-living-room-v2-250925-1.jpg\" data-elementor-open-lightbox=\"no\" data-index=\"2\" data-width=\"1160\" data-height=\"1600\" \n\t\t\t\t\t\t\t\t\t\t\t\t >\n\t\t\t\t\t\t\t\t\n\t\t\t\t\t\t\t\t<img loading=\"lazy\" decoding=\"async\" width=\"1160\" height=\"1600\" src=\"https:\/\/homesse.com.tr\/wp-content\/uploads\/2025\/09\/canyon-living-room-v2-250925-1.jpg\" class=\"wd-gallery-image image-2\" alt=\"canyon living room v2 250925 1\" srcset=\"https:\/\/homesse.com.tr\/wp-content\/uploads\/2025\/09\/canyon-living-room-v2-250925-1.jpg 1160w, https:\/\/homesse.com.tr\/wp-content\/uploads\/2025\/09\/canyon-living-room-v2-250925-1-218x300.jpg 218w, https:\/\/homesse.com.tr\/wp-content\/uploads\/2025\/09\/canyon-living-room-v2-250925-1-742x1024.jpg 742w, https:\/\/homesse.com.tr\/wp-content\/uploads\/2025\/09\/canyon-living-room-v2-250925-1-768x1059.jpg 768w, https:\/\/homesse.com.tr\/wp-content\/uploads\/2025\/09\/canyon-living-room-v2-250925-1-1114x1536.jpg 1114w, https:\/\/homesse.com.tr\/wp-content\/uploads\/2025\/09\/canyon-living-room-v2-250925-1-300x414.jpg 300w, https:\/\/homesse.com.tr\/wp-content\/uploads\/2025\/09\/canyon-living-room-v2-250925-1-600x828.jpg 600w, https:\/\/homesse.com.tr\/wp-content\/uploads\/2025\/09\/canyon-living-room-v2-250925-1-150x207.jpg 150w\" sizes=\"auto, (max-width: 1160px) 100vw, 1160px\" \/>\n\t\t\t\t\t\t\t\t\t\t\t\t\t\t\t<\/a>\n\t\t\t\t\t\t\t\t\t\t\t\t<\/div>\n\t\t\t\t\t\t\t\t\t\t\t<div class=\"wd-gallery-item wd-col\">\n\t\t\t\t\t\t\t\t\t\t\t\t\t\t<a href=\"https:\/\/homesse.com.tr\/wp-content\/uploads\/2025\/09\/canyon-living-room-v2-250925-3.jpg\" data-elementor-open-lightbox=\"no\" data-index=\"3\" data-width=\"1600\" data-height=\"1216\" \n\t\t\t\t\t\t\t\t\t\t\t\t >\n\t\t\t\t\t\t\t\t\n\t\t\t\t\t\t\t\t<img loading=\"lazy\" decoding=\"async\" width=\"1600\" height=\"1216\" src=\"https:\/\/homesse.com.tr\/wp-content\/uploads\/2025\/09\/canyon-living-room-v2-250925-3.jpg\" class=\"wd-gallery-image image-3\" alt=\"canyon living room v2 250925 3\" srcset=\"https:\/\/homesse.com.tr\/wp-content\/uploads\/2025\/09\/canyon-living-room-v2-250925-3.jpg 1600w, https:\/\/homesse.com.tr\/wp-content\/uploads\/2025\/09\/canyon-living-room-v2-250925-3-300x228.jpg 300w, https:\/\/homesse.com.tr\/wp-content\/uploads\/2025\/09\/canyon-living-room-v2-250925-3-1024x778.jpg 1024w, https:\/\/homesse.com.tr\/wp-content\/uploads\/2025\/09\/canyon-living-room-v2-250925-3-768x584.jpg 768w, https:\/\/homesse.com.tr\/wp-content\/uploads\/2025\/09\/canyon-living-room-v2-250925-3-1536x1167.jpg 1536w, https:\/\/homesse.com.tr\/wp-content\/uploads\/2025\/09\/canyon-living-room-v2-250925-3-600x456.jpg 600w, https:\/\/homesse.com.tr\/wp-content\/uploads\/2025\/09\/canyon-living-room-v2-250925-3-150x114.jpg 150w\" sizes=\"auto, (max-width: 1600px) 100vw, 1600px\" \/>\n\t\t\t\t\t\t\t\t\t\t\t\t\t\t\t<\/a>\n\t\t\t\t\t\t\t\t\t\t\t\t<\/div>\n\t\t\t\t\t\t\t\t\t\t\t<div class=\"wd-gallery-item wd-col\">\n\t\t\t\t\t\t\t\t\t\t\t\t\t\t<a href=\"https:\/\/homesse.com.tr\/wp-content\/uploads\/2025\/09\/canyon-living-room-v2-250925-5.jpg\" data-elementor-open-lightbox=\"no\" data-index=\"4\" data-width=\"1165\" data-height=\"1600\" \n\t\t\t\t\t\t\t\t\t\t\t\t >\n\t\t\t\t\t\t\t\t\n\t\t\t\t\t\t\t\t<img loading=\"lazy\" decoding=\"async\" width=\"1165\" height=\"1600\" src=\"https:\/\/homesse.com.tr\/wp-content\/uploads\/2025\/09\/canyon-living-room-v2-250925-5.jpg\" class=\"wd-gallery-image image-4\" alt=\"canyon living room v2 250925 5\" srcset=\"https:\/\/homesse.com.tr\/wp-content\/uploads\/2025\/09\/canyon-living-room-v2-250925-5.jpg 1165w, https:\/\/homesse.com.tr\/wp-content\/uploads\/2025\/09\/canyon-living-room-v2-250925-5-218x300.jpg 218w, https:\/\/homesse.com.tr\/wp-content\/uploads\/2025\/09\/canyon-living-room-v2-250925-5-746x1024.jpg 746w, https:\/\/homesse.com.tr\/wp-content\/uploads\/2025\/09\/canyon-living-room-v2-250925-5-768x1055.jpg 768w, https:\/\/homesse.com.tr\/wp-content\/uploads\/2025\/09\/canyon-living-room-v2-250925-5-1118x1536.jpg 1118w, https:\/\/homesse.com.tr\/wp-content\/uploads\/2025\/09\/canyon-living-room-v2-250925-5-300x412.jpg 300w, https:\/\/homesse.com.tr\/wp-content\/uploads\/2025\/09\/canyon-living-room-v2-250925-5-600x824.jpg 600w, https:\/\/homesse.com.tr\/wp-content\/uploads\/2025\/09\/canyon-living-room-v2-250925-5-150x206.jpg 150w\" sizes=\"auto, (max-width: 1165px) 100vw, 1165px\" \/>\n\t\t\t\t\t\t\t\t\t\t\t\t\t\t\t<\/a>\n\t\t\t\t\t\t\t\t\t\t\t\t<\/div>\n\t\t\t\t\t\t\t\t\t\t\t<div class=\"wd-gallery-item wd-col\">\n\t\t\t\t\t\t\t\t\t\t\t\t\t\t<a href=\"https:\/\/homesse.com.tr\/wp-content\/uploads\/2025\/09\/canyon-living-room-v2-250925-6.jpg\" data-elementor-open-lightbox=\"no\" data-index=\"5\" data-width=\"1159\" data-height=\"1600\" \n\t\t\t\t\t\t\t\t\t\t\t\t >\n\t\t\t\t\t\t\t\t\n\t\t\t\t\t\t\t\t<img loading=\"lazy\" decoding=\"async\" width=\"1159\" height=\"1600\" src=\"https:\/\/homesse.com.tr\/wp-content\/uploads\/2025\/09\/canyon-living-room-v2-250925-6.jpg\" class=\"wd-gallery-image image-5\" alt=\"canyon living room v2 250925 6\" srcset=\"https:\/\/homesse.com.tr\/wp-content\/uploads\/2025\/09\/canyon-living-room-v2-250925-6.jpg 1159w, https:\/\/homesse.com.tr\/wp-content\/uploads\/2025\/09\/canyon-living-room-v2-250925-6-217x300.jpg 217w, https:\/\/homesse.com.tr\/wp-content\/uploads\/2025\/09\/canyon-living-room-v2-250925-6-742x1024.jpg 742w, https:\/\/homesse.com.tr\/wp-content\/uploads\/2025\/09\/canyon-living-room-v2-250925-6-768x1060.jpg 768w, https:\/\/homesse.com.tr\/wp-content\/uploads\/2025\/09\/canyon-living-room-v2-250925-6-1113x1536.jpg 1113w, https:\/\/homesse.com.tr\/wp-content\/uploads\/2025\/09\/canyon-living-room-v2-250925-6-300x414.jpg 300w, https:\/\/homesse.com.tr\/wp-content\/uploads\/2025\/09\/canyon-living-room-v2-250925-6-600x828.jpg 600w, https:\/\/homesse.com.tr\/wp-content\/uploads\/2025\/09\/canyon-living-room-v2-250925-6-150x207.jpg 150w\" sizes=\"auto, (max-width: 1159px) 100vw, 1159px\" \/>\n\t\t\t\t\t\t\t\t\t\t\t\t\t\t\t<\/a>\n\t\t\t\t\t\t\t\t\t\t\t\t<\/div>\n\t\t\t\t\t\t\t\t\t\t\t<div class=\"wd-gallery-item wd-col\">\n\t\t\t\t\t\t\t\t\t\t\t\t\t\t<a href=\"https:\/\/homesse.com.tr\/wp-content\/uploads\/2025\/09\/canyon-living-room-v2-250925-4.jpg\" data-elementor-open-lightbox=\"no\" data-index=\"6\" data-width=\"1600\" data-height=\"1200\" \n\t\t\t\t\t\t\t\t\t\t\t\t >\n\t\t\t\t\t\t\t\t\n\t\t\t\t\t\t\t\t<img loading=\"lazy\" decoding=\"async\" width=\"1600\" height=\"1200\" src=\"https:\/\/homesse.com.tr\/wp-content\/uploads\/2025\/09\/canyon-living-room-v2-250925-4.jpg\" class=\"wd-gallery-image image-6\" alt=\"canyon living room v2 250925 4\" srcset=\"https:\/\/homesse.com.tr\/wp-content\/uploads\/2025\/09\/canyon-living-room-v2-250925-4.jpg 1600w, https:\/\/homesse.com.tr\/wp-content\/uploads\/2025\/09\/canyon-living-room-v2-250925-4-300x225.jpg 300w, https:\/\/homesse.com.tr\/wp-content\/uploads\/2025\/09\/canyon-living-room-v2-250925-4-1024x768.jpg 1024w, https:\/\/homesse.com.tr\/wp-content\/uploads\/2025\/09\/canyon-living-room-v2-250925-4-768x576.jpg 768w, https:\/\/homesse.com.tr\/wp-content\/uploads\/2025\/09\/canyon-living-room-v2-250925-4-1536x1152.jpg 1536w, https:\/\/homesse.com.tr\/wp-content\/uploads\/2025\/09\/canyon-living-room-v2-250925-4-600x450.jpg 600w, https:\/\/homesse.com.tr\/wp-content\/uploads\/2025\/09\/canyon-living-room-v2-250925-4-150x113.jpg 150w\" sizes=\"auto, (max-width: 1600px) 100vw, 1600px\" \/>\n\t\t\t\t\t\t\t\t\t\t\t\t\t\t\t<\/a>\n\t\t\t\t\t\t\t\t\t\t\t\t<\/div>\n\t\t\t\t\t\t\t\t\t\n\t\t\t\t\t\t\t<\/div>\n\n\t\t\t\t\t<\/div>\n\t\t<\/div><\/div><\/div><\/div>\n<\/div>","protected":false},"excerpt":{"rendered":"<p>\u00c7a\u011fda\u015f zarafeti g\u00fcnl\u00fck konforla harmanlayan Canyon Oturma Odas\u0131 V2, mekan\u0131n\u0131z\u0131 \u015f\u0131k ve davetkar bir dinlenme alan\u0131na d\u00f6n\u00fc\u015ft\u00fcr\u00fcyor. Geni\u015f oturma alan\u0131 ve yumu\u015fak minderleri \u00fcst\u00fcn bir rahatlama sa\u011flarken, y\u00fcksek kaliteli malzemeleri ve dayan\u0131kl\u0131 iskeleti uzun \u00f6m\u00fcrl\u00fc kullan\u0131m sa\u011fl\u0131yor. Zarif detaylar\u0131 ve modern siluetiyle her i\u00e7 mekana sofistike bir dokunu\u015f kat\u0131yor.<\/p>","protected":false},"featured_media":290,"comment_status":"open","ping_status":"closed","template":"","meta":[],"product_brand":[],"product_cat":[19],"product_tag":[],"class_list":{"0":"post-283","1":"product","2":"type-product","3":"status-publish","4":"has-post-thumbnail","6":"product_cat-living-rooms","8":"first","9":"instock","10":"shipping-taxable","11":"product-type-simple"},"yoast_head":"<!-- This site is optimized with the Yoast SEO plugin v27.3 - https:\/\/yoast.com\/product\/yoast-seo-wordpress\/ -->\n<title>Canyon Living Room V2 - Homesse Furniture<\/title>\n<meta name=\"robots\" content=\"index, follow, max-snippet:-1, max-image-preview:large, max-video-preview:-1\" \/>\n<link rel=\"canonical\" href=\"https:\/\/homesse.com.tr\/tr\/urun\/canyon-living-room-v2\/\" \/>\n<meta property=\"og:locale\" content=\"tr_TR\" \/>\n<meta property=\"og:type\" content=\"article\" \/>\n<meta property=\"og:title\" content=\"Canyon Living Room V2 - Homesse Furniture\" \/>\n<meta property=\"og:description\" content=\"Blending contemporary elegance with everyday comfort, the Canyon Living Room V2 transforms your space into a stylish and welcoming retreat. Its spacious seating and plush cushions provide superior relaxation, while high-quality materials and a durable frame ensure long-lasting use. With its refined details and modern silhouette, it adds a sophisticated touch to any interior.\" \/>\n<meta property=\"og:url\" content=\"https:\/\/homesse.com.tr\/tr\/urun\/canyon-living-room-v2\/\" \/>\n<meta property=\"og:site_name\" content=\"Homesse Furniture\" \/>\n<meta property=\"article:publisher\" content=\"https:\/\/www.facebook.com\/homessecomtr\" \/>\n<meta property=\"article:modified_time\" content=\"2025-09-25T12:28:55+00:00\" \/>\n<meta property=\"og:image\" content=\"https:\/\/homesse.com.tr\/wp-content\/uploads\/2025\/09\/canyon-living-room-v2-250925-7.jpg\" \/>\n\t<meta property=\"og:image:width\" content=\"1600\" \/>\n\t<meta property=\"og:image:height\" content=\"1200\" \/>\n\t<meta property=\"og:image:type\" content=\"image\/jpeg\" \/>\n<meta name=\"twitter:card\" content=\"summary_large_image\" \/>\n<meta name=\"twitter:label1\" content=\"Tahmini okuma s\u00fcresi\" \/>\n\t<meta name=\"twitter:data1\" content=\"1 dakika\" \/>\n<script type=\"application\/ld+json\" class=\"yoast-schema-graph\">{\"@context\":\"https:\\\/\\\/schema.org\",\"@graph\":[{\"@type\":\"WebPage\",\"@id\":\"https:\\\/\\\/homesse.com.tr\\\/product\\\/canyon-living-room-v2\\\/\",\"url\":\"https:\\\/\\\/homesse.com.tr\\\/product\\\/canyon-living-room-v2\\\/\",\"name\":\"Canyon Living Room V2 - Homesse Furniture\",\"isPartOf\":{\"@id\":\"https:\\\/\\\/homesse.com.tr\\\/#website\"},\"primaryImageOfPage\":{\"@id\":\"https:\\\/\\\/homesse.com.tr\\\/product\\\/canyon-living-room-v2\\\/#primaryimage\"},\"image\":{\"@id\":\"https:\\\/\\\/homesse.com.tr\\\/product\\\/canyon-living-room-v2\\\/#primaryimage\"},\"thumbnailUrl\":\"https:\\\/\\\/homesse.com.tr\\\/wp-content\\\/uploads\\\/2025\\\/09\\\/canyon-living-room-v2-250925-7.jpg\",\"datePublished\":\"2025-09-25T12:26:53+00:00\",\"dateModified\":\"2025-09-25T12:28:55+00:00\",\"breadcrumb\":{\"@id\":\"https:\\\/\\\/homesse.com.tr\\\/product\\\/canyon-living-room-v2\\\/#breadcrumb\"},\"inLanguage\":\"tr\",\"potentialAction\":[{\"@type\":\"ReadAction\",\"target\":[\"https:\\\/\\\/homesse.com.tr\\\/product\\\/canyon-living-room-v2\\\/\"]}]},{\"@type\":\"ImageObject\",\"inLanguage\":\"tr\",\"@id\":\"https:\\\/\\\/homesse.com.tr\\\/product\\\/canyon-living-room-v2\\\/#primaryimage\",\"url\":\"https:\\\/\\\/homesse.com.tr\\\/wp-content\\\/uploads\\\/2025\\\/09\\\/canyon-living-room-v2-250925-7.jpg\",\"contentUrl\":\"https:\\\/\\\/homesse.com.tr\\\/wp-content\\\/uploads\\\/2025\\\/09\\\/canyon-living-room-v2-250925-7.jpg\",\"width\":1600,\"height\":1200,\"caption\":\"canyon living room v2 250925 7\"},{\"@type\":\"BreadcrumbList\",\"@id\":\"https:\\\/\\\/homesse.com.tr\\\/product\\\/canyon-living-room-v2\\\/#breadcrumb\",\"itemListElement\":[{\"@type\":\"ListItem\",\"position\":1,\"name\":\"Home\",\"item\":\"https:\\\/\\\/homesse.com.tr\\\/\"},{\"@type\":\"ListItem\",\"position\":2,\"name\":\"Products\",\"item\":\"https:\\\/\\\/homesse.com.tr\\\/shop\\\/\"},{\"@type\":\"ListItem\",\"position\":3,\"name\":\"Canyon Living Room V2\"}]},{\"@type\":\"WebSite\",\"@id\":\"https:\\\/\\\/homesse.com.tr\\\/#website\",\"url\":\"https:\\\/\\\/homesse.com.tr\\\/\",\"name\":\"Homesse Furniture\",\"description\":\"\",\"publisher\":{\"@id\":\"https:\\\/\\\/homesse.com.tr\\\/#organization\"},\"potentialAction\":[{\"@type\":\"SearchAction\",\"target\":{\"@type\":\"EntryPoint\",\"urlTemplate\":\"https:\\\/\\\/homesse.com.tr\\\/?s={search_term_string}\"},\"query-input\":{\"@type\":\"PropertyValueSpecification\",\"valueRequired\":true,\"valueName\":\"search_term_string\"}}],\"inLanguage\":\"tr\"},{\"@type\":\"Organization\",\"@id\":\"https:\\\/\\\/homesse.com.tr\\\/#organization\",\"name\":\"Homesse - Furniture Design\",\"url\":\"https:\\\/\\\/homesse.com.tr\\\/\",\"logo\":{\"@type\":\"ImageObject\",\"inLanguage\":\"tr\",\"@id\":\"https:\\\/\\\/homesse.com.tr\\\/#\\\/schema\\\/logo\\\/image\\\/\",\"url\":\"https:\\\/\\\/homesse.com.tr\\\/wp-content\\\/uploads\\\/2025\\\/09\\\/homesse-black-logo-220825-1.png\",\"contentUrl\":\"https:\\\/\\\/homesse.com.tr\\\/wp-content\\\/uploads\\\/2025\\\/09\\\/homesse-black-logo-220825-1.png\",\"width\":1433,\"height\":411,\"caption\":\"Homesse - Furniture Design\"},\"image\":{\"@id\":\"https:\\\/\\\/homesse.com.tr\\\/#\\\/schema\\\/logo\\\/image\\\/\"},\"sameAs\":[\"https:\\\/\\\/www.facebook.com\\\/homessecomtr\",\"https:\\\/\\\/www.instagram.com\\\/homesse\\\/\"]}]}<\/script>\n<!-- \/ Yoast SEO plugin. -->","yoast_head_json":{"title":"Canyon Living Room V2 - Homesse Furniture","robots":{"index":"index","follow":"follow","max-snippet":"max-snippet:-1","max-image-preview":"max-image-preview:large","max-video-preview":"max-video-preview:-1"},"canonical":"https:\/\/homesse.com.tr\/tr\/urun\/canyon-living-room-v2\/","og_locale":"tr_TR","og_type":"article","og_title":"Canyon Living Room V2 - Homesse Furniture","og_description":"Blending contemporary elegance with everyday comfort, the Canyon Living Room V2 transforms your space into a stylish and welcoming retreat. Its spacious seating and plush cushions provide superior relaxation, while high-quality materials and a durable frame ensure long-lasting use. With its refined details and modern silhouette, it adds a sophisticated touch to any interior.","og_url":"https:\/\/homesse.com.tr\/tr\/urun\/canyon-living-room-v2\/","og_site_name":"Homesse Furniture","article_publisher":"https:\/\/www.facebook.com\/homessecomtr","article_modified_time":"2025-09-25T12:28:55+00:00","og_image":[{"width":1600,"height":1200,"url":"https:\/\/homesse.com.tr\/wp-content\/uploads\/2025\/09\/canyon-living-room-v2-250925-7.jpg","type":"image\/jpeg"}],"twitter_card":"summary_large_image","twitter_misc":{"Tahmini okuma s\u00fcresi":"1 dakika"},"schema":{"@context":"https:\/\/schema.org","@graph":[{"@type":"WebPage","@id":"https:\/\/homesse.com.tr\/product\/canyon-living-room-v2\/","url":"https:\/\/homesse.com.tr\/product\/canyon-living-room-v2\/","name":"Canyon Living Room V2 - Homesse Furniture","isPartOf":{"@id":"https:\/\/homesse.com.tr\/#website"},"primaryImageOfPage":{"@id":"https:\/\/homesse.com.tr\/product\/canyon-living-room-v2\/#primaryimage"},"image":{"@id":"https:\/\/homesse.com.tr\/product\/canyon-living-room-v2\/#primaryimage"},"thumbnailUrl":"https:\/\/homesse.com.tr\/wp-content\/uploads\/2025\/09\/canyon-living-room-v2-250925-7.jpg","datePublished":"2025-09-25T12:26:53+00:00","dateModified":"2025-09-25T12:28:55+00:00","breadcrumb":{"@id":"https:\/\/homesse.com.tr\/product\/canyon-living-room-v2\/#breadcrumb"},"inLanguage":"tr","potentialAction":[{"@type":"ReadAction","target":["https:\/\/homesse.com.tr\/product\/canyon-living-room-v2\/"]}]},{"@type":"ImageObject","inLanguage":"tr","@id":"https:\/\/homesse.com.tr\/product\/canyon-living-room-v2\/#primaryimage","url":"https:\/\/homesse.com.tr\/wp-content\/uploads\/2025\/09\/canyon-living-room-v2-250925-7.jpg","contentUrl":"https:\/\/homesse.com.tr\/wp-content\/uploads\/2025\/09\/canyon-living-room-v2-250925-7.jpg","width":1600,"height":1200,"caption":"canyon living room v2 250925 7"},{"@type":"BreadcrumbList","@id":"https:\/\/homesse.com.tr\/product\/canyon-living-room-v2\/#breadcrumb","itemListElement":[{"@type":"ListItem","position":1,"name":"Home","item":"https:\/\/homesse.com.tr\/"},{"@type":"ListItem","position":2,"name":"Products","item":"https:\/\/homesse.com.tr\/shop\/"},{"@type":"ListItem","position":3,"name":"Canyon Living Room V2"}]},{"@type":"WebSite","@id":"https:\/\/homesse.com.tr\/#website","url":"https:\/\/homesse.com.tr\/","name":"Ev Mobilyas\u0131","description":"","publisher":{"@id":"https:\/\/homesse.com.tr\/#organization"},"potentialAction":[{"@type":"SearchAction","target":{"@type":"EntryPoint","urlTemplate":"https:\/\/homesse.com.tr\/?s={search_term_string}"},"query-input":{"@type":"PropertyValueSpecification","valueRequired":true,"valueName":"search_term_string"}}],"inLanguage":"tr"},{"@type":"Organization","@id":"https:\/\/homesse.com.tr\/#organization","name":"Homesse-Mobilya Tasar\u0131m\u0131","url":"https:\/\/homesse.com.tr\/","logo":{"@type":"ImageObject","inLanguage":"tr","@id":"https:\/\/homesse.com.tr\/#\/schema\/logo\/image\/","url":"https:\/\/homesse.com.tr\/wp-content\/uploads\/2025\/09\/homesse-black-logo-220825-1.png","contentUrl":"https:\/\/homesse.com.tr\/wp-content\/uploads\/2025\/09\/homesse-black-logo-220825-1.png","width":1433,"height":411,"caption":"Homesse - Furniture Design"},"image":{"@id":"https:\/\/homesse.com.tr\/#\/schema\/logo\/image\/"},"sameAs":["https:\/\/www.facebook.com\/homessecomtr","https:\/\/www.instagram.com\/homesse\/"]}]}},"_links":{"self":[{"href":"https:\/\/homesse.com.tr\/tr\/wp-json\/wp\/v2\/product\/283","targetHints":{"allow":["GET"]}}],"collection":[{"href":"https:\/\/homesse.com.tr\/tr\/wp-json\/wp\/v2\/product"}],"about":[{"href":"https:\/\/homesse.com.tr\/tr\/wp-json\/wp\/v2\/types\/product"}],"replies":[{"embeddable":true,"href":"https:\/\/homesse.com.tr\/tr\/wp-json\/wp\/v2\/comments?post=283"}],"wp:featuredmedia":[{"embeddable":true,"href":"https:\/\/homesse.com.tr\/tr\/wp-json\/wp\/v2\/media\/290"}],"wp:attachment":[{"href":"https:\/\/homesse.com.tr\/tr\/wp-json\/wp\/v2\/media?parent=283"}],"wp:term":[{"taxonomy":"product_brand","embeddable":true,"href":"https:\/\/homesse.com.tr\/tr\/wp-json\/wp\/v2\/product_brand?post=283"},{"taxonomy":"product_cat","embeddable":true,"href":"https:\/\/homesse.com.tr\/tr\/wp-json\/wp\/v2\/product_cat?post=283"},{"taxonomy":"product_tag","embeddable":true,"href":"https:\/\/homesse.com.tr\/tr\/wp-json\/wp\/v2\/product_tag?post=283"}],"curies":[{"name":"wp","href":"https:\/\/api.w.org\/{rel}","templated":true}]}}