{"id":324,"date":"2025-09-26T14:48:38","date_gmt":"2025-09-26T14:48:38","guid":{"rendered":"https:\/\/brown-turtle-396044.hostingersite.com\/?post_type=product&#038;p=324"},"modified":"2025-09-26T14:48:38","modified_gmt":"2025-09-26T14:48:38","slug":"dining-table","status":"publish","type":"product","link":"https:\/\/homesse.com.tr\/tr\/urun\/dining-table\/","title":{"rendered":"Yemek Masas\u0131"},"content":{"rendered":"<div class=\"wpb-content-wrapper\"><div id=\"main-images-row\" class=\"vc_row wpb_row vc_row-fluid wd-rs-68d1ad9d6e900\"><div class=\"wpb_column vc_column_container vc_col-sm-12\"><div class=\"vc_column-inner\"><div class=\"wpb_wrapper\">\t\t<div id=\"gallery_729\" class=\"wd-images-gallery wd-wpb wd-rs-68d6a78768bf2 photoswipe-images\" style=\"--wd-justify-content:center;--wd-align-items:center;\">\n\t\t\t\n\t\t\t<div class=\"wd-grid-f-col wd-masonry\" style=\"--wd-col-lg:2;--wd-col-md:2;--wd-col-sm:1;--wd-gap-lg:20px;--wd-gap-sm:10px;\">\n\t\t\t\t\n\t\t\t\t\t\t\t\t\t\t\t\t\t\t\t<div class=\"wd-gallery-item wd-col\">\n\t\t\t\t\t\t\t\t\t\t\t\t\t\t<a href=\"https:\/\/homesse.com.tr\/wp-content\/uploads\/2025\/09\/omono-dining-room-260925-9.jpg\" data-elementor-open-lightbox=\"no\" data-index=\"1\" data-width=\"1600\" data-height=\"1200\" \n\t\t\t\t\t\t\t\t\t\t\t\t >\n\t\t\t\t\t\t\t\t\n\t\t\t\t\t\t\t\t<img loading=\"lazy\" decoding=\"async\" width=\"1600\" height=\"1200\" src=\"https:\/\/homesse.com.tr\/wp-content\/uploads\/2025\/09\/omono-dining-room-260925-9.jpg\" class=\"wd-gallery-image image-1\" alt=\"omono dining room 260925 9\" srcset=\"https:\/\/homesse.com.tr\/wp-content\/uploads\/2025\/09\/omono-dining-room-260925-9.jpg 1600w, https:\/\/homesse.com.tr\/wp-content\/uploads\/2025\/09\/omono-dining-room-260925-9-300x225.jpg 300w, https:\/\/homesse.com.tr\/wp-content\/uploads\/2025\/09\/omono-dining-room-260925-9-1024x768.jpg 1024w, https:\/\/homesse.com.tr\/wp-content\/uploads\/2025\/09\/omono-dining-room-260925-9-768x576.jpg 768w, https:\/\/homesse.com.tr\/wp-content\/uploads\/2025\/09\/omono-dining-room-260925-9-1536x1152.jpg 1536w, https:\/\/homesse.com.tr\/wp-content\/uploads\/2025\/09\/omono-dining-room-260925-9-600x450.jpg 600w, https:\/\/homesse.com.tr\/wp-content\/uploads\/2025\/09\/omono-dining-room-260925-9-150x113.jpg 150w\" sizes=\"auto, (max-width: 1600px) 100vw, 1600px\" \/>\n\t\t\t\t\t\t\t\t\t\t\t\t\t\t\t<\/a>\n\t\t\t\t\t\t\t\t\t\t\t\t<\/div>\n\t\t\t\t\t\t\t\t\t\t\t<div class=\"wd-gallery-item wd-col\">\n\t\t\t\t\t\t\t\t\t\t\t\t\t\t<a href=\"https:\/\/homesse.com.tr\/wp-content\/uploads\/2025\/09\/omono-dining-room-260925-4.jpg\" data-elementor-open-lightbox=\"no\" data-index=\"2\" data-width=\"1600\" data-height=\"900\" \n\t\t\t\t\t\t\t\t\t\t\t\t >\n\t\t\t\t\t\t\t\t\n\t\t\t\t\t\t\t\t<img loading=\"lazy\" decoding=\"async\" width=\"1600\" height=\"900\" src=\"https:\/\/homesse.com.tr\/wp-content\/uploads\/2025\/09\/omono-dining-room-260925-4.jpg\" class=\"wd-gallery-image image-2\" alt=\"omono dining room 260925 4\" srcset=\"https:\/\/homesse.com.tr\/wp-content\/uploads\/2025\/09\/omono-dining-room-260925-4.jpg 1600w, https:\/\/homesse.com.tr\/wp-content\/uploads\/2025\/09\/omono-dining-room-260925-4-300x169.jpg 300w, https:\/\/homesse.com.tr\/wp-content\/uploads\/2025\/09\/omono-dining-room-260925-4-1024x576.jpg 1024w, https:\/\/homesse.com.tr\/wp-content\/uploads\/2025\/09\/omono-dining-room-260925-4-768x432.jpg 768w, https:\/\/homesse.com.tr\/wp-content\/uploads\/2025\/09\/omono-dining-room-260925-4-1536x864.jpg 1536w, https:\/\/homesse.com.tr\/wp-content\/uploads\/2025\/09\/omono-dining-room-260925-4-600x338.jpg 600w, https:\/\/homesse.com.tr\/wp-content\/uploads\/2025\/09\/omono-dining-room-260925-4-150x84.jpg 150w\" sizes=\"auto, (max-width: 1600px) 100vw, 1600px\" \/>\n\t\t\t\t\t\t\t\t\t\t\t\t\t\t\t<\/a>\n\t\t\t\t\t\t\t\t\t\t\t\t<\/div>\n\t\t\t\t\t\t\t\t\t\t\t<div class=\"wd-gallery-item wd-col\">\n\t\t\t\t\t\t\t\t\t\t\t\t\t\t<a href=\"https:\/\/homesse.com.tr\/wp-content\/uploads\/2025\/09\/omono-dining-room-260925-7.jpg\" data-elementor-open-lightbox=\"no\" data-index=\"3\" data-width=\"1600\" data-height=\"1200\" \n\t\t\t\t\t\t\t\t\t\t\t\t >\n\t\t\t\t\t\t\t\t\n\t\t\t\t\t\t\t\t<img loading=\"lazy\" decoding=\"async\" width=\"1600\" height=\"1200\" src=\"https:\/\/homesse.com.tr\/wp-content\/uploads\/2025\/09\/omono-dining-room-260925-7.jpg\" class=\"wd-gallery-image image-3\" alt=\"omono dining room 260925 7\" srcset=\"https:\/\/homesse.com.tr\/wp-content\/uploads\/2025\/09\/omono-dining-room-260925-7.jpg 1600w, https:\/\/homesse.com.tr\/wp-content\/uploads\/2025\/09\/omono-dining-room-260925-7-300x225.jpg 300w, https:\/\/homesse.com.tr\/wp-content\/uploads\/2025\/09\/omono-dining-room-260925-7-1024x768.jpg 1024w, https:\/\/homesse.com.tr\/wp-content\/uploads\/2025\/09\/omono-dining-room-260925-7-768x576.jpg 768w, https:\/\/homesse.com.tr\/wp-content\/uploads\/2025\/09\/omono-dining-room-260925-7-1536x1152.jpg 1536w, https:\/\/homesse.com.tr\/wp-content\/uploads\/2025\/09\/omono-dining-room-260925-7-600x450.jpg 600w, https:\/\/homesse.com.tr\/wp-content\/uploads\/2025\/09\/omono-dining-room-260925-7-150x113.jpg 150w\" sizes=\"auto, (max-width: 1600px) 100vw, 1600px\" \/>\n\t\t\t\t\t\t\t\t\t\t\t\t\t\t\t<\/a>\n\t\t\t\t\t\t\t\t\t\t\t\t<\/div>\n\t\t\t\t\t\t\t\t\t\t\t<div class=\"wd-gallery-item wd-col\">\n\t\t\t\t\t\t\t\t\t\t\t\t\t\t<a href=\"https:\/\/homesse.com.tr\/wp-content\/uploads\/2025\/09\/omono-dining-room-260925-8.jpg\" data-elementor-open-lightbox=\"no\" data-index=\"4\" data-width=\"1600\" data-height=\"1408\" \n\t\t\t\t\t\t\t\t\t\t\t\t >\n\t\t\t\t\t\t\t\t\n\t\t\t\t\t\t\t\t<img loading=\"lazy\" decoding=\"async\" width=\"1600\" height=\"1408\" src=\"https:\/\/homesse.com.tr\/wp-content\/uploads\/2025\/09\/omono-dining-room-260925-8.jpg\" class=\"wd-gallery-image image-4\" alt=\"omono dining room 260925 8\" srcset=\"https:\/\/homesse.com.tr\/wp-content\/uploads\/2025\/09\/omono-dining-room-260925-8.jpg 1600w, https:\/\/homesse.com.tr\/wp-content\/uploads\/2025\/09\/omono-dining-room-260925-8-300x264.jpg 300w, https:\/\/homesse.com.tr\/wp-content\/uploads\/2025\/09\/omono-dining-room-260925-8-1024x901.jpg 1024w, https:\/\/homesse.com.tr\/wp-content\/uploads\/2025\/09\/omono-dining-room-260925-8-768x676.jpg 768w, https:\/\/homesse.com.tr\/wp-content\/uploads\/2025\/09\/omono-dining-room-260925-8-1536x1352.jpg 1536w, https:\/\/homesse.com.tr\/wp-content\/uploads\/2025\/09\/omono-dining-room-260925-8-600x528.jpg 600w, https:\/\/homesse.com.tr\/wp-content\/uploads\/2025\/09\/omono-dining-room-260925-8-150x132.jpg 150w\" sizes=\"auto, (max-width: 1600px) 100vw, 1600px\" \/>\n\t\t\t\t\t\t\t\t\t\t\t\t\t\t\t<\/a>\n\t\t\t\t\t\t\t\t\t\t\t\t<\/div>\n\t\t\t\t\t\t\t\t\t\n\t\t\t\t\t\t\t<\/div>\n\n\t\t\t\t\t<\/div>\n\t\t<\/div><\/div><\/div><\/div><div id=\"product-parts-row\" data-vc-full-width=\"true\" data-vc-full-width-temp=\"true\" data-vc-full-width-init=\"false\" data-vc-stretch-content=\"true\" class=\"vc_row wpb_row vc_row-fluid vc_custom_1758572993789 vc_row-no-padding wd-rs-68d1b1bf431c1\"><div class=\"wpb_column vc_column_container vc_col-sm-12\"><div class=\"vc_column-inner\"><div class=\"wpb_wrapper\">\n\t\t<div id=\"wd-68d1b4ce41932\" class=\"title-wrapper wd-wpb wd-set-mb reset-last-child  wd-rs-68d1b4ce41932 wd-title-color-default wd-title-style-default text-center  wd-underline-colored\">\n\t\t\t\n\t\t\t<div class=\"liner-continer\">\n\t\t\t\t<h2 class=\"woodmart-title-container title  wd-font-weight- wd-fontsize-l\" >\u00dcr\u00fcn Par\u00e7alar\u0131<\/h2>\n\t\t\t\t\t\t\t<\/div>\n\t\t\t\n\t\t\t\t\t\t\t<div class=\"title-after_title reset-last-child  wd-fontsize-xs\">Bu \u00fcr\u00fcnle birlikte gelen par\u00e7alar a\u015fa\u011f\u0131da listelenmi\u015ftir. Her bir bile\u015fen, \u00fcr\u00fcn\u00fc tamamlayacak ve deneyiminizi geli\u015ftirecek \u015fekilde tasarlanm\u0131\u015ft\u0131r.<\/div>\n\t\t\t\n\t\t\t\n\t\t<\/div>\n\t\t\n\t\t\t\t<div id=\"gallery_192\" class=\"wd-images-gallery wd-wpb wd-rs-68d6a7a251271 photoswipe-images wd-carousel-container wd-wpb\" style=\"--wd-justify-content:center;--wd-align-items:center;\">\n\t\t\t\t\t\t\t<div class=\"wd-carousel-inner\">\n\t\t\t\n\t\t\t<div class=\"wd-carousel wd-grid scroll-init\"data-scroll_per_page=\"yes\" style=\"--wd-col-lg:2.5;--wd-col-md:2;--wd-col-sm:1;--wd-gap-lg:20px;--wd-gap-sm:10px;\">\n\t\t\t\t\t\t\t\t\t<div class=\"wd-carousel-wrap\">\n\t\t\t\t\n\t\t\t\t\t\t\t\t\t\t\t\t\t\t\t<div class=\"wd-gallery-item wd-carousel-item\">\n\t\t\t\t\t\t\t\t\t\t\t\t\t\t<a href=\"https:\/\/homesse.com.tr\/wp-content\/uploads\/2025\/09\/omono-dining-room-260925-5.jpg\" data-elementor-open-lightbox=\"no\" data-index=\"1\" data-width=\"1600\" data-height=\"1200\" \n\t\t\t\t\t\t\t\t\t\t\t\t >\n\t\t\t\t\t\t\t\t\n\t\t\t\t\t\t\t\t<img loading=\"lazy\" decoding=\"async\" width=\"1600\" height=\"1200\" src=\"https:\/\/homesse.com.tr\/wp-content\/uploads\/2025\/09\/omono-dining-room-260925-5.jpg\" class=\"wd-gallery-image image-1\" alt=\"omono dining room 260925 5\" srcset=\"https:\/\/homesse.com.tr\/wp-content\/uploads\/2025\/09\/omono-dining-room-260925-5.jpg 1600w, https:\/\/homesse.com.tr\/wp-content\/uploads\/2025\/09\/omono-dining-room-260925-5-300x225.jpg 300w, https:\/\/homesse.com.tr\/wp-content\/uploads\/2025\/09\/omono-dining-room-260925-5-1024x768.jpg 1024w, https:\/\/homesse.com.tr\/wp-content\/uploads\/2025\/09\/omono-dining-room-260925-5-768x576.jpg 768w, https:\/\/homesse.com.tr\/wp-content\/uploads\/2025\/09\/omono-dining-room-260925-5-1536x1152.jpg 1536w, https:\/\/homesse.com.tr\/wp-content\/uploads\/2025\/09\/omono-dining-room-260925-5-600x450.jpg 600w, https:\/\/homesse.com.tr\/wp-content\/uploads\/2025\/09\/omono-dining-room-260925-5-150x113.jpg 150w\" sizes=\"auto, (max-width: 1600px) 100vw, 1600px\" \/>\n\t\t\t\t\t\t\t\t\t\t\t\t\t\t\t<\/a>\n\t\t\t\t\t\t\t\t\t\t\t\t<\/div>\n\t\t\t\t\t\t\t\t\t\t\t<div class=\"wd-gallery-item wd-carousel-item\">\n\t\t\t\t\t\t\t\t\t\t\t\t\t\t<a href=\"https:\/\/homesse.com.tr\/wp-content\/uploads\/2025\/09\/omono-dining-room-260925-2.jpg\" data-elementor-open-lightbox=\"no\" data-index=\"2\" data-width=\"1600\" data-height=\"1200\" \n\t\t\t\t\t\t\t\t\t\t\t\t >\n\t\t\t\t\t\t\t\t\n\t\t\t\t\t\t\t\t<img loading=\"lazy\" decoding=\"async\" width=\"1600\" height=\"1200\" src=\"https:\/\/homesse.com.tr\/wp-content\/uploads\/2025\/09\/omono-dining-room-260925-2.jpg\" class=\"wd-gallery-image image-2\" alt=\"omono dining room 260925 2\" srcset=\"https:\/\/homesse.com.tr\/wp-content\/uploads\/2025\/09\/omono-dining-room-260925-2.jpg 1600w, https:\/\/homesse.com.tr\/wp-content\/uploads\/2025\/09\/omono-dining-room-260925-2-300x225.jpg 300w, https:\/\/homesse.com.tr\/wp-content\/uploads\/2025\/09\/omono-dining-room-260925-2-1024x768.jpg 1024w, https:\/\/homesse.com.tr\/wp-content\/uploads\/2025\/09\/omono-dining-room-260925-2-768x576.jpg 768w, https:\/\/homesse.com.tr\/wp-content\/uploads\/2025\/09\/omono-dining-room-260925-2-1536x1152.jpg 1536w, https:\/\/homesse.com.tr\/wp-content\/uploads\/2025\/09\/omono-dining-room-260925-2-600x450.jpg 600w, https:\/\/homesse.com.tr\/wp-content\/uploads\/2025\/09\/omono-dining-room-260925-2-150x113.jpg 150w\" sizes=\"auto, (max-width: 1600px) 100vw, 1600px\" \/>\n\t\t\t\t\t\t\t\t\t\t\t\t\t\t\t<\/a>\n\t\t\t\t\t\t\t\t\t\t\t\t<\/div>\n\t\t\t\t\t\t\t\t\t\t\t<div class=\"wd-gallery-item wd-carousel-item\">\n\t\t\t\t\t\t\t\t\t\t\t\t\t\t<a href=\"https:\/\/homesse.com.tr\/wp-content\/uploads\/2025\/09\/omono-dining-room-260925-6.jpg\" data-elementor-open-lightbox=\"no\" data-index=\"3\" data-width=\"1600\" data-height=\"1200\" \n\t\t\t\t\t\t\t\t\t\t\t\t >\n\t\t\t\t\t\t\t\t\n\t\t\t\t\t\t\t\t<img loading=\"lazy\" decoding=\"async\" width=\"1600\" height=\"1200\" src=\"https:\/\/homesse.com.tr\/wp-content\/uploads\/2025\/09\/omono-dining-room-260925-6.jpg\" class=\"wd-gallery-image image-3\" alt=\"omono dining room 260925 6\" srcset=\"https:\/\/homesse.com.tr\/wp-content\/uploads\/2025\/09\/omono-dining-room-260925-6.jpg 1600w, https:\/\/homesse.com.tr\/wp-content\/uploads\/2025\/09\/omono-dining-room-260925-6-300x225.jpg 300w, https:\/\/homesse.com.tr\/wp-content\/uploads\/2025\/09\/omono-dining-room-260925-6-1024x768.jpg 1024w, https:\/\/homesse.com.tr\/wp-content\/uploads\/2025\/09\/omono-dining-room-260925-6-768x576.jpg 768w, https:\/\/homesse.com.tr\/wp-content\/uploads\/2025\/09\/omono-dining-room-260925-6-1536x1152.jpg 1536w, https:\/\/homesse.com.tr\/wp-content\/uploads\/2025\/09\/omono-dining-room-260925-6-600x450.jpg 600w, https:\/\/homesse.com.tr\/wp-content\/uploads\/2025\/09\/omono-dining-room-260925-6-150x113.jpg 150w\" sizes=\"auto, (max-width: 1600px) 100vw, 1600px\" \/>\n\t\t\t\t\t\t\t\t\t\t\t\t\t\t\t<\/a>\n\t\t\t\t\t\t\t\t\t\t\t\t<\/div>\n\t\t\t\t\t\t\t\t\t\n\t\t\t\t\t\t\t\t\t<\/div>\n\t\t\t\t\t\t\t<\/div>\n\n\t\t\t\t\t\t\t\t\t\t\t\t\t\t<div class=\"wd-nav-arrows wd-pos-sep wd-hover-1 wd-icon-1\">\n\t\t\t<div class=\"wd-btn-arrow wd-prev wd-disabled\">\n\t\t\t\t<div class=\"wd-arrow-inner\"><\/div>\n\t\t\t<\/div>\n\t\t\t<div class=\"wd-btn-arrow wd-next\">\n\t\t\t\t<div class=\"wd-arrow-inner\"><\/div>\n\t\t\t<\/div>\n\t\t<\/div>\n\t\t\t\t\t\t\n\t\t\t\t<\/div>\n\n\t\t\t\t\t\t<div class=\"wd-nav-pagin-wrap text-center wd-style-shape wd-hide-md-sm wd-hide-sm\">\n\t\t\t<ul class=\"wd-nav-pagin\"><\/ul>\n\t\t<\/div>\n\t\t\t\t\t\t\t\t\t\t\t<\/div>\n\t\t<\/div><\/div><\/div><\/div><div class=\"vc_row-full-width vc_clearfix\"><\/div>\n<\/div>","protected":false},"excerpt":{"rendered":"<p>Modern ve sofistike bir tasar\u0131ma sahip Omono Yemek Masas\u0131, yemek alan\u0131n\u0131za zarafet ve i\u015flevsellik katar. Geni\u015f y\u00fczeyi, aile yemekleri veya misafir a\u011f\u0131rlamalar\u0131 i\u00e7in geni\u015f bir alan sunarken, sa\u011flam yap\u0131s\u0131 uzun \u00f6m\u00fcrl\u00fc bir kullan\u0131m sa\u011flar. Net \u00e7izgileri ve zarif sil\u00fceti, hem \u00e7a\u011fda\u015f hem de klasik i\u00e7 mekanlara uyum sa\u011flayan \u00e7ok y\u00f6nl\u00fc bir par\u00e7ad\u0131r.<\/p>","protected":false},"featured_media":307,"comment_status":"open","ping_status":"closed","template":"","meta":[],"product_brand":[],"product_cat":[30],"product_tag":[],"class_list":{"0":"post-324","1":"product","2":"type-product","3":"status-publish","4":"has-post-thumbnail","6":"product_cat-dining-tables","8":"first","9":"instock","10":"shipping-taxable","11":"product-type-simple"},"yoast_head":"<!-- This site is optimized with the Yoast SEO plugin v27.3 - https:\/\/yoast.com\/product\/yoast-seo-wordpress\/ -->\n<title>Dining Table - Homesse Furniture<\/title>\n<meta name=\"robots\" content=\"index, follow, max-snippet:-1, max-image-preview:large, max-video-preview:-1\" \/>\n<link rel=\"canonical\" href=\"https:\/\/homesse.com.tr\/tr\/urun\/dining-table\/\" \/>\n<meta property=\"og:locale\" content=\"tr_TR\" \/>\n<meta property=\"og:type\" content=\"article\" \/>\n<meta property=\"og:title\" content=\"Dining Table - Homesse Furniture\" \/>\n<meta property=\"og:description\" content=\"Designed with modern sophistication, the Omono Dining Table brings elegance and functionality to your dining space. Its spacious surface provides ample room for family meals or entertaining guests, while its sturdy construction ensures lasting durability. Clean lines and a refined silhouette make it a versatile piece that complements both contemporary and classic interiors.\" \/>\n<meta property=\"og:url\" content=\"https:\/\/homesse.com.tr\/tr\/urun\/dining-table\/\" \/>\n<meta property=\"og:site_name\" content=\"Homesse Furniture\" \/>\n<meta property=\"article:publisher\" content=\"https:\/\/www.facebook.com\/homessecomtr\" \/>\n<meta property=\"og:image\" content=\"https:\/\/homesse.com.tr\/wp-content\/uploads\/2025\/09\/omono-dining-room-260925-5.jpg\" \/>\n\t<meta property=\"og:image:width\" content=\"1600\" \/>\n\t<meta property=\"og:image:height\" content=\"1200\" \/>\n\t<meta property=\"og:image:type\" content=\"image\/jpeg\" \/>\n<meta name=\"twitter:card\" content=\"summary_large_image\" \/>\n<meta name=\"twitter:label1\" content=\"Tahmini okuma s\u00fcresi\" \/>\n\t<meta name=\"twitter:data1\" content=\"2 dakika\" \/>\n<script type=\"application\/ld+json\" class=\"yoast-schema-graph\">{\"@context\":\"https:\\\/\\\/schema.org\",\"@graph\":[{\"@type\":\"WebPage\",\"@id\":\"https:\\\/\\\/homesse.com.tr\\\/product\\\/dining-table\\\/\",\"url\":\"https:\\\/\\\/homesse.com.tr\\\/product\\\/dining-table\\\/\",\"name\":\"Dining Table - Homesse Furniture\",\"isPartOf\":{\"@id\":\"https:\\\/\\\/homesse.com.tr\\\/#website\"},\"primaryImageOfPage\":{\"@id\":\"https:\\\/\\\/homesse.com.tr\\\/product\\\/dining-table\\\/#primaryimage\"},\"image\":{\"@id\":\"https:\\\/\\\/homesse.com.tr\\\/product\\\/dining-table\\\/#primaryimage\"},\"thumbnailUrl\":\"https:\\\/\\\/homesse.com.tr\\\/wp-content\\\/uploads\\\/2025\\\/09\\\/omono-dining-room-260925-5.jpg\",\"datePublished\":\"2025-09-26T14:48:38+00:00\",\"breadcrumb\":{\"@id\":\"https:\\\/\\\/homesse.com.tr\\\/product\\\/dining-table\\\/#breadcrumb\"},\"inLanguage\":\"tr\",\"potentialAction\":[{\"@type\":\"ReadAction\",\"target\":[\"https:\\\/\\\/homesse.com.tr\\\/product\\\/dining-table\\\/\"]}]},{\"@type\":\"ImageObject\",\"inLanguage\":\"tr\",\"@id\":\"https:\\\/\\\/homesse.com.tr\\\/product\\\/dining-table\\\/#primaryimage\",\"url\":\"https:\\\/\\\/homesse.com.tr\\\/wp-content\\\/uploads\\\/2025\\\/09\\\/omono-dining-room-260925-5.jpg\",\"contentUrl\":\"https:\\\/\\\/homesse.com.tr\\\/wp-content\\\/uploads\\\/2025\\\/09\\\/omono-dining-room-260925-5.jpg\",\"width\":1600,\"height\":1200,\"caption\":\"omono dining room 260925 5\"},{\"@type\":\"BreadcrumbList\",\"@id\":\"https:\\\/\\\/homesse.com.tr\\\/product\\\/dining-table\\\/#breadcrumb\",\"itemListElement\":[{\"@type\":\"ListItem\",\"position\":1,\"name\":\"Home\",\"item\":\"https:\\\/\\\/homesse.com.tr\\\/\"},{\"@type\":\"ListItem\",\"position\":2,\"name\":\"Products\",\"item\":\"https:\\\/\\\/homesse.com.tr\\\/shop\\\/\"},{\"@type\":\"ListItem\",\"position\":3,\"name\":\"Dining Table\"}]},{\"@type\":\"WebSite\",\"@id\":\"https:\\\/\\\/homesse.com.tr\\\/#website\",\"url\":\"https:\\\/\\\/homesse.com.tr\\\/\",\"name\":\"Homesse Furniture\",\"description\":\"\",\"publisher\":{\"@id\":\"https:\\\/\\\/homesse.com.tr\\\/#organization\"},\"potentialAction\":[{\"@type\":\"SearchAction\",\"target\":{\"@type\":\"EntryPoint\",\"urlTemplate\":\"https:\\\/\\\/homesse.com.tr\\\/?s={search_term_string}\"},\"query-input\":{\"@type\":\"PropertyValueSpecification\",\"valueRequired\":true,\"valueName\":\"search_term_string\"}}],\"inLanguage\":\"tr\"},{\"@type\":\"Organization\",\"@id\":\"https:\\\/\\\/homesse.com.tr\\\/#organization\",\"name\":\"Homesse - Furniture Design\",\"url\":\"https:\\\/\\\/homesse.com.tr\\\/\",\"logo\":{\"@type\":\"ImageObject\",\"inLanguage\":\"tr\",\"@id\":\"https:\\\/\\\/homesse.com.tr\\\/#\\\/schema\\\/logo\\\/image\\\/\",\"url\":\"https:\\\/\\\/homesse.com.tr\\\/wp-content\\\/uploads\\\/2025\\\/09\\\/homesse-black-logo-220825-1.png\",\"contentUrl\":\"https:\\\/\\\/homesse.com.tr\\\/wp-content\\\/uploads\\\/2025\\\/09\\\/homesse-black-logo-220825-1.png\",\"width\":1433,\"height\":411,\"caption\":\"Homesse - Furniture Design\"},\"image\":{\"@id\":\"https:\\\/\\\/homesse.com.tr\\\/#\\\/schema\\\/logo\\\/image\\\/\"},\"sameAs\":[\"https:\\\/\\\/www.facebook.com\\\/homessecomtr\",\"https:\\\/\\\/www.instagram.com\\\/homesse\\\/\"]}]}<\/script>\n<!-- \/ Yoast SEO plugin. -->","yoast_head_json":{"title":"Dining Table - Homesse Furniture","robots":{"index":"index","follow":"follow","max-snippet":"max-snippet:-1","max-image-preview":"max-image-preview:large","max-video-preview":"max-video-preview:-1"},"canonical":"https:\/\/homesse.com.tr\/tr\/urun\/dining-table\/","og_locale":"tr_TR","og_type":"article","og_title":"Dining Table - Homesse Furniture","og_description":"Designed with modern sophistication, the Omono Dining Table brings elegance and functionality to your dining space. Its spacious surface provides ample room for family meals or entertaining guests, while its sturdy construction ensures lasting durability. Clean lines and a refined silhouette make it a versatile piece that complements both contemporary and classic interiors.","og_url":"https:\/\/homesse.com.tr\/tr\/urun\/dining-table\/","og_site_name":"Homesse Furniture","article_publisher":"https:\/\/www.facebook.com\/homessecomtr","og_image":[{"width":1600,"height":1200,"url":"https:\/\/homesse.com.tr\/wp-content\/uploads\/2025\/09\/omono-dining-room-260925-5.jpg","type":"image\/jpeg"}],"twitter_card":"summary_large_image","twitter_misc":{"Tahmini okuma s\u00fcresi":"2 dakika"},"schema":{"@context":"https:\/\/schema.org","@graph":[{"@type":"WebPage","@id":"https:\/\/homesse.com.tr\/product\/dining-table\/","url":"https:\/\/homesse.com.tr\/product\/dining-table\/","name":"Dining Table - Homesse Furniture","isPartOf":{"@id":"https:\/\/homesse.com.tr\/#website"},"primaryImageOfPage":{"@id":"https:\/\/homesse.com.tr\/product\/dining-table\/#primaryimage"},"image":{"@id":"https:\/\/homesse.com.tr\/product\/dining-table\/#primaryimage"},"thumbnailUrl":"https:\/\/homesse.com.tr\/wp-content\/uploads\/2025\/09\/omono-dining-room-260925-5.jpg","datePublished":"2025-09-26T14:48:38+00:00","breadcrumb":{"@id":"https:\/\/homesse.com.tr\/product\/dining-table\/#breadcrumb"},"inLanguage":"tr","potentialAction":[{"@type":"ReadAction","target":["https:\/\/homesse.com.tr\/product\/dining-table\/"]}]},{"@type":"ImageObject","inLanguage":"tr","@id":"https:\/\/homesse.com.tr\/product\/dining-table\/#primaryimage","url":"https:\/\/homesse.com.tr\/wp-content\/uploads\/2025\/09\/omono-dining-room-260925-5.jpg","contentUrl":"https:\/\/homesse.com.tr\/wp-content\/uploads\/2025\/09\/omono-dining-room-260925-5.jpg","width":1600,"height":1200,"caption":"omono dining room 260925 5"},{"@type":"BreadcrumbList","@id":"https:\/\/homesse.com.tr\/product\/dining-table\/#breadcrumb","itemListElement":[{"@type":"ListItem","position":1,"name":"Home","item":"https:\/\/homesse.com.tr\/"},{"@type":"ListItem","position":2,"name":"Products","item":"https:\/\/homesse.com.tr\/shop\/"},{"@type":"ListItem","position":3,"name":"Dining Table"}]},{"@type":"WebSite","@id":"https:\/\/homesse.com.tr\/#website","url":"https:\/\/homesse.com.tr\/","name":"Ev Mobilyas\u0131","description":"","publisher":{"@id":"https:\/\/homesse.com.tr\/#organization"},"potentialAction":[{"@type":"SearchAction","target":{"@type":"EntryPoint","urlTemplate":"https:\/\/homesse.com.tr\/?s={search_term_string}"},"query-input":{"@type":"PropertyValueSpecification","valueRequired":true,"valueName":"search_term_string"}}],"inLanguage":"tr"},{"@type":"Organization","@id":"https:\/\/homesse.com.tr\/#organization","name":"Homesse-Mobilya Tasar\u0131m\u0131","url":"https:\/\/homesse.com.tr\/","logo":{"@type":"ImageObject","inLanguage":"tr","@id":"https:\/\/homesse.com.tr\/#\/schema\/logo\/image\/","url":"https:\/\/homesse.com.tr\/wp-content\/uploads\/2025\/09\/homesse-black-logo-220825-1.png","contentUrl":"https:\/\/homesse.com.tr\/wp-content\/uploads\/2025\/09\/homesse-black-logo-220825-1.png","width":1433,"height":411,"caption":"Homesse - Furniture Design"},"image":{"@id":"https:\/\/homesse.com.tr\/#\/schema\/logo\/image\/"},"sameAs":["https:\/\/www.facebook.com\/homessecomtr","https:\/\/www.instagram.com\/homesse\/"]}]}},"_links":{"self":[{"href":"https:\/\/homesse.com.tr\/tr\/wp-json\/wp\/v2\/product\/324","targetHints":{"allow":["GET"]}}],"collection":[{"href":"https:\/\/homesse.com.tr\/tr\/wp-json\/wp\/v2\/product"}],"about":[{"href":"https:\/\/homesse.com.tr\/tr\/wp-json\/wp\/v2\/types\/product"}],"replies":[{"embeddable":true,"href":"https:\/\/homesse.com.tr\/tr\/wp-json\/wp\/v2\/comments?post=324"}],"wp:featuredmedia":[{"embeddable":true,"href":"https:\/\/homesse.com.tr\/tr\/wp-json\/wp\/v2\/media\/307"}],"wp:attachment":[{"href":"https:\/\/homesse.com.tr\/tr\/wp-json\/wp\/v2\/media?parent=324"}],"wp:term":[{"taxonomy":"product_brand","embeddable":true,"href":"https:\/\/homesse.com.tr\/tr\/wp-json\/wp\/v2\/product_brand?post=324"},{"taxonomy":"product_cat","embeddable":true,"href":"https:\/\/homesse.com.tr\/tr\/wp-json\/wp\/v2\/product_cat?post=324"},{"taxonomy":"product_tag","embeddable":true,"href":"https:\/\/homesse.com.tr\/tr\/wp-json\/wp\/v2\/product_tag?post=324"}],"curies":[{"name":"wp","href":"https:\/\/api.w.org\/{rel}","templated":true}]}}