{"id":399,"date":"2025-09-26T16:06:37","date_gmt":"2025-09-26T16:06:37","guid":{"rendered":"https:\/\/brown-turtle-396044.hostingersite.com\/?post_type=product&#038;p=399"},"modified":"2025-09-26T16:06:37","modified_gmt":"2025-09-26T16:06:37","slug":"tommy-living-room-v2","status":"publish","type":"product","link":"https:\/\/homesse.com.tr\/tr\/urun\/tommy-living-room-v2\/","title":{"rendered":"Tommy Ya\u015fam Odas\u0131 V2"},"content":{"rendered":"<div class=\"wpb-content-wrapper\"><div id=\"main-images-row\" class=\"vc_row wpb_row vc_row-fluid wd-rs-68d1ad9d6e900\"><div class=\"wpb_column vc_column_container vc_col-sm-12\"><div class=\"vc_column-inner\"><div class=\"wpb_wrapper\">\t\t<div id=\"gallery_149\" class=\"wd-images-gallery wd-wpb wd-rs-68d6b9dca7135 photoswipe-images\" style=\"--wd-justify-content:center;--wd-align-items:center;\">\n\t\t\t\n\t\t\t<div class=\"wd-grid-f-col wd-masonry\" style=\"--wd-col-lg:2;--wd-col-md:2;--wd-col-sm:1;--wd-gap-lg:20px;--wd-gap-sm:10px;\">\n\t\t\t\t\n\t\t\t\t\t\t\t\t\t\t\t\t\t\t\t<div class=\"wd-gallery-item wd-col\">\n\t\t\t\t\t\t\t\t\t\t\t\t\t\t<a href=\"https:\/\/homesse.com.tr\/wp-content\/uploads\/2025\/09\/tommy-living-room-v2-260925-7.jpg\" data-elementor-open-lightbox=\"no\" data-index=\"1\" data-width=\"1600\" data-height=\"1200\" \n\t\t\t\t\t\t\t\t\t\t\t\t >\n\t\t\t\t\t\t\t\t\n\t\t\t\t\t\t\t\t<img loading=\"lazy\" decoding=\"async\" width=\"1600\" height=\"1200\" src=\"https:\/\/homesse.com.tr\/wp-content\/uploads\/2025\/09\/tommy-living-room-v2-260925-7.jpg\" class=\"wd-gallery-image image-1\" alt=\"tommy living room v2 260925 7\" srcset=\"https:\/\/homesse.com.tr\/wp-content\/uploads\/2025\/09\/tommy-living-room-v2-260925-7.jpg 1600w, https:\/\/homesse.com.tr\/wp-content\/uploads\/2025\/09\/tommy-living-room-v2-260925-7-300x225.jpg 300w, https:\/\/homesse.com.tr\/wp-content\/uploads\/2025\/09\/tommy-living-room-v2-260925-7-1024x768.jpg 1024w, https:\/\/homesse.com.tr\/wp-content\/uploads\/2025\/09\/tommy-living-room-v2-260925-7-768x576.jpg 768w, https:\/\/homesse.com.tr\/wp-content\/uploads\/2025\/09\/tommy-living-room-v2-260925-7-1536x1152.jpg 1536w, https:\/\/homesse.com.tr\/wp-content\/uploads\/2025\/09\/tommy-living-room-v2-260925-7-600x450.jpg 600w, https:\/\/homesse.com.tr\/wp-content\/uploads\/2025\/09\/tommy-living-room-v2-260925-7-150x113.jpg 150w\" sizes=\"auto, (max-width: 1600px) 100vw, 1600px\" \/>\n\t\t\t\t\t\t\t\t\t\t\t\t\t\t\t<\/a>\n\t\t\t\t\t\t\t\t\t\t\t\t<\/div>\n\t\t\t\t\t\t\t\t\t\t\t<div class=\"wd-gallery-item wd-col\">\n\t\t\t\t\t\t\t\t\t\t\t\t\t\t<a href=\"https:\/\/homesse.com.tr\/wp-content\/uploads\/2025\/09\/tommy-living-room-v2-260925-5.jpg\" data-elementor-open-lightbox=\"no\" data-index=\"2\" data-width=\"1149\" data-height=\"1600\" \n\t\t\t\t\t\t\t\t\t\t\t\t >\n\t\t\t\t\t\t\t\t\n\t\t\t\t\t\t\t\t<img loading=\"lazy\" decoding=\"async\" width=\"1149\" height=\"1600\" src=\"https:\/\/homesse.com.tr\/wp-content\/uploads\/2025\/09\/tommy-living-room-v2-260925-5.jpg\" class=\"wd-gallery-image image-2\" alt=\"tommy living room v2 260925 5\" srcset=\"https:\/\/homesse.com.tr\/wp-content\/uploads\/2025\/09\/tommy-living-room-v2-260925-5.jpg 1149w, https:\/\/homesse.com.tr\/wp-content\/uploads\/2025\/09\/tommy-living-room-v2-260925-5-215x300.jpg 215w, https:\/\/homesse.com.tr\/wp-content\/uploads\/2025\/09\/tommy-living-room-v2-260925-5-735x1024.jpg 735w, https:\/\/homesse.com.tr\/wp-content\/uploads\/2025\/09\/tommy-living-room-v2-260925-5-768x1069.jpg 768w, https:\/\/homesse.com.tr\/wp-content\/uploads\/2025\/09\/tommy-living-room-v2-260925-5-1103x1536.jpg 1103w, https:\/\/homesse.com.tr\/wp-content\/uploads\/2025\/09\/tommy-living-room-v2-260925-5-300x418.jpg 300w, https:\/\/homesse.com.tr\/wp-content\/uploads\/2025\/09\/tommy-living-room-v2-260925-5-600x836.jpg 600w, https:\/\/homesse.com.tr\/wp-content\/uploads\/2025\/09\/tommy-living-room-v2-260925-5-150x209.jpg 150w\" sizes=\"auto, (max-width: 1149px) 100vw, 1149px\" \/>\n\t\t\t\t\t\t\t\t\t\t\t\t\t\t\t<\/a>\n\t\t\t\t\t\t\t\t\t\t\t\t<\/div>\n\t\t\t\t\t\t\t\t\t\t\t<div class=\"wd-gallery-item wd-col\">\n\t\t\t\t\t\t\t\t\t\t\t\t\t\t<a href=\"https:\/\/homesse.com.tr\/wp-content\/uploads\/2025\/09\/tommy-living-room-v2-260925-3.jpg\" data-elementor-open-lightbox=\"no\" data-index=\"3\" data-width=\"1600\" data-height=\"1216\" \n\t\t\t\t\t\t\t\t\t\t\t\t >\n\t\t\t\t\t\t\t\t\n\t\t\t\t\t\t\t\t<img loading=\"lazy\" decoding=\"async\" width=\"1600\" height=\"1216\" src=\"https:\/\/homesse.com.tr\/wp-content\/uploads\/2025\/09\/tommy-living-room-v2-260925-3.jpg\" class=\"wd-gallery-image image-3\" alt=\"tommy living room v2 260925 3\" srcset=\"https:\/\/homesse.com.tr\/wp-content\/uploads\/2025\/09\/tommy-living-room-v2-260925-3.jpg 1600w, https:\/\/homesse.com.tr\/wp-content\/uploads\/2025\/09\/tommy-living-room-v2-260925-3-300x228.jpg 300w, https:\/\/homesse.com.tr\/wp-content\/uploads\/2025\/09\/tommy-living-room-v2-260925-3-1024x778.jpg 1024w, https:\/\/homesse.com.tr\/wp-content\/uploads\/2025\/09\/tommy-living-room-v2-260925-3-768x584.jpg 768w, https:\/\/homesse.com.tr\/wp-content\/uploads\/2025\/09\/tommy-living-room-v2-260925-3-1536x1167.jpg 1536w, https:\/\/homesse.com.tr\/wp-content\/uploads\/2025\/09\/tommy-living-room-v2-260925-3-600x456.jpg 600w, https:\/\/homesse.com.tr\/wp-content\/uploads\/2025\/09\/tommy-living-room-v2-260925-3-150x114.jpg 150w\" sizes=\"auto, (max-width: 1600px) 100vw, 1600px\" \/>\n\t\t\t\t\t\t\t\t\t\t\t\t\t\t\t<\/a>\n\t\t\t\t\t\t\t\t\t\t\t\t<\/div>\n\t\t\t\t\t\t\t\t\t\t\t<div class=\"wd-gallery-item wd-col\">\n\t\t\t\t\t\t\t\t\t\t\t\t\t\t<a href=\"https:\/\/homesse.com.tr\/wp-content\/uploads\/2025\/09\/tommy-living-room-v2-260925-6.jpg\" data-elementor-open-lightbox=\"no\" data-index=\"4\" data-width=\"1200\" data-height=\"1600\" \n\t\t\t\t\t\t\t\t\t\t\t\t >\n\t\t\t\t\t\t\t\t\n\t\t\t\t\t\t\t\t<img loading=\"lazy\" decoding=\"async\" width=\"1200\" height=\"1600\" src=\"https:\/\/homesse.com.tr\/wp-content\/uploads\/2025\/09\/tommy-living-room-v2-260925-6.jpg\" class=\"wd-gallery-image image-4\" alt=\"tommy living room v2 260925 6\" srcset=\"https:\/\/homesse.com.tr\/wp-content\/uploads\/2025\/09\/tommy-living-room-v2-260925-6.jpg 1200w, https:\/\/homesse.com.tr\/wp-content\/uploads\/2025\/09\/tommy-living-room-v2-260925-6-225x300.jpg 225w, https:\/\/homesse.com.tr\/wp-content\/uploads\/2025\/09\/tommy-living-room-v2-260925-6-768x1024.jpg 768w, https:\/\/homesse.com.tr\/wp-content\/uploads\/2025\/09\/tommy-living-room-v2-260925-6-1152x1536.jpg 1152w, https:\/\/homesse.com.tr\/wp-content\/uploads\/2025\/09\/tommy-living-room-v2-260925-6-300x400.jpg 300w, https:\/\/homesse.com.tr\/wp-content\/uploads\/2025\/09\/tommy-living-room-v2-260925-6-600x800.jpg 600w, https:\/\/homesse.com.tr\/wp-content\/uploads\/2025\/09\/tommy-living-room-v2-260925-6-150x200.jpg 150w\" sizes=\"auto, (max-width: 1200px) 100vw, 1200px\" \/>\n\t\t\t\t\t\t\t\t\t\t\t\t\t\t\t<\/a>\n\t\t\t\t\t\t\t\t\t\t\t\t<\/div>\n\t\t\t\t\t\t\t\t\t\t\t<div class=\"wd-gallery-item wd-col\">\n\t\t\t\t\t\t\t\t\t\t\t\t\t\t<a href=\"https:\/\/homesse.com.tr\/wp-content\/uploads\/2025\/09\/tommy-living-room-v2-260925-4.jpg\" data-elementor-open-lightbox=\"no\" data-index=\"5\" data-width=\"1600\" data-height=\"900\" \n\t\t\t\t\t\t\t\t\t\t\t\t >\n\t\t\t\t\t\t\t\t\n\t\t\t\t\t\t\t\t<img loading=\"lazy\" decoding=\"async\" width=\"1600\" height=\"900\" src=\"https:\/\/homesse.com.tr\/wp-content\/uploads\/2025\/09\/tommy-living-room-v2-260925-4.jpg\" class=\"wd-gallery-image image-5\" alt=\"tommy living room v2 260925 4\" srcset=\"https:\/\/homesse.com.tr\/wp-content\/uploads\/2025\/09\/tommy-living-room-v2-260925-4.jpg 1600w, https:\/\/homesse.com.tr\/wp-content\/uploads\/2025\/09\/tommy-living-room-v2-260925-4-300x169.jpg 300w, https:\/\/homesse.com.tr\/wp-content\/uploads\/2025\/09\/tommy-living-room-v2-260925-4-1024x576.jpg 1024w, https:\/\/homesse.com.tr\/wp-content\/uploads\/2025\/09\/tommy-living-room-v2-260925-4-768x432.jpg 768w, https:\/\/homesse.com.tr\/wp-content\/uploads\/2025\/09\/tommy-living-room-v2-260925-4-1536x864.jpg 1536w, https:\/\/homesse.com.tr\/wp-content\/uploads\/2025\/09\/tommy-living-room-v2-260925-4-600x338.jpg 600w, https:\/\/homesse.com.tr\/wp-content\/uploads\/2025\/09\/tommy-living-room-v2-260925-4-150x84.jpg 150w\" sizes=\"auto, (max-width: 1600px) 100vw, 1600px\" \/>\n\t\t\t\t\t\t\t\t\t\t\t\t\t\t\t<\/a>\n\t\t\t\t\t\t\t\t\t\t\t\t<\/div>\n\t\t\t\t\t\t\t\t\t\t\t<div class=\"wd-gallery-item wd-col\">\n\t\t\t\t\t\t\t\t\t\t\t\t\t\t<a href=\"https:\/\/homesse.com.tr\/wp-content\/uploads\/2025\/09\/tommy-living-room-v2-260925-1.jpg\" data-elementor-open-lightbox=\"no\" data-index=\"6\" data-width=\"1600\" data-height=\"900\" \n\t\t\t\t\t\t\t\t\t\t\t\t >\n\t\t\t\t\t\t\t\t\n\t\t\t\t\t\t\t\t<img loading=\"lazy\" decoding=\"async\" width=\"1600\" height=\"900\" src=\"https:\/\/homesse.com.tr\/wp-content\/uploads\/2025\/09\/tommy-living-room-v2-260925-1.jpg\" class=\"wd-gallery-image image-6\" alt=\"tommy living room v2 260925 1\" srcset=\"https:\/\/homesse.com.tr\/wp-content\/uploads\/2025\/09\/tommy-living-room-v2-260925-1.jpg 1600w, https:\/\/homesse.com.tr\/wp-content\/uploads\/2025\/09\/tommy-living-room-v2-260925-1-300x169.jpg 300w, https:\/\/homesse.com.tr\/wp-content\/uploads\/2025\/09\/tommy-living-room-v2-260925-1-1024x576.jpg 1024w, https:\/\/homesse.com.tr\/wp-content\/uploads\/2025\/09\/tommy-living-room-v2-260925-1-768x432.jpg 768w, https:\/\/homesse.com.tr\/wp-content\/uploads\/2025\/09\/tommy-living-room-v2-260925-1-1536x864.jpg 1536w, https:\/\/homesse.com.tr\/wp-content\/uploads\/2025\/09\/tommy-living-room-v2-260925-1-600x338.jpg 600w, https:\/\/homesse.com.tr\/wp-content\/uploads\/2025\/09\/tommy-living-room-v2-260925-1-150x84.jpg 150w\" sizes=\"auto, (max-width: 1600px) 100vw, 1600px\" \/>\n\t\t\t\t\t\t\t\t\t\t\t\t\t\t\t<\/a>\n\t\t\t\t\t\t\t\t\t\t\t\t<\/div>\n\t\t\t\t\t\t\t\t\t\n\t\t\t\t\t\t\t<\/div>\n\n\t\t\t\t\t<\/div>\n\t\t<\/div><\/div><\/div><\/div><div id=\"product-parts-row\" data-vc-full-width=\"true\" data-vc-full-width-temp=\"true\" data-vc-full-width-init=\"false\" data-vc-stretch-content=\"true\" class=\"vc_row wpb_row vc_row-fluid vc_custom_1758572993789 vc_row-no-padding wd-rs-68d1b1bf431c1\"><div class=\"wpb_column vc_column_container vc_col-sm-12\"><div class=\"vc_column-inner\"><div class=\"wpb_wrapper\">\n\t\t<div id=\"wd-68d1b4ce41932\" class=\"title-wrapper wd-wpb wd-set-mb reset-last-child  wd-rs-68d1b4ce41932 wd-title-color-default wd-title-style-default text-center  wd-underline-colored\">\n\t\t\t\n\t\t\t<div class=\"liner-continer\">\n\t\t\t\t<h2 class=\"woodmart-title-container title  wd-font-weight- wd-fontsize-l\" >\u00dcr\u00fcn Par\u00e7alar\u0131<\/h2>\n\t\t\t\t\t\t\t<\/div>\n\t\t\t\n\t\t\t\t\t\t\t<div class=\"title-after_title reset-last-child  wd-fontsize-xs\">Bu \u00fcr\u00fcnle birlikte gelen par\u00e7alar a\u015fa\u011f\u0131da listelenmi\u015ftir. Her bir bile\u015fen, \u00fcr\u00fcn\u00fc tamamlayacak ve deneyiminizi geli\u015ftirecek \u015fekilde tasarlanm\u0131\u015ft\u0131r.<\/div>\n\t\t\t\n\t\t\t\n\t\t<\/div>\n\t\t\n\t\t\t\t<div id=\"gallery_325\" class=\"wd-images-gallery wd-wpb wd-rs-68d6b9ea9b9db photoswipe-images wd-carousel-container wd-wpb\" style=\"--wd-justify-content:center;--wd-align-items:center;\">\n\t\t\t\t\t\t\t<div class=\"wd-carousel-inner\">\n\t\t\t\n\t\t\t<div class=\"wd-carousel wd-grid scroll-init\"data-scroll_per_page=\"yes\" style=\"--wd-col-lg:2.5;--wd-col-md:2;--wd-col-sm:1;--wd-gap-lg:20px;--wd-gap-sm:10px;\">\n\t\t\t\t\t\t\t\t\t<div class=\"wd-carousel-wrap\">\n\t\t\t\t\n\t\t\t\t\t\t\t\t\t\t\t\t\t\t\t<div class=\"wd-gallery-item wd-carousel-item\">\n\t\t\t\t\t\t\t\t\t\t\t\t\t\t<a href=\"https:\/\/homesse.com.tr\/wp-content\/uploads\/2025\/09\/tommy-living-room-v1-260925-3.jpg\" data-elementor-open-lightbox=\"no\" data-index=\"1\" data-width=\"1600\" data-height=\"1200\" \n\t\t\t\t\t\t\t\t\t\t\t\t >\n\t\t\t\t\t\t\t\t\n\t\t\t\t\t\t\t\t<img loading=\"lazy\" decoding=\"async\" width=\"1600\" height=\"1200\" src=\"https:\/\/homesse.com.tr\/wp-content\/uploads\/2025\/09\/tommy-living-room-v1-260925-3.jpg\" class=\"wd-gallery-image image-1\" alt=\"tommy living room v1 260925 3\" srcset=\"https:\/\/homesse.com.tr\/wp-content\/uploads\/2025\/09\/tommy-living-room-v1-260925-3.jpg 1600w, https:\/\/homesse.com.tr\/wp-content\/uploads\/2025\/09\/tommy-living-room-v1-260925-3-300x225.jpg 300w, https:\/\/homesse.com.tr\/wp-content\/uploads\/2025\/09\/tommy-living-room-v1-260925-3-1024x768.jpg 1024w, https:\/\/homesse.com.tr\/wp-content\/uploads\/2025\/09\/tommy-living-room-v1-260925-3-768x576.jpg 768w, https:\/\/homesse.com.tr\/wp-content\/uploads\/2025\/09\/tommy-living-room-v1-260925-3-1536x1152.jpg 1536w, https:\/\/homesse.com.tr\/wp-content\/uploads\/2025\/09\/tommy-living-room-v1-260925-3-600x450.jpg 600w, https:\/\/homesse.com.tr\/wp-content\/uploads\/2025\/09\/tommy-living-room-v1-260925-3-150x113.jpg 150w\" sizes=\"auto, (max-width: 1600px) 100vw, 1600px\" \/>\n\t\t\t\t\t\t\t\t\t\t\t\t\t\t\t<\/a>\n\t\t\t\t\t\t\t\t\t\t\t\t<\/div>\n\t\t\t\t\t\t\t\t\t\t\t<div class=\"wd-gallery-item wd-carousel-item\">\n\t\t\t\t\t\t\t\t\t\t\t\t\t\t<a href=\"https:\/\/homesse.com.tr\/wp-content\/uploads\/2025\/09\/tommy-living-room-v1-260925-2.jpg\" data-elementor-open-lightbox=\"no\" data-index=\"2\" data-width=\"1600\" data-height=\"1200\" \n\t\t\t\t\t\t\t\t\t\t\t\t >\n\t\t\t\t\t\t\t\t\n\t\t\t\t\t\t\t\t<img loading=\"lazy\" decoding=\"async\" width=\"1600\" height=\"1200\" src=\"https:\/\/homesse.com.tr\/wp-content\/uploads\/2025\/09\/tommy-living-room-v1-260925-2.jpg\" class=\"wd-gallery-image image-2\" alt=\"tommy living room v1 260925 2\" srcset=\"https:\/\/homesse.com.tr\/wp-content\/uploads\/2025\/09\/tommy-living-room-v1-260925-2.jpg 1600w, https:\/\/homesse.com.tr\/wp-content\/uploads\/2025\/09\/tommy-living-room-v1-260925-2-300x225.jpg 300w, https:\/\/homesse.com.tr\/wp-content\/uploads\/2025\/09\/tommy-living-room-v1-260925-2-1024x768.jpg 1024w, https:\/\/homesse.com.tr\/wp-content\/uploads\/2025\/09\/tommy-living-room-v1-260925-2-768x576.jpg 768w, https:\/\/homesse.com.tr\/wp-content\/uploads\/2025\/09\/tommy-living-room-v1-260925-2-1536x1152.jpg 1536w, https:\/\/homesse.com.tr\/wp-content\/uploads\/2025\/09\/tommy-living-room-v1-260925-2-600x450.jpg 600w, https:\/\/homesse.com.tr\/wp-content\/uploads\/2025\/09\/tommy-living-room-v1-260925-2-150x113.jpg 150w\" sizes=\"auto, (max-width: 1600px) 100vw, 1600px\" \/>\n\t\t\t\t\t\t\t\t\t\t\t\t\t\t\t<\/a>\n\t\t\t\t\t\t\t\t\t\t\t\t<\/div>\n\t\t\t\t\t\t\t\t\t\t\t<div class=\"wd-gallery-item wd-carousel-item\">\n\t\t\t\t\t\t\t\t\t\t\t\t\t\t<a href=\"https:\/\/homesse.com.tr\/wp-content\/uploads\/2025\/09\/tommy-living-room-v1-260925-1.jpg\" data-elementor-open-lightbox=\"no\" data-index=\"3\" data-width=\"1600\" data-height=\"1200\" \n\t\t\t\t\t\t\t\t\t\t\t\t >\n\t\t\t\t\t\t\t\t\n\t\t\t\t\t\t\t\t<img loading=\"lazy\" decoding=\"async\" width=\"1600\" height=\"1200\" src=\"https:\/\/homesse.com.tr\/wp-content\/uploads\/2025\/09\/tommy-living-room-v1-260925-1.jpg\" class=\"wd-gallery-image image-3\" alt=\"tommy living room v1 260925 1\" srcset=\"https:\/\/homesse.com.tr\/wp-content\/uploads\/2025\/09\/tommy-living-room-v1-260925-1.jpg 1600w, https:\/\/homesse.com.tr\/wp-content\/uploads\/2025\/09\/tommy-living-room-v1-260925-1-300x225.jpg 300w, https:\/\/homesse.com.tr\/wp-content\/uploads\/2025\/09\/tommy-living-room-v1-260925-1-1024x768.jpg 1024w, https:\/\/homesse.com.tr\/wp-content\/uploads\/2025\/09\/tommy-living-room-v1-260925-1-768x576.jpg 768w, https:\/\/homesse.com.tr\/wp-content\/uploads\/2025\/09\/tommy-living-room-v1-260925-1-1536x1152.jpg 1536w, https:\/\/homesse.com.tr\/wp-content\/uploads\/2025\/09\/tommy-living-room-v1-260925-1-600x450.jpg 600w, https:\/\/homesse.com.tr\/wp-content\/uploads\/2025\/09\/tommy-living-room-v1-260925-1-150x113.jpg 150w\" sizes=\"auto, (max-width: 1600px) 100vw, 1600px\" \/>\n\t\t\t\t\t\t\t\t\t\t\t\t\t\t\t<\/a>\n\t\t\t\t\t\t\t\t\t\t\t\t<\/div>\n\t\t\t\t\t\t\t\t\t\n\t\t\t\t\t\t\t\t\t<\/div>\n\t\t\t\t\t\t\t<\/div>\n\n\t\t\t\t\t\t\t\t\t\t\t\t\t\t<div class=\"wd-nav-arrows wd-pos-sep wd-hover-1 wd-icon-1\">\n\t\t\t<div class=\"wd-btn-arrow wd-prev wd-disabled\">\n\t\t\t\t<div class=\"wd-arrow-inner\"><\/div>\n\t\t\t<\/div>\n\t\t\t<div class=\"wd-btn-arrow wd-next\">\n\t\t\t\t<div class=\"wd-arrow-inner\"><\/div>\n\t\t\t<\/div>\n\t\t<\/div>\n\t\t\t\t\t\t\n\t\t\t\t<\/div>\n\n\t\t\t\t\t\t<div class=\"wd-nav-pagin-wrap text-center wd-style-shape wd-hide-md-sm wd-hide-sm\">\n\t\t\t<ul class=\"wd-nav-pagin\"><\/ul>\n\t\t<\/div>\n\t\t\t\t\t\t\t\t\t\t\t<\/div>\n\t\t<\/div><\/div><\/div><\/div><div class=\"vc_row-full-width vc_clearfix\"><\/div>\n<\/div>","protected":false},"excerpt":{"rendered":"<p>Modern tasar\u0131m\u0131 ola\u011fan\u00fcst\u00fc konforla harmanlayan Tommy Oturma Odas\u0131 V2, evinizde \u015f\u0131k ve davetkar bir atmosfer yarat\u0131r. Geni\u015f oturma alan\u0131 ve yumu\u015fak minderleri \u00fcst\u00fcn bir rahatlama sa\u011flarken, birinci s\u0131n\u0131f malzemeleri ve sa\u011flam iskeleti uzun \u00f6m\u00fcrl\u00fc dayan\u0131kl\u0131l\u0131k sa\u011flar. \u015e\u0131k \u00e7izgileri ve zarif detaylar\u0131, onu her i\u00e7 mekanda sofistike bir odak noktas\u0131 haline getirir.<\/p>","protected":false},"featured_media":405,"comment_status":"open","ping_status":"closed","template":"","meta":[],"product_brand":[],"product_cat":[19],"product_tag":[],"class_list":{"0":"post-399","1":"product","2":"type-product","3":"status-publish","4":"has-post-thumbnail","6":"product_cat-living-rooms","8":"first","9":"instock","10":"shipping-taxable","11":"product-type-simple"},"yoast_head":"<!-- This site is optimized with the Yoast SEO plugin v27.3 - https:\/\/yoast.com\/product\/yoast-seo-wordpress\/ -->\n<title>Tommy Living Room V2 - Homesse Furniture<\/title>\n<meta name=\"robots\" content=\"index, follow, max-snippet:-1, max-image-preview:large, max-video-preview:-1\" \/>\n<link rel=\"canonical\" href=\"https:\/\/homesse.com.tr\/tr\/urun\/tommy-living-room-v2\/\" \/>\n<meta property=\"og:locale\" content=\"tr_TR\" \/>\n<meta property=\"og:type\" content=\"article\" \/>\n<meta property=\"og:title\" content=\"Tommy Living Room V2 - Homesse Furniture\" \/>\n<meta property=\"og:description\" content=\"Blending modern design with exceptional comfort, the Tommy Living Room V2 creates a stylish and inviting atmosphere in your home. Its spacious seating and plush cushions provide superior relaxation, while premium materials and a sturdy frame ensure long-lasting durability. Sleek lines and elegant details make it a sophisticated focal point in any interior.\" \/>\n<meta property=\"og:url\" content=\"https:\/\/homesse.com.tr\/tr\/urun\/tommy-living-room-v2\/\" \/>\n<meta property=\"og:site_name\" content=\"Homesse Furniture\" \/>\n<meta property=\"article:publisher\" content=\"https:\/\/www.facebook.com\/homessecomtr\" \/>\n<meta property=\"og:image\" content=\"https:\/\/homesse.com.tr\/wp-content\/uploads\/2025\/09\/tommy-living-room-v2-260925-7.jpg\" \/>\n\t<meta property=\"og:image:width\" content=\"1600\" \/>\n\t<meta property=\"og:image:height\" content=\"1200\" \/>\n\t<meta property=\"og:image:type\" content=\"image\/jpeg\" \/>\n<meta name=\"twitter:card\" content=\"summary_large_image\" \/>\n<meta name=\"twitter:label1\" content=\"Tahmini okuma s\u00fcresi\" \/>\n\t<meta name=\"twitter:data1\" content=\"2 dakika\" \/>\n<script type=\"application\/ld+json\" class=\"yoast-schema-graph\">{\"@context\":\"https:\\\/\\\/schema.org\",\"@graph\":[{\"@type\":\"WebPage\",\"@id\":\"https:\\\/\\\/homesse.com.tr\\\/product\\\/tommy-living-room-v2\\\/\",\"url\":\"https:\\\/\\\/homesse.com.tr\\\/product\\\/tommy-living-room-v2\\\/\",\"name\":\"Tommy Living Room V2 - Homesse Furniture\",\"isPartOf\":{\"@id\":\"https:\\\/\\\/homesse.com.tr\\\/#website\"},\"primaryImageOfPage\":{\"@id\":\"https:\\\/\\\/homesse.com.tr\\\/product\\\/tommy-living-room-v2\\\/#primaryimage\"},\"image\":{\"@id\":\"https:\\\/\\\/homesse.com.tr\\\/product\\\/tommy-living-room-v2\\\/#primaryimage\"},\"thumbnailUrl\":\"https:\\\/\\\/homesse.com.tr\\\/wp-content\\\/uploads\\\/2025\\\/09\\\/tommy-living-room-v2-260925-7.jpg\",\"datePublished\":\"2025-09-26T16:06:37+00:00\",\"breadcrumb\":{\"@id\":\"https:\\\/\\\/homesse.com.tr\\\/product\\\/tommy-living-room-v2\\\/#breadcrumb\"},\"inLanguage\":\"tr\",\"potentialAction\":[{\"@type\":\"ReadAction\",\"target\":[\"https:\\\/\\\/homesse.com.tr\\\/product\\\/tommy-living-room-v2\\\/\"]}]},{\"@type\":\"ImageObject\",\"inLanguage\":\"tr\",\"@id\":\"https:\\\/\\\/homesse.com.tr\\\/product\\\/tommy-living-room-v2\\\/#primaryimage\",\"url\":\"https:\\\/\\\/homesse.com.tr\\\/wp-content\\\/uploads\\\/2025\\\/09\\\/tommy-living-room-v2-260925-7.jpg\",\"contentUrl\":\"https:\\\/\\\/homesse.com.tr\\\/wp-content\\\/uploads\\\/2025\\\/09\\\/tommy-living-room-v2-260925-7.jpg\",\"width\":1600,\"height\":1200,\"caption\":\"tommy living room v2 260925 7\"},{\"@type\":\"BreadcrumbList\",\"@id\":\"https:\\\/\\\/homesse.com.tr\\\/product\\\/tommy-living-room-v2\\\/#breadcrumb\",\"itemListElement\":[{\"@type\":\"ListItem\",\"position\":1,\"name\":\"Home\",\"item\":\"https:\\\/\\\/homesse.com.tr\\\/\"},{\"@type\":\"ListItem\",\"position\":2,\"name\":\"Products\",\"item\":\"https:\\\/\\\/homesse.com.tr\\\/shop\\\/\"},{\"@type\":\"ListItem\",\"position\":3,\"name\":\"Tommy Living Room V2\"}]},{\"@type\":\"WebSite\",\"@id\":\"https:\\\/\\\/homesse.com.tr\\\/#website\",\"url\":\"https:\\\/\\\/homesse.com.tr\\\/\",\"name\":\"Homesse Furniture\",\"description\":\"\",\"publisher\":{\"@id\":\"https:\\\/\\\/homesse.com.tr\\\/#organization\"},\"potentialAction\":[{\"@type\":\"SearchAction\",\"target\":{\"@type\":\"EntryPoint\",\"urlTemplate\":\"https:\\\/\\\/homesse.com.tr\\\/?s={search_term_string}\"},\"query-input\":{\"@type\":\"PropertyValueSpecification\",\"valueRequired\":true,\"valueName\":\"search_term_string\"}}],\"inLanguage\":\"tr\"},{\"@type\":\"Organization\",\"@id\":\"https:\\\/\\\/homesse.com.tr\\\/#organization\",\"name\":\"Homesse - Furniture Design\",\"url\":\"https:\\\/\\\/homesse.com.tr\\\/\",\"logo\":{\"@type\":\"ImageObject\",\"inLanguage\":\"tr\",\"@id\":\"https:\\\/\\\/homesse.com.tr\\\/#\\\/schema\\\/logo\\\/image\\\/\",\"url\":\"https:\\\/\\\/homesse.com.tr\\\/wp-content\\\/uploads\\\/2025\\\/09\\\/homesse-black-logo-220825-1.png\",\"contentUrl\":\"https:\\\/\\\/homesse.com.tr\\\/wp-content\\\/uploads\\\/2025\\\/09\\\/homesse-black-logo-220825-1.png\",\"width\":1433,\"height\":411,\"caption\":\"Homesse - Furniture Design\"},\"image\":{\"@id\":\"https:\\\/\\\/homesse.com.tr\\\/#\\\/schema\\\/logo\\\/image\\\/\"},\"sameAs\":[\"https:\\\/\\\/www.facebook.com\\\/homessecomtr\",\"https:\\\/\\\/www.instagram.com\\\/homesse\\\/\"]}]}<\/script>\n<!-- \/ Yoast SEO plugin. -->","yoast_head_json":{"title":"Tommy Living Room V2 - Homesse Furniture","robots":{"index":"index","follow":"follow","max-snippet":"max-snippet:-1","max-image-preview":"max-image-preview:large","max-video-preview":"max-video-preview:-1"},"canonical":"https:\/\/homesse.com.tr\/tr\/urun\/tommy-living-room-v2\/","og_locale":"tr_TR","og_type":"article","og_title":"Tommy Living Room V2 - Homesse Furniture","og_description":"Blending modern design with exceptional comfort, the Tommy Living Room V2 creates a stylish and inviting atmosphere in your home. Its spacious seating and plush cushions provide superior relaxation, while premium materials and a sturdy frame ensure long-lasting durability. Sleek lines and elegant details make it a sophisticated focal point in any interior.","og_url":"https:\/\/homesse.com.tr\/tr\/urun\/tommy-living-room-v2\/","og_site_name":"Homesse Furniture","article_publisher":"https:\/\/www.facebook.com\/homessecomtr","og_image":[{"width":1600,"height":1200,"url":"https:\/\/homesse.com.tr\/wp-content\/uploads\/2025\/09\/tommy-living-room-v2-260925-7.jpg","type":"image\/jpeg"}],"twitter_card":"summary_large_image","twitter_misc":{"Tahmini okuma s\u00fcresi":"2 dakika"},"schema":{"@context":"https:\/\/schema.org","@graph":[{"@type":"WebPage","@id":"https:\/\/homesse.com.tr\/product\/tommy-living-room-v2\/","url":"https:\/\/homesse.com.tr\/product\/tommy-living-room-v2\/","name":"Tommy Living Room V2 - Homesse Furniture","isPartOf":{"@id":"https:\/\/homesse.com.tr\/#website"},"primaryImageOfPage":{"@id":"https:\/\/homesse.com.tr\/product\/tommy-living-room-v2\/#primaryimage"},"image":{"@id":"https:\/\/homesse.com.tr\/product\/tommy-living-room-v2\/#primaryimage"},"thumbnailUrl":"https:\/\/homesse.com.tr\/wp-content\/uploads\/2025\/09\/tommy-living-room-v2-260925-7.jpg","datePublished":"2025-09-26T16:06:37+00:00","breadcrumb":{"@id":"https:\/\/homesse.com.tr\/product\/tommy-living-room-v2\/#breadcrumb"},"inLanguage":"tr","potentialAction":[{"@type":"ReadAction","target":["https:\/\/homesse.com.tr\/product\/tommy-living-room-v2\/"]}]},{"@type":"ImageObject","inLanguage":"tr","@id":"https:\/\/homesse.com.tr\/product\/tommy-living-room-v2\/#primaryimage","url":"https:\/\/homesse.com.tr\/wp-content\/uploads\/2025\/09\/tommy-living-room-v2-260925-7.jpg","contentUrl":"https:\/\/homesse.com.tr\/wp-content\/uploads\/2025\/09\/tommy-living-room-v2-260925-7.jpg","width":1600,"height":1200,"caption":"tommy living room v2 260925 7"},{"@type":"BreadcrumbList","@id":"https:\/\/homesse.com.tr\/product\/tommy-living-room-v2\/#breadcrumb","itemListElement":[{"@type":"ListItem","position":1,"name":"Home","item":"https:\/\/homesse.com.tr\/"},{"@type":"ListItem","position":2,"name":"Products","item":"https:\/\/homesse.com.tr\/shop\/"},{"@type":"ListItem","position":3,"name":"Tommy Living Room V2"}]},{"@type":"WebSite","@id":"https:\/\/homesse.com.tr\/#website","url":"https:\/\/homesse.com.tr\/","name":"Ev Mobilyas\u0131","description":"","publisher":{"@id":"https:\/\/homesse.com.tr\/#organization"},"potentialAction":[{"@type":"SearchAction","target":{"@type":"EntryPoint","urlTemplate":"https:\/\/homesse.com.tr\/?s={search_term_string}"},"query-input":{"@type":"PropertyValueSpecification","valueRequired":true,"valueName":"search_term_string"}}],"inLanguage":"tr"},{"@type":"Organization","@id":"https:\/\/homesse.com.tr\/#organization","name":"Homesse-Mobilya Tasar\u0131m\u0131","url":"https:\/\/homesse.com.tr\/","logo":{"@type":"ImageObject","inLanguage":"tr","@id":"https:\/\/homesse.com.tr\/#\/schema\/logo\/image\/","url":"https:\/\/homesse.com.tr\/wp-content\/uploads\/2025\/09\/homesse-black-logo-220825-1.png","contentUrl":"https:\/\/homesse.com.tr\/wp-content\/uploads\/2025\/09\/homesse-black-logo-220825-1.png","width":1433,"height":411,"caption":"Homesse - Furniture Design"},"image":{"@id":"https:\/\/homesse.com.tr\/#\/schema\/logo\/image\/"},"sameAs":["https:\/\/www.facebook.com\/homessecomtr","https:\/\/www.instagram.com\/homesse\/"]}]}},"_links":{"self":[{"href":"https:\/\/homesse.com.tr\/tr\/wp-json\/wp\/v2\/product\/399","targetHints":{"allow":["GET"]}}],"collection":[{"href":"https:\/\/homesse.com.tr\/tr\/wp-json\/wp\/v2\/product"}],"about":[{"href":"https:\/\/homesse.com.tr\/tr\/wp-json\/wp\/v2\/types\/product"}],"replies":[{"embeddable":true,"href":"https:\/\/homesse.com.tr\/tr\/wp-json\/wp\/v2\/comments?post=399"}],"wp:featuredmedia":[{"embeddable":true,"href":"https:\/\/homesse.com.tr\/tr\/wp-json\/wp\/v2\/media\/405"}],"wp:attachment":[{"href":"https:\/\/homesse.com.tr\/tr\/wp-json\/wp\/v2\/media?parent=399"}],"wp:term":[{"taxonomy":"product_brand","embeddable":true,"href":"https:\/\/homesse.com.tr\/tr\/wp-json\/wp\/v2\/product_brand?post=399"},{"taxonomy":"product_cat","embeddable":true,"href":"https:\/\/homesse.com.tr\/tr\/wp-json\/wp\/v2\/product_cat?post=399"},{"taxonomy":"product_tag","embeddable":true,"href":"https:\/\/homesse.com.tr\/tr\/wp-json\/wp\/v2\/product_tag?post=399"}],"curies":[{"name":"wp","href":"https:\/\/api.w.org\/{rel}","templated":true}]}}