{"id":429,"date":"2025-09-26T16:45:56","date_gmt":"2025-09-26T16:45:56","guid":{"rendered":"https:\/\/brown-turtle-396044.hostingersite.com\/?post_type=product&#038;p=429"},"modified":"2025-09-26T16:45:56","modified_gmt":"2025-09-26T16:45:56","slug":"opus-living-room-v2","status":"publish","type":"product","link":"https:\/\/homesse.com.tr\/tr\/urun\/opus-living-room-v2\/","title":{"rendered":"Opus Ya\u015fam Odas\u0131 V2"},"content":{"rendered":"<div class=\"wpb-content-wrapper\"><div id=\"main-images-row\" class=\"vc_row wpb_row vc_row-fluid wd-rs-68d1ad9d6e900\"><div class=\"wpb_column vc_column_container vc_col-sm-12\"><div class=\"vc_column-inner\"><div class=\"wpb_wrapper\">\t\t<div id=\"gallery_668\" class=\"wd-images-gallery wd-wpb wd-rs-68d6c2f6e3444 photoswipe-images\" style=\"--wd-justify-content:center;--wd-align-items:center;\">\n\t\t\t\n\t\t\t<div class=\"wd-grid-f-col wd-masonry\" style=\"--wd-col-lg:2;--wd-col-md:2;--wd-col-sm:1;--wd-gap-lg:20px;--wd-gap-sm:10px;\">\n\t\t\t\t\n\t\t\t\t\t\t\t\t\t\t\t\t\t\t\t<div class=\"wd-gallery-item wd-col\">\n\t\t\t\t\t\t\t\t\t\t\t\t\t\t<a href=\"https:\/\/homesse.com.tr\/wp-content\/uploads\/2025\/09\/opus-living-room-v2-260925-3.jpg\" data-elementor-open-lightbox=\"no\" data-index=\"1\" data-width=\"1252\" data-height=\"1600\" \n\t\t\t\t\t\t\t\t\t\t\t\t >\n\t\t\t\t\t\t\t\t\n\t\t\t\t\t\t\t\t<img loading=\"lazy\" decoding=\"async\" width=\"1252\" height=\"1600\" src=\"https:\/\/homesse.com.tr\/wp-content\/uploads\/2025\/09\/opus-living-room-v2-260925-3.jpg\" class=\"wd-gallery-image image-1\" alt=\"opus living room v2 260925 3\" srcset=\"https:\/\/homesse.com.tr\/wp-content\/uploads\/2025\/09\/opus-living-room-v2-260925-3.jpg 1252w, https:\/\/homesse.com.tr\/wp-content\/uploads\/2025\/09\/opus-living-room-v2-260925-3-235x300.jpg 235w, https:\/\/homesse.com.tr\/wp-content\/uploads\/2025\/09\/opus-living-room-v2-260925-3-801x1024.jpg 801w, https:\/\/homesse.com.tr\/wp-content\/uploads\/2025\/09\/opus-living-room-v2-260925-3-768x981.jpg 768w, https:\/\/homesse.com.tr\/wp-content\/uploads\/2025\/09\/opus-living-room-v2-260925-3-1202x1536.jpg 1202w, https:\/\/homesse.com.tr\/wp-content\/uploads\/2025\/09\/opus-living-room-v2-260925-3-300x383.jpg 300w, https:\/\/homesse.com.tr\/wp-content\/uploads\/2025\/09\/opus-living-room-v2-260925-3-600x767.jpg 600w, https:\/\/homesse.com.tr\/wp-content\/uploads\/2025\/09\/opus-living-room-v2-260925-3-150x192.jpg 150w\" sizes=\"auto, (max-width: 1252px) 100vw, 1252px\" \/>\n\t\t\t\t\t\t\t\t\t\t\t\t\t\t\t<\/a>\n\t\t\t\t\t\t\t\t\t\t\t\t<\/div>\n\t\t\t\t\t\t\t\t\t\t\t<div class=\"wd-gallery-item wd-col\">\n\t\t\t\t\t\t\t\t\t\t\t\t\t\t<a href=\"https:\/\/homesse.com.tr\/wp-content\/uploads\/2025\/09\/opus-living-room-v2-260925-2.jpg\" data-elementor-open-lightbox=\"no\" data-index=\"2\" data-width=\"1600\" data-height=\"1536\" \n\t\t\t\t\t\t\t\t\t\t\t\t >\n\t\t\t\t\t\t\t\t\n\t\t\t\t\t\t\t\t<img loading=\"lazy\" decoding=\"async\" width=\"1600\" height=\"1536\" src=\"https:\/\/homesse.com.tr\/wp-content\/uploads\/2025\/09\/opus-living-room-v2-260925-2.jpg\" class=\"wd-gallery-image image-2\" alt=\"opus living room v2 260925 2\" srcset=\"https:\/\/homesse.com.tr\/wp-content\/uploads\/2025\/09\/opus-living-room-v2-260925-2.jpg 1600w, https:\/\/homesse.com.tr\/wp-content\/uploads\/2025\/09\/opus-living-room-v2-260925-2-300x288.jpg 300w, https:\/\/homesse.com.tr\/wp-content\/uploads\/2025\/09\/opus-living-room-v2-260925-2-1024x983.jpg 1024w, https:\/\/homesse.com.tr\/wp-content\/uploads\/2025\/09\/opus-living-room-v2-260925-2-768x737.jpg 768w, https:\/\/homesse.com.tr\/wp-content\/uploads\/2025\/09\/opus-living-room-v2-260925-2-1536x1475.jpg 1536w, https:\/\/homesse.com.tr\/wp-content\/uploads\/2025\/09\/opus-living-room-v2-260925-2-600x576.jpg 600w, https:\/\/homesse.com.tr\/wp-content\/uploads\/2025\/09\/opus-living-room-v2-260925-2-150x144.jpg 150w\" sizes=\"auto, (max-width: 1600px) 100vw, 1600px\" \/>\n\t\t\t\t\t\t\t\t\t\t\t\t\t\t\t<\/a>\n\t\t\t\t\t\t\t\t\t\t\t\t<\/div>\n\t\t\t\t\t\t\t\t\t\t\t<div class=\"wd-gallery-item wd-col\">\n\t\t\t\t\t\t\t\t\t\t\t\t\t\t<a href=\"https:\/\/homesse.com.tr\/wp-content\/uploads\/2025\/09\/opus-living-room-v2-260925-5.jpg\" data-elementor-open-lightbox=\"no\" data-index=\"3\" data-width=\"1600\" data-height=\"933\" \n\t\t\t\t\t\t\t\t\t\t\t\t >\n\t\t\t\t\t\t\t\t\n\t\t\t\t\t\t\t\t<img loading=\"lazy\" decoding=\"async\" width=\"1600\" height=\"933\" src=\"https:\/\/homesse.com.tr\/wp-content\/uploads\/2025\/09\/opus-living-room-v2-260925-5.jpg\" class=\"wd-gallery-image image-3\" alt=\"opus living room v2 260925 5\" srcset=\"https:\/\/homesse.com.tr\/wp-content\/uploads\/2025\/09\/opus-living-room-v2-260925-5.jpg 1600w, https:\/\/homesse.com.tr\/wp-content\/uploads\/2025\/09\/opus-living-room-v2-260925-5-300x175.jpg 300w, https:\/\/homesse.com.tr\/wp-content\/uploads\/2025\/09\/opus-living-room-v2-260925-5-1024x597.jpg 1024w, https:\/\/homesse.com.tr\/wp-content\/uploads\/2025\/09\/opus-living-room-v2-260925-5-768x448.jpg 768w, https:\/\/homesse.com.tr\/wp-content\/uploads\/2025\/09\/opus-living-room-v2-260925-5-1536x896.jpg 1536w, https:\/\/homesse.com.tr\/wp-content\/uploads\/2025\/09\/opus-living-room-v2-260925-5-600x350.jpg 600w, https:\/\/homesse.com.tr\/wp-content\/uploads\/2025\/09\/opus-living-room-v2-260925-5-150x87.jpg 150w\" sizes=\"auto, (max-width: 1600px) 100vw, 1600px\" \/>\n\t\t\t\t\t\t\t\t\t\t\t\t\t\t\t<\/a>\n\t\t\t\t\t\t\t\t\t\t\t\t<\/div>\n\t\t\t\t\t\t\t\t\t\n\t\t\t\t\t\t\t<\/div>\n\n\t\t\t\t\t<\/div>\n\t\t<\/div><\/div><\/div><\/div>\n<\/div>","protected":false},"excerpt":{"rendered":"<p>Modern tasar\u0131m\u0131 \u00fcst\u00fcn konforla harmanlayan Opus Oturma Odas\u0131 V2, her ya\u015fam alan\u0131n\u0131 \u015f\u0131k ve davetkar bir alana d\u00f6n\u00fc\u015ft\u00fcr\u00fcyor. Geni\u015f oturma alanlar\u0131 ve yumu\u015fak minderler ola\u011fan\u00fcst\u00fc bir rahatlama sa\u011flarken, birinci s\u0131n\u0131f malzemeler ve dayan\u0131kl\u0131 \u00e7er\u00e7eve uzun \u00f6m\u00fcrl\u00fc kaliteyi garantiliyor. \u015e\u0131k \u00e7izgiler ve zarif detaylar, \u00e7ok \u00e7e\u015fitli i\u00e7 mekan stillerine uyum sa\u011flayan \u00e7a\u011fda\u015f bir zarafet yarat\u0131yor.<\/p>","protected":false},"featured_media":432,"comment_status":"open","ping_status":"closed","template":"","meta":[],"product_brand":[],"product_cat":[19],"product_tag":[],"class_list":{"0":"post-429","1":"product","2":"type-product","3":"status-publish","4":"has-post-thumbnail","6":"product_cat-living-rooms","8":"first","9":"instock","10":"shipping-taxable","11":"product-type-simple"},"yoast_head":"<!-- This site is optimized with the Yoast SEO plugin v27.3 - https:\/\/yoast.com\/product\/yoast-seo-wordpress\/ -->\n<title>Opus Living Room V2 - Homesse Furniture<\/title>\n<meta name=\"robots\" content=\"index, follow, max-snippet:-1, max-image-preview:large, max-video-preview:-1\" \/>\n<link rel=\"canonical\" href=\"https:\/\/homesse.com.tr\/tr\/urun\/opus-living-room-v2\/\" \/>\n<meta property=\"og:locale\" content=\"tr_TR\" \/>\n<meta property=\"og:type\" content=\"article\" \/>\n<meta property=\"og:title\" content=\"Opus Living Room V2 - Homesse Furniture\" \/>\n<meta property=\"og:description\" content=\"Blending modern design with ultimate comfort, the Opus Living Room V2 transforms any living area into a stylish and inviting space. Generous seating and plush cushions provide exceptional relaxation, while premium materials and a durable frame ensure long-lasting quality. Sleek lines and refined details create a contemporary elegance that complements a wide range of interior styles.\" \/>\n<meta property=\"og:url\" content=\"https:\/\/homesse.com.tr\/tr\/urun\/opus-living-room-v2\/\" \/>\n<meta property=\"og:site_name\" content=\"Homesse Furniture\" \/>\n<meta property=\"article:publisher\" content=\"https:\/\/www.facebook.com\/homessecomtr\" \/>\n<meta property=\"og:image\" content=\"https:\/\/homesse.com.tr\/wp-content\/uploads\/2025\/09\/opus-living-room-v2-260925-1.jpg\" \/>\n\t<meta property=\"og:image:width\" content=\"1600\" \/>\n\t<meta property=\"og:image:height\" content=\"1200\" \/>\n\t<meta property=\"og:image:type\" content=\"image\/jpeg\" \/>\n<meta name=\"twitter:card\" content=\"summary_large_image\" \/>\n<meta name=\"twitter:label1\" content=\"Tahmini okuma s\u00fcresi\" \/>\n\t<meta name=\"twitter:data1\" content=\"2 dakika\" \/>\n<script type=\"application\/ld+json\" class=\"yoast-schema-graph\">{\"@context\":\"https:\\\/\\\/schema.org\",\"@graph\":[{\"@type\":\"WebPage\",\"@id\":\"https:\\\/\\\/homesse.com.tr\\\/product\\\/opus-living-room-v2\\\/\",\"url\":\"https:\\\/\\\/homesse.com.tr\\\/product\\\/opus-living-room-v2\\\/\",\"name\":\"Opus Living Room V2 - Homesse Furniture\",\"isPartOf\":{\"@id\":\"https:\\\/\\\/homesse.com.tr\\\/#website\"},\"primaryImageOfPage\":{\"@id\":\"https:\\\/\\\/homesse.com.tr\\\/product\\\/opus-living-room-v2\\\/#primaryimage\"},\"image\":{\"@id\":\"https:\\\/\\\/homesse.com.tr\\\/product\\\/opus-living-room-v2\\\/#primaryimage\"},\"thumbnailUrl\":\"https:\\\/\\\/homesse.com.tr\\\/wp-content\\\/uploads\\\/2025\\\/09\\\/opus-living-room-v2-260925-1.jpg\",\"datePublished\":\"2025-09-26T16:45:56+00:00\",\"breadcrumb\":{\"@id\":\"https:\\\/\\\/homesse.com.tr\\\/product\\\/opus-living-room-v2\\\/#breadcrumb\"},\"inLanguage\":\"tr\",\"potentialAction\":[{\"@type\":\"ReadAction\",\"target\":[\"https:\\\/\\\/homesse.com.tr\\\/product\\\/opus-living-room-v2\\\/\"]}]},{\"@type\":\"ImageObject\",\"inLanguage\":\"tr\",\"@id\":\"https:\\\/\\\/homesse.com.tr\\\/product\\\/opus-living-room-v2\\\/#primaryimage\",\"url\":\"https:\\\/\\\/homesse.com.tr\\\/wp-content\\\/uploads\\\/2025\\\/09\\\/opus-living-room-v2-260925-1.jpg\",\"contentUrl\":\"https:\\\/\\\/homesse.com.tr\\\/wp-content\\\/uploads\\\/2025\\\/09\\\/opus-living-room-v2-260925-1.jpg\",\"width\":1600,\"height\":1200,\"caption\":\"opus living room v2 260925 1\"},{\"@type\":\"BreadcrumbList\",\"@id\":\"https:\\\/\\\/homesse.com.tr\\\/product\\\/opus-living-room-v2\\\/#breadcrumb\",\"itemListElement\":[{\"@type\":\"ListItem\",\"position\":1,\"name\":\"Home\",\"item\":\"https:\\\/\\\/homesse.com.tr\\\/\"},{\"@type\":\"ListItem\",\"position\":2,\"name\":\"Products\",\"item\":\"https:\\\/\\\/homesse.com.tr\\\/shop\\\/\"},{\"@type\":\"ListItem\",\"position\":3,\"name\":\"Opus Living Room V2\"}]},{\"@type\":\"WebSite\",\"@id\":\"https:\\\/\\\/homesse.com.tr\\\/#website\",\"url\":\"https:\\\/\\\/homesse.com.tr\\\/\",\"name\":\"Homesse Furniture\",\"description\":\"\",\"publisher\":{\"@id\":\"https:\\\/\\\/homesse.com.tr\\\/#organization\"},\"potentialAction\":[{\"@type\":\"SearchAction\",\"target\":{\"@type\":\"EntryPoint\",\"urlTemplate\":\"https:\\\/\\\/homesse.com.tr\\\/?s={search_term_string}\"},\"query-input\":{\"@type\":\"PropertyValueSpecification\",\"valueRequired\":true,\"valueName\":\"search_term_string\"}}],\"inLanguage\":\"tr\"},{\"@type\":\"Organization\",\"@id\":\"https:\\\/\\\/homesse.com.tr\\\/#organization\",\"name\":\"Homesse - Furniture Design\",\"url\":\"https:\\\/\\\/homesse.com.tr\\\/\",\"logo\":{\"@type\":\"ImageObject\",\"inLanguage\":\"tr\",\"@id\":\"https:\\\/\\\/homesse.com.tr\\\/#\\\/schema\\\/logo\\\/image\\\/\",\"url\":\"https:\\\/\\\/homesse.com.tr\\\/wp-content\\\/uploads\\\/2025\\\/09\\\/homesse-black-logo-220825-1.png\",\"contentUrl\":\"https:\\\/\\\/homesse.com.tr\\\/wp-content\\\/uploads\\\/2025\\\/09\\\/homesse-black-logo-220825-1.png\",\"width\":1433,\"height\":411,\"caption\":\"Homesse - Furniture Design\"},\"image\":{\"@id\":\"https:\\\/\\\/homesse.com.tr\\\/#\\\/schema\\\/logo\\\/image\\\/\"},\"sameAs\":[\"https:\\\/\\\/www.facebook.com\\\/homessecomtr\",\"https:\\\/\\\/www.instagram.com\\\/homesse\\\/\"]}]}<\/script>\n<!-- \/ Yoast SEO plugin. -->","yoast_head_json":{"title":"Opus Living Room V2 - Homesse Furniture","robots":{"index":"index","follow":"follow","max-snippet":"max-snippet:-1","max-image-preview":"max-image-preview:large","max-video-preview":"max-video-preview:-1"},"canonical":"https:\/\/homesse.com.tr\/tr\/urun\/opus-living-room-v2\/","og_locale":"tr_TR","og_type":"article","og_title":"Opus Living Room V2 - Homesse Furniture","og_description":"Blending modern design with ultimate comfort, the Opus Living Room V2 transforms any living area into a stylish and inviting space. Generous seating and plush cushions provide exceptional relaxation, while premium materials and a durable frame ensure long-lasting quality. Sleek lines and refined details create a contemporary elegance that complements a wide range of interior styles.","og_url":"https:\/\/homesse.com.tr\/tr\/urun\/opus-living-room-v2\/","og_site_name":"Homesse Furniture","article_publisher":"https:\/\/www.facebook.com\/homessecomtr","og_image":[{"width":1600,"height":1200,"url":"https:\/\/homesse.com.tr\/wp-content\/uploads\/2025\/09\/opus-living-room-v2-260925-1.jpg","type":"image\/jpeg"}],"twitter_card":"summary_large_image","twitter_misc":{"Tahmini okuma s\u00fcresi":"2 dakika"},"schema":{"@context":"https:\/\/schema.org","@graph":[{"@type":"WebPage","@id":"https:\/\/homesse.com.tr\/product\/opus-living-room-v2\/","url":"https:\/\/homesse.com.tr\/product\/opus-living-room-v2\/","name":"Opus Living Room V2 - Homesse Furniture","isPartOf":{"@id":"https:\/\/homesse.com.tr\/#website"},"primaryImageOfPage":{"@id":"https:\/\/homesse.com.tr\/product\/opus-living-room-v2\/#primaryimage"},"image":{"@id":"https:\/\/homesse.com.tr\/product\/opus-living-room-v2\/#primaryimage"},"thumbnailUrl":"https:\/\/homesse.com.tr\/wp-content\/uploads\/2025\/09\/opus-living-room-v2-260925-1.jpg","datePublished":"2025-09-26T16:45:56+00:00","breadcrumb":{"@id":"https:\/\/homesse.com.tr\/product\/opus-living-room-v2\/#breadcrumb"},"inLanguage":"tr","potentialAction":[{"@type":"ReadAction","target":["https:\/\/homesse.com.tr\/product\/opus-living-room-v2\/"]}]},{"@type":"ImageObject","inLanguage":"tr","@id":"https:\/\/homesse.com.tr\/product\/opus-living-room-v2\/#primaryimage","url":"https:\/\/homesse.com.tr\/wp-content\/uploads\/2025\/09\/opus-living-room-v2-260925-1.jpg","contentUrl":"https:\/\/homesse.com.tr\/wp-content\/uploads\/2025\/09\/opus-living-room-v2-260925-1.jpg","width":1600,"height":1200,"caption":"opus living room v2 260925 1"},{"@type":"BreadcrumbList","@id":"https:\/\/homesse.com.tr\/product\/opus-living-room-v2\/#breadcrumb","itemListElement":[{"@type":"ListItem","position":1,"name":"Home","item":"https:\/\/homesse.com.tr\/"},{"@type":"ListItem","position":2,"name":"Products","item":"https:\/\/homesse.com.tr\/shop\/"},{"@type":"ListItem","position":3,"name":"Opus Living Room V2"}]},{"@type":"WebSite","@id":"https:\/\/homesse.com.tr\/#website","url":"https:\/\/homesse.com.tr\/","name":"Ev Mobilyas\u0131","description":"","publisher":{"@id":"https:\/\/homesse.com.tr\/#organization"},"potentialAction":[{"@type":"SearchAction","target":{"@type":"EntryPoint","urlTemplate":"https:\/\/homesse.com.tr\/?s={search_term_string}"},"query-input":{"@type":"PropertyValueSpecification","valueRequired":true,"valueName":"search_term_string"}}],"inLanguage":"tr"},{"@type":"Organization","@id":"https:\/\/homesse.com.tr\/#organization","name":"Homesse-Mobilya Tasar\u0131m\u0131","url":"https:\/\/homesse.com.tr\/","logo":{"@type":"ImageObject","inLanguage":"tr","@id":"https:\/\/homesse.com.tr\/#\/schema\/logo\/image\/","url":"https:\/\/homesse.com.tr\/wp-content\/uploads\/2025\/09\/homesse-black-logo-220825-1.png","contentUrl":"https:\/\/homesse.com.tr\/wp-content\/uploads\/2025\/09\/homesse-black-logo-220825-1.png","width":1433,"height":411,"caption":"Homesse - Furniture Design"},"image":{"@id":"https:\/\/homesse.com.tr\/#\/schema\/logo\/image\/"},"sameAs":["https:\/\/www.facebook.com\/homessecomtr","https:\/\/www.instagram.com\/homesse\/"]}]}},"_links":{"self":[{"href":"https:\/\/homesse.com.tr\/tr\/wp-json\/wp\/v2\/product\/429","targetHints":{"allow":["GET"]}}],"collection":[{"href":"https:\/\/homesse.com.tr\/tr\/wp-json\/wp\/v2\/product"}],"about":[{"href":"https:\/\/homesse.com.tr\/tr\/wp-json\/wp\/v2\/types\/product"}],"replies":[{"embeddable":true,"href":"https:\/\/homesse.com.tr\/tr\/wp-json\/wp\/v2\/comments?post=429"}],"wp:featuredmedia":[{"embeddable":true,"href":"https:\/\/homesse.com.tr\/tr\/wp-json\/wp\/v2\/media\/432"}],"wp:attachment":[{"href":"https:\/\/homesse.com.tr\/tr\/wp-json\/wp\/v2\/media?parent=429"}],"wp:term":[{"taxonomy":"product_brand","embeddable":true,"href":"https:\/\/homesse.com.tr\/tr\/wp-json\/wp\/v2\/product_brand?post=429"},{"taxonomy":"product_cat","embeddable":true,"href":"https:\/\/homesse.com.tr\/tr\/wp-json\/wp\/v2\/product_cat?post=429"},{"taxonomy":"product_tag","embeddable":true,"href":"https:\/\/homesse.com.tr\/tr\/wp-json\/wp\/v2\/product_tag?post=429"}],"curies":[{"name":"wp","href":"https:\/\/api.w.org\/{rel}","templated":true}]}}