{"id":450,"date":"2025-09-26T16:59:44","date_gmt":"2025-09-26T16:59:44","guid":{"rendered":"https:\/\/brown-turtle-396044.hostingersite.com\/?post_type=product&#038;p=450"},"modified":"2025-09-26T16:59:44","modified_gmt":"2025-09-26T16:59:44","slug":"opus-chair-v2","status":"publish","type":"product","link":"https:\/\/homesse.com.tr\/tr\/urun\/opus-chair-v2\/","title":{"rendered":"Opus Sandalye V2"},"content":{"rendered":"<div class=\"wpb-content-wrapper\"><div id=\"main-images-row\" class=\"vc_row wpb_row vc_row-fluid wd-rs-68d1ad9d6e900\"><div class=\"wpb_column vc_column_container vc_col-sm-12\"><div class=\"vc_column-inner\"><div class=\"wpb_wrapper\">\t\t<div id=\"gallery_443\" class=\"wd-images-gallery wd-wpb wd-rs-68d6c64f0099d photoswipe-images\" style=\"--wd-justify-content:center;--wd-align-items:center;\">\n\t\t\t\n\t\t\t<div class=\"wd-grid-f-col wd-masonry\" style=\"--wd-col-lg:2;--wd-col-md:2;--wd-col-sm:1;--wd-gap-lg:20px;--wd-gap-sm:10px;\">\n\t\t\t\t\n\t\t\t\t\t\t\t\t\t\t\t\t\t\t\t<div class=\"wd-gallery-item wd-col\">\n\t\t\t\t\t\t\t\t\t\t\t\t\t\t<a href=\"https:\/\/homesse.com.tr\/wp-content\/uploads\/2025\/09\/opus-dining-room-260925-10.jpg\" data-elementor-open-lightbox=\"no\" data-index=\"1\" data-width=\"1600\" data-height=\"1600\" \n\t\t\t\t\t\t\t\t\t\t\t\t >\n\t\t\t\t\t\t\t\t\n\t\t\t\t\t\t\t\t<img loading=\"lazy\" decoding=\"async\" width=\"1600\" height=\"1600\" src=\"https:\/\/homesse.com.tr\/wp-content\/uploads\/2025\/09\/opus-dining-room-260925-10.jpg\" class=\"wd-gallery-image image-1\" alt=\"opus dining room 260925 10\" srcset=\"https:\/\/homesse.com.tr\/wp-content\/uploads\/2025\/09\/opus-dining-room-260925-10.jpg 1600w, https:\/\/homesse.com.tr\/wp-content\/uploads\/2025\/09\/opus-dining-room-260925-10-300x300.jpg 300w, https:\/\/homesse.com.tr\/wp-content\/uploads\/2025\/09\/opus-dining-room-260925-10-1024x1024.jpg 1024w, https:\/\/homesse.com.tr\/wp-content\/uploads\/2025\/09\/opus-dining-room-260925-10-150x150.jpg 150w, https:\/\/homesse.com.tr\/wp-content\/uploads\/2025\/09\/opus-dining-room-260925-10-768x768.jpg 768w, https:\/\/homesse.com.tr\/wp-content\/uploads\/2025\/09\/opus-dining-room-260925-10-1536x1536.jpg 1536w, https:\/\/homesse.com.tr\/wp-content\/uploads\/2025\/09\/opus-dining-room-260925-10-600x600.jpg 600w\" sizes=\"auto, (max-width: 1600px) 100vw, 1600px\" \/>\n\t\t\t\t\t\t\t\t\t\t\t\t\t\t\t<\/a>\n\t\t\t\t\t\t\t\t\t\t\t\t<\/div>\n\t\t\t\t\t\t\t\t\t\t\t<div class=\"wd-gallery-item wd-col\">\n\t\t\t\t\t\t\t\t\t\t\t\t\t\t<a href=\"https:\/\/homesse.com.tr\/wp-content\/uploads\/2025\/09\/opus-dining-room-260925-9.jpg\" data-elementor-open-lightbox=\"no\" data-index=\"2\" data-width=\"1600\" data-height=\"1200\" \n\t\t\t\t\t\t\t\t\t\t\t\t >\n\t\t\t\t\t\t\t\t\n\t\t\t\t\t\t\t\t<img loading=\"lazy\" decoding=\"async\" width=\"1600\" height=\"1200\" src=\"https:\/\/homesse.com.tr\/wp-content\/uploads\/2025\/09\/opus-dining-room-260925-9.jpg\" class=\"wd-gallery-image image-2\" alt=\"opus dining room 260925 9\" srcset=\"https:\/\/homesse.com.tr\/wp-content\/uploads\/2025\/09\/opus-dining-room-260925-9.jpg 1600w, https:\/\/homesse.com.tr\/wp-content\/uploads\/2025\/09\/opus-dining-room-260925-9-300x225.jpg 300w, https:\/\/homesse.com.tr\/wp-content\/uploads\/2025\/09\/opus-dining-room-260925-9-1024x768.jpg 1024w, https:\/\/homesse.com.tr\/wp-content\/uploads\/2025\/09\/opus-dining-room-260925-9-768x576.jpg 768w, https:\/\/homesse.com.tr\/wp-content\/uploads\/2025\/09\/opus-dining-room-260925-9-1536x1152.jpg 1536w, https:\/\/homesse.com.tr\/wp-content\/uploads\/2025\/09\/opus-dining-room-260925-9-600x450.jpg 600w, https:\/\/homesse.com.tr\/wp-content\/uploads\/2025\/09\/opus-dining-room-260925-9-150x113.jpg 150w\" sizes=\"auto, (max-width: 1600px) 100vw, 1600px\" \/>\n\t\t\t\t\t\t\t\t\t\t\t\t\t\t\t<\/a>\n\t\t\t\t\t\t\t\t\t\t\t\t<\/div>\n\t\t\t\t\t\t\t\t\t\t\t<div class=\"wd-gallery-item wd-col\">\n\t\t\t\t\t\t\t\t\t\t\t\t\t\t<a href=\"https:\/\/homesse.com.tr\/wp-content\/uploads\/2025\/09\/opus-dining-room-260925-2.jpg\" data-elementor-open-lightbox=\"no\" data-index=\"3\" data-width=\"1600\" data-height=\"900\" \n\t\t\t\t\t\t\t\t\t\t\t\t >\n\t\t\t\t\t\t\t\t\n\t\t\t\t\t\t\t\t<img loading=\"lazy\" decoding=\"async\" width=\"1600\" height=\"900\" src=\"https:\/\/homesse.com.tr\/wp-content\/uploads\/2025\/09\/opus-dining-room-260925-2.jpg\" class=\"wd-gallery-image image-3\" alt=\"opus dining room 260925 2\" srcset=\"https:\/\/homesse.com.tr\/wp-content\/uploads\/2025\/09\/opus-dining-room-260925-2.jpg 1600w, https:\/\/homesse.com.tr\/wp-content\/uploads\/2025\/09\/opus-dining-room-260925-2-300x169.jpg 300w, https:\/\/homesse.com.tr\/wp-content\/uploads\/2025\/09\/opus-dining-room-260925-2-1024x576.jpg 1024w, https:\/\/homesse.com.tr\/wp-content\/uploads\/2025\/09\/opus-dining-room-260925-2-768x432.jpg 768w, https:\/\/homesse.com.tr\/wp-content\/uploads\/2025\/09\/opus-dining-room-260925-2-1536x864.jpg 1536w, https:\/\/homesse.com.tr\/wp-content\/uploads\/2025\/09\/opus-dining-room-260925-2-600x338.jpg 600w, https:\/\/homesse.com.tr\/wp-content\/uploads\/2025\/09\/opus-dining-room-260925-2-150x84.jpg 150w\" sizes=\"auto, (max-width: 1600px) 100vw, 1600px\" \/>\n\t\t\t\t\t\t\t\t\t\t\t\t\t\t\t<\/a>\n\t\t\t\t\t\t\t\t\t\t\t\t<\/div>\n\t\t\t\t\t\t\t\t\t\n\t\t\t\t\t\t\t<\/div>\n\n\t\t\t\t\t<\/div>\n\t\t<\/div><\/div><\/div><\/div><div id=\"product-parts-row\" data-vc-full-width=\"true\" data-vc-full-width-temp=\"true\" data-vc-full-width-init=\"false\" data-vc-stretch-content=\"true\" class=\"vc_row wpb_row vc_row-fluid vc_custom_1758572993789 vc_row-no-padding wd-rs-68d1b1bf431c1\"><div class=\"wpb_column vc_column_container vc_col-sm-12\"><div class=\"vc_column-inner\"><div class=\"wpb_wrapper\">\n\t\t<div id=\"wd-68d1b4ce41932\" class=\"title-wrapper wd-wpb wd-set-mb reset-last-child  wd-rs-68d1b4ce41932 wd-title-color-default wd-title-style-default text-center  wd-underline-colored\">\n\t\t\t\n\t\t\t<div class=\"liner-continer\">\n\t\t\t\t<h2 class=\"woodmart-title-container title  wd-font-weight- wd-fontsize-l\" >\u00dcr\u00fcn Par\u00e7alar\u0131<\/h2>\n\t\t\t\t\t\t\t<\/div>\n\t\t\t\n\t\t\t\t\t\t\t<div class=\"title-after_title reset-last-child  wd-fontsize-xs\">Bu \u00fcr\u00fcnle birlikte gelen par\u00e7alar a\u015fa\u011f\u0131da listelenmi\u015ftir. Her bir bile\u015fen, \u00fcr\u00fcn\u00fc tamamlayacak ve deneyiminizi geli\u015ftirecek \u015fekilde tasarlanm\u0131\u015ft\u0131r.<\/div>\n\t\t\t\n\t\t\t\n\t\t<\/div>\n\t\t\n\t\t\t\t<div id=\"gallery_356\" class=\"wd-images-gallery wd-wpb wd-rs-68d6c65d8b4b6 photoswipe-images wd-carousel-container wd-wpb\" style=\"--wd-justify-content:center;--wd-align-items:center;\">\n\t\t\t\t\t\t\t<div class=\"wd-carousel-inner\">\n\t\t\t\n\t\t\t<div class=\"wd-carousel wd-grid scroll-init\"data-scroll_per_page=\"yes\" style=\"--wd-col-lg:2.5;--wd-col-md:2;--wd-col-sm:1;--wd-gap-lg:20px;--wd-gap-sm:10px;\">\n\t\t\t\t\t\t\t\t\t<div class=\"wd-carousel-wrap\">\n\t\t\t\t\n\t\t\t\t\t\t\t\t\t\t\t\t\t\t\t<div class=\"wd-gallery-item wd-carousel-item\">\n\t\t\t\t\t\t\t\t\t\t\t\t\t\t<a href=\"https:\/\/homesse.com.tr\/wp-content\/uploads\/2025\/09\/opus-dining-room-260925-3.jpg\" data-elementor-open-lightbox=\"no\" data-index=\"1\" data-width=\"1600\" data-height=\"1200\" \n\t\t\t\t\t\t\t\t\t\t\t\t >\n\t\t\t\t\t\t\t\t\n\t\t\t\t\t\t\t\t<img loading=\"lazy\" decoding=\"async\" width=\"1600\" height=\"1200\" src=\"https:\/\/homesse.com.tr\/wp-content\/uploads\/2025\/09\/opus-dining-room-260925-3.jpg\" class=\"wd-gallery-image image-1\" alt=\"opus dining room 260925 3\" srcset=\"https:\/\/homesse.com.tr\/wp-content\/uploads\/2025\/09\/opus-dining-room-260925-3.jpg 1600w, https:\/\/homesse.com.tr\/wp-content\/uploads\/2025\/09\/opus-dining-room-260925-3-300x225.jpg 300w, https:\/\/homesse.com.tr\/wp-content\/uploads\/2025\/09\/opus-dining-room-260925-3-1024x768.jpg 1024w, https:\/\/homesse.com.tr\/wp-content\/uploads\/2025\/09\/opus-dining-room-260925-3-768x576.jpg 768w, https:\/\/homesse.com.tr\/wp-content\/uploads\/2025\/09\/opus-dining-room-260925-3-1536x1152.jpg 1536w, https:\/\/homesse.com.tr\/wp-content\/uploads\/2025\/09\/opus-dining-room-260925-3-600x450.jpg 600w, https:\/\/homesse.com.tr\/wp-content\/uploads\/2025\/09\/opus-dining-room-260925-3-150x113.jpg 150w\" sizes=\"auto, (max-width: 1600px) 100vw, 1600px\" \/>\n\t\t\t\t\t\t\t\t\t\t\t\t\t\t\t<\/a>\n\t\t\t\t\t\t\t\t\t\t\t\t<\/div>\n\t\t\t\t\t\t\t\t\t\t\t<div class=\"wd-gallery-item wd-carousel-item\">\n\t\t\t\t\t\t\t\t\t\t\t\t\t\t<a href=\"https:\/\/homesse.com.tr\/wp-content\/uploads\/2025\/09\/opus-dining-room-260925-4.jpg\" data-elementor-open-lightbox=\"no\" data-index=\"2\" data-width=\"1600\" data-height=\"1200\" \n\t\t\t\t\t\t\t\t\t\t\t\t >\n\t\t\t\t\t\t\t\t\n\t\t\t\t\t\t\t\t<img loading=\"lazy\" decoding=\"async\" width=\"1600\" height=\"1200\" src=\"https:\/\/homesse.com.tr\/wp-content\/uploads\/2025\/09\/opus-dining-room-260925-4.jpg\" class=\"wd-gallery-image image-2\" alt=\"opus dining room 260925 4\" srcset=\"https:\/\/homesse.com.tr\/wp-content\/uploads\/2025\/09\/opus-dining-room-260925-4.jpg 1600w, https:\/\/homesse.com.tr\/wp-content\/uploads\/2025\/09\/opus-dining-room-260925-4-300x225.jpg 300w, https:\/\/homesse.com.tr\/wp-content\/uploads\/2025\/09\/opus-dining-room-260925-4-1024x768.jpg 1024w, https:\/\/homesse.com.tr\/wp-content\/uploads\/2025\/09\/opus-dining-room-260925-4-768x576.jpg 768w, https:\/\/homesse.com.tr\/wp-content\/uploads\/2025\/09\/opus-dining-room-260925-4-1536x1152.jpg 1536w, https:\/\/homesse.com.tr\/wp-content\/uploads\/2025\/09\/opus-dining-room-260925-4-600x450.jpg 600w, https:\/\/homesse.com.tr\/wp-content\/uploads\/2025\/09\/opus-dining-room-260925-4-150x113.jpg 150w\" sizes=\"auto, (max-width: 1600px) 100vw, 1600px\" \/>\n\t\t\t\t\t\t\t\t\t\t\t\t\t\t\t<\/a>\n\t\t\t\t\t\t\t\t\t\t\t\t<\/div>\n\t\t\t\t\t\t\t\t\t\t\t<div class=\"wd-gallery-item wd-carousel-item\">\n\t\t\t\t\t\t\t\t\t\t\t\t\t\t<a href=\"https:\/\/homesse.com.tr\/wp-content\/uploads\/2025\/09\/opus-dining-room-260925-5.jpg\" data-elementor-open-lightbox=\"no\" data-index=\"3\" data-width=\"1600\" data-height=\"1200\" \n\t\t\t\t\t\t\t\t\t\t\t\t >\n\t\t\t\t\t\t\t\t\n\t\t\t\t\t\t\t\t<img loading=\"lazy\" decoding=\"async\" width=\"1600\" height=\"1200\" src=\"https:\/\/homesse.com.tr\/wp-content\/uploads\/2025\/09\/opus-dining-room-260925-5.jpg\" class=\"wd-gallery-image image-3\" alt=\"opus dining room 260925 5\" srcset=\"https:\/\/homesse.com.tr\/wp-content\/uploads\/2025\/09\/opus-dining-room-260925-5.jpg 1600w, https:\/\/homesse.com.tr\/wp-content\/uploads\/2025\/09\/opus-dining-room-260925-5-300x225.jpg 300w, https:\/\/homesse.com.tr\/wp-content\/uploads\/2025\/09\/opus-dining-room-260925-5-1024x768.jpg 1024w, https:\/\/homesse.com.tr\/wp-content\/uploads\/2025\/09\/opus-dining-room-260925-5-768x576.jpg 768w, https:\/\/homesse.com.tr\/wp-content\/uploads\/2025\/09\/opus-dining-room-260925-5-1536x1152.jpg 1536w, https:\/\/homesse.com.tr\/wp-content\/uploads\/2025\/09\/opus-dining-room-260925-5-600x450.jpg 600w, https:\/\/homesse.com.tr\/wp-content\/uploads\/2025\/09\/opus-dining-room-260925-5-150x113.jpg 150w\" sizes=\"auto, (max-width: 1600px) 100vw, 1600px\" \/>\n\t\t\t\t\t\t\t\t\t\t\t\t\t\t\t<\/a>\n\t\t\t\t\t\t\t\t\t\t\t\t<\/div>\n\t\t\t\t\t\t\t\t\t\t\t<div class=\"wd-gallery-item wd-carousel-item\">\n\t\t\t\t\t\t\t\t\t\t\t\t\t\t<a href=\"https:\/\/homesse.com.tr\/wp-content\/uploads\/2025\/09\/opus-dining-room-260925-6.jpg\" data-elementor-open-lightbox=\"no\" data-index=\"4\" data-width=\"1600\" data-height=\"1200\" \n\t\t\t\t\t\t\t\t\t\t\t\t >\n\t\t\t\t\t\t\t\t\n\t\t\t\t\t\t\t\t<img loading=\"lazy\" decoding=\"async\" width=\"1600\" height=\"1200\" src=\"https:\/\/homesse.com.tr\/wp-content\/uploads\/2025\/09\/opus-dining-room-260925-6.jpg\" class=\"wd-gallery-image image-4\" alt=\"opus dining room 260925 6\" srcset=\"https:\/\/homesse.com.tr\/wp-content\/uploads\/2025\/09\/opus-dining-room-260925-6.jpg 1600w, https:\/\/homesse.com.tr\/wp-content\/uploads\/2025\/09\/opus-dining-room-260925-6-300x225.jpg 300w, https:\/\/homesse.com.tr\/wp-content\/uploads\/2025\/09\/opus-dining-room-260925-6-1024x768.jpg 1024w, https:\/\/homesse.com.tr\/wp-content\/uploads\/2025\/09\/opus-dining-room-260925-6-768x576.jpg 768w, https:\/\/homesse.com.tr\/wp-content\/uploads\/2025\/09\/opus-dining-room-260925-6-1536x1152.jpg 1536w, https:\/\/homesse.com.tr\/wp-content\/uploads\/2025\/09\/opus-dining-room-260925-6-600x450.jpg 600w, https:\/\/homesse.com.tr\/wp-content\/uploads\/2025\/09\/opus-dining-room-260925-6-150x113.jpg 150w\" sizes=\"auto, (max-width: 1600px) 100vw, 1600px\" \/>\n\t\t\t\t\t\t\t\t\t\t\t\t\t\t\t<\/a>\n\t\t\t\t\t\t\t\t\t\t\t\t<\/div>\n\t\t\t\t\t\t\t\t\t\n\t\t\t\t\t\t\t\t\t<\/div>\n\t\t\t\t\t\t\t<\/div>\n\n\t\t\t\t\t\t\t\t\t\t\t\t\t\t<div class=\"wd-nav-arrows wd-pos-sep wd-hover-1 wd-icon-1\">\n\t\t\t<div class=\"wd-btn-arrow wd-prev wd-disabled\">\n\t\t\t\t<div class=\"wd-arrow-inner\"><\/div>\n\t\t\t<\/div>\n\t\t\t<div class=\"wd-btn-arrow wd-next\">\n\t\t\t\t<div class=\"wd-arrow-inner\"><\/div>\n\t\t\t<\/div>\n\t\t<\/div>\n\t\t\t\t\t\t\n\t\t\t\t<\/div>\n\n\t\t\t\t\t\t<div class=\"wd-nav-pagin-wrap text-center wd-style-shape wd-hide-md-sm wd-hide-sm\">\n\t\t\t<ul class=\"wd-nav-pagin\"><\/ul>\n\t\t<\/div>\n\t\t\t\t\t\t\t\t\t\t\t<\/div>\n\t\t<\/div><\/div><\/div><\/div><div class=\"vc_row-full-width vc_clearfix\"><\/div>\n<\/div>","protected":false},"excerpt":{"rendered":"<p>Opus Chair V2, modern tasar\u0131m\u0131 \u00fcst\u00fcn konforla bulu\u015fturarak her yemek veya oturma alan\u0131na \u015f\u0131k ve i\u015flevsel bir katk\u0131 sa\u011fl\u0131yor. Ergonomik oturma yeri ve destekleyici s\u0131rtl\u0131\u011f\u0131, uzun s\u00fcreli kullan\u0131mlarda ola\u011fan\u00fcst\u00fc konfor sa\u011flarken, y\u00fcksek kaliteli malzemeleri ve sa\u011flam iskeleti dayan\u0131kl\u0131l\u0131\u011f\u0131 garantiliyor. \u015e\u0131k \u00e7izgiler ve zarif detaylar, \u00e7e\u015fitli i\u00e7 mekan stillerini tamamlayan \u00e7a\u011fda\u015f bir estetik yarat\u0131yor.<\/p>","protected":false},"featured_media":438,"comment_status":"open","ping_status":"closed","template":"","meta":[],"product_brand":[],"product_cat":[28],"product_tag":[],"class_list":{"0":"post-450","1":"product","2":"type-product","3":"status-publish","4":"has-post-thumbnail","6":"product_cat-chair","8":"first","9":"instock","10":"shipping-taxable","11":"product-type-simple"},"yoast_head":"<!-- This site is optimized with the Yoast SEO plugin v27.3 - https:\/\/yoast.com\/product\/yoast-seo-wordpress\/ -->\n<title>Opus Chair V2 - Homesse Furniture<\/title>\n<meta name=\"robots\" content=\"index, follow, max-snippet:-1, max-image-preview:large, max-video-preview:-1\" \/>\n<link rel=\"canonical\" href=\"https:\/\/homesse.com.tr\/tr\/urun\/opus-chair-v2\/\" \/>\n<meta property=\"og:locale\" content=\"tr_TR\" \/>\n<meta property=\"og:type\" content=\"article\" \/>\n<meta property=\"og:title\" content=\"Opus Chair V2 - Homesse Furniture\" \/>\n<meta property=\"og:description\" content=\"Modern design meets superior comfort in the Opus Chair V2, making it an elegant and functional addition to any dining or living area. Its ergonomic seat and supportive backrest provide exceptional comfort for extended use, while high-quality materials and a sturdy frame ensure durability. Sleek lines and refined details create a contemporary aesthetic that complements a variety of interior styles.\" \/>\n<meta property=\"og:url\" content=\"https:\/\/homesse.com.tr\/tr\/urun\/opus-chair-v2\/\" \/>\n<meta property=\"og:site_name\" content=\"Homesse Furniture\" \/>\n<meta property=\"article:publisher\" content=\"https:\/\/www.facebook.com\/homessecomtr\" \/>\n<meta property=\"og:image\" content=\"https:\/\/homesse.com.tr\/wp-content\/uploads\/2025\/09\/opus-dining-room-260925-3.jpg\" \/>\n\t<meta property=\"og:image:width\" content=\"1600\" \/>\n\t<meta property=\"og:image:height\" content=\"1200\" \/>\n\t<meta property=\"og:image:type\" content=\"image\/jpeg\" \/>\n<meta name=\"twitter:card\" content=\"summary_large_image\" \/>\n<meta name=\"twitter:label1\" content=\"Tahmini okuma s\u00fcresi\" \/>\n\t<meta name=\"twitter:data1\" content=\"2 dakika\" \/>\n<script type=\"application\/ld+json\" class=\"yoast-schema-graph\">{\"@context\":\"https:\\\/\\\/schema.org\",\"@graph\":[{\"@type\":\"WebPage\",\"@id\":\"https:\\\/\\\/homesse.com.tr\\\/product\\\/opus-chair-v2\\\/\",\"url\":\"https:\\\/\\\/homesse.com.tr\\\/product\\\/opus-chair-v2\\\/\",\"name\":\"Opus Chair V2 - Homesse Furniture\",\"isPartOf\":{\"@id\":\"https:\\\/\\\/homesse.com.tr\\\/#website\"},\"primaryImageOfPage\":{\"@id\":\"https:\\\/\\\/homesse.com.tr\\\/product\\\/opus-chair-v2\\\/#primaryimage\"},\"image\":{\"@id\":\"https:\\\/\\\/homesse.com.tr\\\/product\\\/opus-chair-v2\\\/#primaryimage\"},\"thumbnailUrl\":\"https:\\\/\\\/homesse.com.tr\\\/wp-content\\\/uploads\\\/2025\\\/09\\\/opus-dining-room-260925-3.jpg\",\"datePublished\":\"2025-09-26T16:59:44+00:00\",\"breadcrumb\":{\"@id\":\"https:\\\/\\\/homesse.com.tr\\\/product\\\/opus-chair-v2\\\/#breadcrumb\"},\"inLanguage\":\"tr\",\"potentialAction\":[{\"@type\":\"ReadAction\",\"target\":[\"https:\\\/\\\/homesse.com.tr\\\/product\\\/opus-chair-v2\\\/\"]}]},{\"@type\":\"ImageObject\",\"inLanguage\":\"tr\",\"@id\":\"https:\\\/\\\/homesse.com.tr\\\/product\\\/opus-chair-v2\\\/#primaryimage\",\"url\":\"https:\\\/\\\/homesse.com.tr\\\/wp-content\\\/uploads\\\/2025\\\/09\\\/opus-dining-room-260925-3.jpg\",\"contentUrl\":\"https:\\\/\\\/homesse.com.tr\\\/wp-content\\\/uploads\\\/2025\\\/09\\\/opus-dining-room-260925-3.jpg\",\"width\":1600,\"height\":1200,\"caption\":\"opus dining room 260925 3\"},{\"@type\":\"BreadcrumbList\",\"@id\":\"https:\\\/\\\/homesse.com.tr\\\/product\\\/opus-chair-v2\\\/#breadcrumb\",\"itemListElement\":[{\"@type\":\"ListItem\",\"position\":1,\"name\":\"Home\",\"item\":\"https:\\\/\\\/homesse.com.tr\\\/\"},{\"@type\":\"ListItem\",\"position\":2,\"name\":\"Products\",\"item\":\"https:\\\/\\\/homesse.com.tr\\\/shop\\\/\"},{\"@type\":\"ListItem\",\"position\":3,\"name\":\"Opus Chair V2\"}]},{\"@type\":\"WebSite\",\"@id\":\"https:\\\/\\\/homesse.com.tr\\\/#website\",\"url\":\"https:\\\/\\\/homesse.com.tr\\\/\",\"name\":\"Homesse Furniture\",\"description\":\"\",\"publisher\":{\"@id\":\"https:\\\/\\\/homesse.com.tr\\\/#organization\"},\"potentialAction\":[{\"@type\":\"SearchAction\",\"target\":{\"@type\":\"EntryPoint\",\"urlTemplate\":\"https:\\\/\\\/homesse.com.tr\\\/?s={search_term_string}\"},\"query-input\":{\"@type\":\"PropertyValueSpecification\",\"valueRequired\":true,\"valueName\":\"search_term_string\"}}],\"inLanguage\":\"tr\"},{\"@type\":\"Organization\",\"@id\":\"https:\\\/\\\/homesse.com.tr\\\/#organization\",\"name\":\"Homesse - Furniture Design\",\"url\":\"https:\\\/\\\/homesse.com.tr\\\/\",\"logo\":{\"@type\":\"ImageObject\",\"inLanguage\":\"tr\",\"@id\":\"https:\\\/\\\/homesse.com.tr\\\/#\\\/schema\\\/logo\\\/image\\\/\",\"url\":\"https:\\\/\\\/homesse.com.tr\\\/wp-content\\\/uploads\\\/2025\\\/09\\\/homesse-black-logo-220825-1.png\",\"contentUrl\":\"https:\\\/\\\/homesse.com.tr\\\/wp-content\\\/uploads\\\/2025\\\/09\\\/homesse-black-logo-220825-1.png\",\"width\":1433,\"height\":411,\"caption\":\"Homesse - Furniture Design\"},\"image\":{\"@id\":\"https:\\\/\\\/homesse.com.tr\\\/#\\\/schema\\\/logo\\\/image\\\/\"},\"sameAs\":[\"https:\\\/\\\/www.facebook.com\\\/homessecomtr\",\"https:\\\/\\\/www.instagram.com\\\/homesse\\\/\"]}]}<\/script>\n<!-- \/ Yoast SEO plugin. -->","yoast_head_json":{"title":"Opus Chair V2 - Homesse Furniture","robots":{"index":"index","follow":"follow","max-snippet":"max-snippet:-1","max-image-preview":"max-image-preview:large","max-video-preview":"max-video-preview:-1"},"canonical":"https:\/\/homesse.com.tr\/tr\/urun\/opus-chair-v2\/","og_locale":"tr_TR","og_type":"article","og_title":"Opus Chair V2 - Homesse Furniture","og_description":"Modern design meets superior comfort in the Opus Chair V2, making it an elegant and functional addition to any dining or living area. Its ergonomic seat and supportive backrest provide exceptional comfort for extended use, while high-quality materials and a sturdy frame ensure durability. Sleek lines and refined details create a contemporary aesthetic that complements a variety of interior styles.","og_url":"https:\/\/homesse.com.tr\/tr\/urun\/opus-chair-v2\/","og_site_name":"Homesse Furniture","article_publisher":"https:\/\/www.facebook.com\/homessecomtr","og_image":[{"width":1600,"height":1200,"url":"https:\/\/homesse.com.tr\/wp-content\/uploads\/2025\/09\/opus-dining-room-260925-3.jpg","type":"image\/jpeg"}],"twitter_card":"summary_large_image","twitter_misc":{"Tahmini okuma s\u00fcresi":"2 dakika"},"schema":{"@context":"https:\/\/schema.org","@graph":[{"@type":"WebPage","@id":"https:\/\/homesse.com.tr\/product\/opus-chair-v2\/","url":"https:\/\/homesse.com.tr\/product\/opus-chair-v2\/","name":"Opus Chair V2 - Homesse Furniture","isPartOf":{"@id":"https:\/\/homesse.com.tr\/#website"},"primaryImageOfPage":{"@id":"https:\/\/homesse.com.tr\/product\/opus-chair-v2\/#primaryimage"},"image":{"@id":"https:\/\/homesse.com.tr\/product\/opus-chair-v2\/#primaryimage"},"thumbnailUrl":"https:\/\/homesse.com.tr\/wp-content\/uploads\/2025\/09\/opus-dining-room-260925-3.jpg","datePublished":"2025-09-26T16:59:44+00:00","breadcrumb":{"@id":"https:\/\/homesse.com.tr\/product\/opus-chair-v2\/#breadcrumb"},"inLanguage":"tr","potentialAction":[{"@type":"ReadAction","target":["https:\/\/homesse.com.tr\/product\/opus-chair-v2\/"]}]},{"@type":"ImageObject","inLanguage":"tr","@id":"https:\/\/homesse.com.tr\/product\/opus-chair-v2\/#primaryimage","url":"https:\/\/homesse.com.tr\/wp-content\/uploads\/2025\/09\/opus-dining-room-260925-3.jpg","contentUrl":"https:\/\/homesse.com.tr\/wp-content\/uploads\/2025\/09\/opus-dining-room-260925-3.jpg","width":1600,"height":1200,"caption":"opus dining room 260925 3"},{"@type":"BreadcrumbList","@id":"https:\/\/homesse.com.tr\/product\/opus-chair-v2\/#breadcrumb","itemListElement":[{"@type":"ListItem","position":1,"name":"Home","item":"https:\/\/homesse.com.tr\/"},{"@type":"ListItem","position":2,"name":"Products","item":"https:\/\/homesse.com.tr\/shop\/"},{"@type":"ListItem","position":3,"name":"Opus Chair V2"}]},{"@type":"WebSite","@id":"https:\/\/homesse.com.tr\/#website","url":"https:\/\/homesse.com.tr\/","name":"Ev Mobilyas\u0131","description":"","publisher":{"@id":"https:\/\/homesse.com.tr\/#organization"},"potentialAction":[{"@type":"SearchAction","target":{"@type":"EntryPoint","urlTemplate":"https:\/\/homesse.com.tr\/?s={search_term_string}"},"query-input":{"@type":"PropertyValueSpecification","valueRequired":true,"valueName":"search_term_string"}}],"inLanguage":"tr"},{"@type":"Organization","@id":"https:\/\/homesse.com.tr\/#organization","name":"Homesse-Mobilya Tasar\u0131m\u0131","url":"https:\/\/homesse.com.tr\/","logo":{"@type":"ImageObject","inLanguage":"tr","@id":"https:\/\/homesse.com.tr\/#\/schema\/logo\/image\/","url":"https:\/\/homesse.com.tr\/wp-content\/uploads\/2025\/09\/homesse-black-logo-220825-1.png","contentUrl":"https:\/\/homesse.com.tr\/wp-content\/uploads\/2025\/09\/homesse-black-logo-220825-1.png","width":1433,"height":411,"caption":"Homesse - Furniture Design"},"image":{"@id":"https:\/\/homesse.com.tr\/#\/schema\/logo\/image\/"},"sameAs":["https:\/\/www.facebook.com\/homessecomtr","https:\/\/www.instagram.com\/homesse\/"]}]}},"_links":{"self":[{"href":"https:\/\/homesse.com.tr\/tr\/wp-json\/wp\/v2\/product\/450","targetHints":{"allow":["GET"]}}],"collection":[{"href":"https:\/\/homesse.com.tr\/tr\/wp-json\/wp\/v2\/product"}],"about":[{"href":"https:\/\/homesse.com.tr\/tr\/wp-json\/wp\/v2\/types\/product"}],"replies":[{"embeddable":true,"href":"https:\/\/homesse.com.tr\/tr\/wp-json\/wp\/v2\/comments?post=450"}],"wp:featuredmedia":[{"embeddable":true,"href":"https:\/\/homesse.com.tr\/tr\/wp-json\/wp\/v2\/media\/438"}],"wp:attachment":[{"href":"https:\/\/homesse.com.tr\/tr\/wp-json\/wp\/v2\/media?parent=450"}],"wp:term":[{"taxonomy":"product_brand","embeddable":true,"href":"https:\/\/homesse.com.tr\/tr\/wp-json\/wp\/v2\/product_brand?post=450"},{"taxonomy":"product_cat","embeddable":true,"href":"https:\/\/homesse.com.tr\/tr\/wp-json\/wp\/v2\/product_cat?post=450"},{"taxonomy":"product_tag","embeddable":true,"href":"https:\/\/homesse.com.tr\/tr\/wp-json\/wp\/v2\/product_tag?post=450"}],"curies":[{"name":"wp","href":"https:\/\/api.w.org\/{rel}","templated":true}]}}