{"id":510,"date":"2026-01-26T18:40:14","date_gmt":"2026-01-26T18:40:14","guid":{"rendered":"https:\/\/homesse.com.tr\/?post_type=product&#038;p=510"},"modified":"2026-01-26T18:40:15","modified_gmt":"2026-01-26T18:40:15","slug":"boss-yasam-odasi","status":"publish","type":"product","link":"https:\/\/homesse.com.tr\/tr\/urun\/boss-yasam-odasi\/","title":{"rendered":"Boss Ya\u015fam Odas\u0131"},"content":{"rendered":"<div class=\"wpb-content-wrapper\"><div id=\"main-images-row\" class=\"vc_row wpb_row vc_row-fluid wd-rs-68d1ad9d6e900\"><div class=\"wpb_column vc_column_container vc_col-sm-12\"><div class=\"vc_column-inner\"><div class=\"wpb_wrapper\">\t\t<div id=\"gallery_337\" class=\"wd-images-gallery wd-wpb wd-rs-6977b350c7a0d photoswipe-images\" style=\"--wd-justify-content:center;--wd-align-items:center;\">\n\t\t\t\n\t\t\t<div class=\"wd-grid-f-col wd-masonry\" style=\"--wd-col-lg:2;--wd-col-md:2;--wd-col-sm:1;--wd-gap-lg:20px;--wd-gap-sm:10px;\">\n\t\t\t\t\n\t\t\t\t\t\t\t\t\t\t\t\t\t\t\t<div class=\"wd-gallery-item wd-col\">\n\t\t\t\t\t\t\t\t\t\t\t\t\t\t<a href=\"https:\/\/homesse.com.tr\/wp-content\/uploads\/2026\/01\/boss-living-room-260126-1.jpg\" data-elementor-open-lightbox=\"no\" data-index=\"1\" data-width=\"1600\" data-height=\"1296\" \n\t\t\t\t\t\t\t\t\t\t\t\t >\n\t\t\t\t\t\t\t\t\n\t\t\t\t\t\t\t\t<img loading=\"lazy\" decoding=\"async\" width=\"1600\" height=\"1296\" src=\"https:\/\/homesse.com.tr\/wp-content\/uploads\/2026\/01\/boss-living-room-260126-1.jpg\" class=\"wd-gallery-image image-1\" alt=\"\" srcset=\"https:\/\/homesse.com.tr\/wp-content\/uploads\/2026\/01\/boss-living-room-260126-1.jpg 1600w, https:\/\/homesse.com.tr\/wp-content\/uploads\/2026\/01\/boss-living-room-260126-1-300x243.jpg 300w, https:\/\/homesse.com.tr\/wp-content\/uploads\/2026\/01\/boss-living-room-260126-1-1024x829.jpg 1024w, https:\/\/homesse.com.tr\/wp-content\/uploads\/2026\/01\/boss-living-room-260126-1-768x622.jpg 768w, https:\/\/homesse.com.tr\/wp-content\/uploads\/2026\/01\/boss-living-room-260126-1-1536x1244.jpg 1536w, https:\/\/homesse.com.tr\/wp-content\/uploads\/2026\/01\/boss-living-room-260126-1-15x12.jpg 15w, https:\/\/homesse.com.tr\/wp-content\/uploads\/2026\/01\/boss-living-room-260126-1-600x486.jpg 600w, https:\/\/homesse.com.tr\/wp-content\/uploads\/2026\/01\/boss-living-room-260126-1-150x122.jpg 150w\" sizes=\"auto, (max-width: 1600px) 100vw, 1600px\" \/>\n\t\t\t\t\t\t\t\t\t\t\t\t\t\t\t<\/a>\n\t\t\t\t\t\t\t\t\t\t\t\t<\/div>\n\t\t\t\t\t\t\t\t\t\t\t<div class=\"wd-gallery-item wd-col\">\n\t\t\t\t\t\t\t\t\t\t\t\t\t\t<a href=\"https:\/\/homesse.com.tr\/wp-content\/uploads\/2026\/01\/boss-living-room-260126-2.jpg\" data-elementor-open-lightbox=\"no\" data-index=\"2\" data-width=\"1200\" data-height=\"1600\" \n\t\t\t\t\t\t\t\t\t\t\t\t >\n\t\t\t\t\t\t\t\t\n\t\t\t\t\t\t\t\t<img loading=\"lazy\" decoding=\"async\" width=\"1200\" height=\"1600\" src=\"https:\/\/homesse.com.tr\/wp-content\/uploads\/2026\/01\/boss-living-room-260126-2.jpg\" class=\"wd-gallery-image image-2\" alt=\"\" srcset=\"https:\/\/homesse.com.tr\/wp-content\/uploads\/2026\/01\/boss-living-room-260126-2.jpg 1200w, https:\/\/homesse.com.tr\/wp-content\/uploads\/2026\/01\/boss-living-room-260126-2-225x300.jpg 225w, https:\/\/homesse.com.tr\/wp-content\/uploads\/2026\/01\/boss-living-room-260126-2-768x1024.jpg 768w, https:\/\/homesse.com.tr\/wp-content\/uploads\/2026\/01\/boss-living-room-260126-2-1152x1536.jpg 1152w, https:\/\/homesse.com.tr\/wp-content\/uploads\/2026\/01\/boss-living-room-260126-2-9x12.jpg 9w, https:\/\/homesse.com.tr\/wp-content\/uploads\/2026\/01\/boss-living-room-260126-2-300x400.jpg 300w, https:\/\/homesse.com.tr\/wp-content\/uploads\/2026\/01\/boss-living-room-260126-2-600x800.jpg 600w, https:\/\/homesse.com.tr\/wp-content\/uploads\/2026\/01\/boss-living-room-260126-2-150x200.jpg 150w\" sizes=\"auto, (max-width: 1200px) 100vw, 1200px\" \/>\n\t\t\t\t\t\t\t\t\t\t\t\t\t\t\t<\/a>\n\t\t\t\t\t\t\t\t\t\t\t\t<\/div>\n\t\t\t\t\t\t\t\t\t\t\t<div class=\"wd-gallery-item wd-col\">\n\t\t\t\t\t\t\t\t\t\t\t\t\t\t<a href=\"https:\/\/homesse.com.tr\/wp-content\/uploads\/2026\/01\/boss-living-room-260126-3.jpg\" data-elementor-open-lightbox=\"no\" data-index=\"3\" data-width=\"1200\" data-height=\"1600\" \n\t\t\t\t\t\t\t\t\t\t\t\t >\n\t\t\t\t\t\t\t\t\n\t\t\t\t\t\t\t\t<img loading=\"lazy\" decoding=\"async\" width=\"1200\" height=\"1600\" src=\"https:\/\/homesse.com.tr\/wp-content\/uploads\/2026\/01\/boss-living-room-260126-3.jpg\" class=\"wd-gallery-image image-3\" alt=\"\" srcset=\"https:\/\/homesse.com.tr\/wp-content\/uploads\/2026\/01\/boss-living-room-260126-3.jpg 1200w, https:\/\/homesse.com.tr\/wp-content\/uploads\/2026\/01\/boss-living-room-260126-3-225x300.jpg 225w, https:\/\/homesse.com.tr\/wp-content\/uploads\/2026\/01\/boss-living-room-260126-3-768x1024.jpg 768w, https:\/\/homesse.com.tr\/wp-content\/uploads\/2026\/01\/boss-living-room-260126-3-1152x1536.jpg 1152w, https:\/\/homesse.com.tr\/wp-content\/uploads\/2026\/01\/boss-living-room-260126-3-9x12.jpg 9w, https:\/\/homesse.com.tr\/wp-content\/uploads\/2026\/01\/boss-living-room-260126-3-300x400.jpg 300w, https:\/\/homesse.com.tr\/wp-content\/uploads\/2026\/01\/boss-living-room-260126-3-600x800.jpg 600w, https:\/\/homesse.com.tr\/wp-content\/uploads\/2026\/01\/boss-living-room-260126-3-150x200.jpg 150w\" sizes=\"auto, (max-width: 1200px) 100vw, 1200px\" \/>\n\t\t\t\t\t\t\t\t\t\t\t\t\t\t\t<\/a>\n\t\t\t\t\t\t\t\t\t\t\t\t<\/div>\n\t\t\t\t\t\t\t\t\t\t\t<div class=\"wd-gallery-item wd-col\">\n\t\t\t\t\t\t\t\t\t\t\t\t\t\t<a href=\"https:\/\/homesse.com.tr\/wp-content\/uploads\/2026\/01\/boss-living-room-260126-4.jpg\" data-elementor-open-lightbox=\"no\" data-index=\"4\" data-width=\"1200\" data-height=\"1600\" \n\t\t\t\t\t\t\t\t\t\t\t\t >\n\t\t\t\t\t\t\t\t\n\t\t\t\t\t\t\t\t<img loading=\"lazy\" decoding=\"async\" width=\"1200\" height=\"1600\" src=\"https:\/\/homesse.com.tr\/wp-content\/uploads\/2026\/01\/boss-living-room-260126-4.jpg\" class=\"wd-gallery-image image-4\" alt=\"\" srcset=\"https:\/\/homesse.com.tr\/wp-content\/uploads\/2026\/01\/boss-living-room-260126-4.jpg 1200w, https:\/\/homesse.com.tr\/wp-content\/uploads\/2026\/01\/boss-living-room-260126-4-225x300.jpg 225w, https:\/\/homesse.com.tr\/wp-content\/uploads\/2026\/01\/boss-living-room-260126-4-768x1024.jpg 768w, https:\/\/homesse.com.tr\/wp-content\/uploads\/2026\/01\/boss-living-room-260126-4-1152x1536.jpg 1152w, https:\/\/homesse.com.tr\/wp-content\/uploads\/2026\/01\/boss-living-room-260126-4-9x12.jpg 9w, https:\/\/homesse.com.tr\/wp-content\/uploads\/2026\/01\/boss-living-room-260126-4-300x400.jpg 300w, https:\/\/homesse.com.tr\/wp-content\/uploads\/2026\/01\/boss-living-room-260126-4-600x800.jpg 600w, https:\/\/homesse.com.tr\/wp-content\/uploads\/2026\/01\/boss-living-room-260126-4-150x200.jpg 150w\" sizes=\"auto, (max-width: 1200px) 100vw, 1200px\" \/>\n\t\t\t\t\t\t\t\t\t\t\t\t\t\t\t<\/a>\n\t\t\t\t\t\t\t\t\t\t\t\t<\/div>\n\t\t\t\t\t\t\t\t\t\t\t<div class=\"wd-gallery-item wd-col\">\n\t\t\t\t\t\t\t\t\t\t\t\t\t\t<a href=\"https:\/\/homesse.com.tr\/wp-content\/uploads\/2026\/01\/boss-living-room-260126-5.jpg\" data-elementor-open-lightbox=\"no\" data-index=\"5\" data-width=\"1200\" data-height=\"1600\" \n\t\t\t\t\t\t\t\t\t\t\t\t >\n\t\t\t\t\t\t\t\t\n\t\t\t\t\t\t\t\t<img loading=\"lazy\" decoding=\"async\" width=\"1200\" height=\"1600\" src=\"https:\/\/homesse.com.tr\/wp-content\/uploads\/2026\/01\/boss-living-room-260126-5.jpg\" class=\"wd-gallery-image image-5\" alt=\"\" srcset=\"https:\/\/homesse.com.tr\/wp-content\/uploads\/2026\/01\/boss-living-room-260126-5.jpg 1200w, https:\/\/homesse.com.tr\/wp-content\/uploads\/2026\/01\/boss-living-room-260126-5-225x300.jpg 225w, https:\/\/homesse.com.tr\/wp-content\/uploads\/2026\/01\/boss-living-room-260126-5-768x1024.jpg 768w, https:\/\/homesse.com.tr\/wp-content\/uploads\/2026\/01\/boss-living-room-260126-5-1152x1536.jpg 1152w, https:\/\/homesse.com.tr\/wp-content\/uploads\/2026\/01\/boss-living-room-260126-5-9x12.jpg 9w, https:\/\/homesse.com.tr\/wp-content\/uploads\/2026\/01\/boss-living-room-260126-5-300x400.jpg 300w, https:\/\/homesse.com.tr\/wp-content\/uploads\/2026\/01\/boss-living-room-260126-5-600x800.jpg 600w, https:\/\/homesse.com.tr\/wp-content\/uploads\/2026\/01\/boss-living-room-260126-5-150x200.jpg 150w\" sizes=\"auto, (max-width: 1200px) 100vw, 1200px\" \/>\n\t\t\t\t\t\t\t\t\t\t\t\t\t\t\t<\/a>\n\t\t\t\t\t\t\t\t\t\t\t\t<\/div>\n\t\t\t\t\t\t\t\t\t\t\t<div class=\"wd-gallery-item wd-col\">\n\t\t\t\t\t\t\t\t\t\t\t\t\t\t<a href=\"https:\/\/homesse.com.tr\/wp-content\/uploads\/2026\/01\/boss-living-room-260126-6.jpg\" data-elementor-open-lightbox=\"no\" data-index=\"6\" data-width=\"1600\" data-height=\"1200\" \n\t\t\t\t\t\t\t\t\t\t\t\t >\n\t\t\t\t\t\t\t\t\n\t\t\t\t\t\t\t\t<img loading=\"lazy\" decoding=\"async\" width=\"1600\" height=\"1200\" src=\"https:\/\/homesse.com.tr\/wp-content\/uploads\/2026\/01\/boss-living-room-260126-6.jpg\" class=\"wd-gallery-image image-6\" alt=\"\" srcset=\"https:\/\/homesse.com.tr\/wp-content\/uploads\/2026\/01\/boss-living-room-260126-6.jpg 1600w, https:\/\/homesse.com.tr\/wp-content\/uploads\/2026\/01\/boss-living-room-260126-6-300x225.jpg 300w, https:\/\/homesse.com.tr\/wp-content\/uploads\/2026\/01\/boss-living-room-260126-6-1024x768.jpg 1024w, https:\/\/homesse.com.tr\/wp-content\/uploads\/2026\/01\/boss-living-room-260126-6-768x576.jpg 768w, https:\/\/homesse.com.tr\/wp-content\/uploads\/2026\/01\/boss-living-room-260126-6-1536x1152.jpg 1536w, https:\/\/homesse.com.tr\/wp-content\/uploads\/2026\/01\/boss-living-room-260126-6-16x12.jpg 16w, https:\/\/homesse.com.tr\/wp-content\/uploads\/2026\/01\/boss-living-room-260126-6-600x450.jpg 600w, https:\/\/homesse.com.tr\/wp-content\/uploads\/2026\/01\/boss-living-room-260126-6-150x113.jpg 150w\" sizes=\"auto, (max-width: 1600px) 100vw, 1600px\" \/>\n\t\t\t\t\t\t\t\t\t\t\t\t\t\t\t<\/a>\n\t\t\t\t\t\t\t\t\t\t\t\t<\/div>\n\t\t\t\t\t\t\t\t\t\t\t<div class=\"wd-gallery-item wd-col\">\n\t\t\t\t\t\t\t\t\t\t\t\t\t\t<a href=\"https:\/\/homesse.com.tr\/wp-content\/uploads\/2026\/01\/boss-living-room-260126-7.jpg\" data-elementor-open-lightbox=\"no\" data-index=\"7\" data-width=\"1600\" data-height=\"1200\" \n\t\t\t\t\t\t\t\t\t\t\t\t >\n\t\t\t\t\t\t\t\t\n\t\t\t\t\t\t\t\t<img loading=\"lazy\" decoding=\"async\" width=\"1600\" height=\"1200\" src=\"https:\/\/homesse.com.tr\/wp-content\/uploads\/2026\/01\/boss-living-room-260126-7.jpg\" class=\"wd-gallery-image image-7\" alt=\"\" srcset=\"https:\/\/homesse.com.tr\/wp-content\/uploads\/2026\/01\/boss-living-room-260126-7.jpg 1600w, https:\/\/homesse.com.tr\/wp-content\/uploads\/2026\/01\/boss-living-room-260126-7-300x225.jpg 300w, https:\/\/homesse.com.tr\/wp-content\/uploads\/2026\/01\/boss-living-room-260126-7-1024x768.jpg 1024w, https:\/\/homesse.com.tr\/wp-content\/uploads\/2026\/01\/boss-living-room-260126-7-768x576.jpg 768w, https:\/\/homesse.com.tr\/wp-content\/uploads\/2026\/01\/boss-living-room-260126-7-1536x1152.jpg 1536w, https:\/\/homesse.com.tr\/wp-content\/uploads\/2026\/01\/boss-living-room-260126-7-16x12.jpg 16w, https:\/\/homesse.com.tr\/wp-content\/uploads\/2026\/01\/boss-living-room-260126-7-600x450.jpg 600w, https:\/\/homesse.com.tr\/wp-content\/uploads\/2026\/01\/boss-living-room-260126-7-150x113.jpg 150w\" sizes=\"auto, (max-width: 1600px) 100vw, 1600px\" \/>\n\t\t\t\t\t\t\t\t\t\t\t\t\t\t\t<\/a>\n\t\t\t\t\t\t\t\t\t\t\t\t<\/div>\n\t\t\t\t\t\t\t\t\t\n\t\t\t\t\t\t\t<\/div>\n\n\t\t\t\t\t<\/div>\n\t\t<\/div><\/div><\/div><\/div>\n<\/div>","protected":false},"excerpt":{"rendered":"<p>\u0130smiyle m\u00fcsemma bir duru\u015f, tavizsiz bir kalite. Boss Living Room, ya\u015fam alan\u0131nda otoriteyi ve zarafeti bir arada arayanlar i\u00e7in tasarland\u0131. G\u00fc\u00e7l\u00fc sil\u00fceti, mask\u00fclen hatlar\u0131 ve heybetli yap\u0131s\u0131yla salonunuzun karakterini an\u0131nda de\u011fi\u015ftiren Boss, modern l\u00fcks\u00fc en iddial\u0131 haliyle temsil ediyor.<\/p>","protected":false},"featured_media":518,"comment_status":"open","ping_status":"closed","template":"","meta":[],"product_brand":[],"product_cat":[19],"product_tag":[],"class_list":{"0":"post-510","1":"product","2":"type-product","3":"status-publish","4":"has-post-thumbnail","6":"product_cat-living-rooms","8":"first","9":"instock","10":"shipping-taxable","11":"product-type-simple"},"yoast_head":"<!-- This site is optimized with the Yoast SEO plugin v27.3 - https:\/\/yoast.com\/product\/yoast-seo-wordpress\/ -->\n<title>Boss Living Room - Homesse Furniture<\/title>\n<meta name=\"robots\" content=\"index, follow, max-snippet:-1, max-image-preview:large, max-video-preview:-1\" \/>\n<link rel=\"canonical\" href=\"https:\/\/homesse.com.tr\/tr\/urun\/boss-yasam-odasi\/\" \/>\n<meta property=\"og:locale\" content=\"tr_TR\" \/>\n<meta property=\"og:type\" content=\"article\" \/>\n<meta property=\"og:title\" content=\"Boss Living Room - Homesse Furniture\" \/>\n<meta property=\"og:description\" content=\"A stance as strong as its name, a quality without compromise. Boss Living Room is designed for those who seek authority and elegance together in their living space. With its powerful silhouette, masculine lines, and imposing structure, Boss instantly transforms the character of your lounge, representing modern luxury in its most ambitious form.\" \/>\n<meta property=\"og:url\" content=\"https:\/\/homesse.com.tr\/tr\/urun\/boss-yasam-odasi\/\" \/>\n<meta property=\"og:site_name\" content=\"Homesse Furniture\" \/>\n<meta property=\"article:publisher\" content=\"https:\/\/www.facebook.com\/homessecomtr\" \/>\n<meta property=\"article:modified_time\" content=\"2026-01-26T18:40:15+00:00\" \/>\n<meta property=\"og:image\" content=\"https:\/\/homesse.com.tr\/wp-content\/uploads\/2026\/01\/boss-living-room-260126-8.jpg\" \/>\n\t<meta property=\"og:image:width\" content=\"1600\" \/>\n\t<meta property=\"og:image:height\" content=\"1200\" \/>\n\t<meta property=\"og:image:type\" content=\"image\/jpeg\" \/>\n<meta name=\"twitter:card\" content=\"summary_large_image\" \/>\n<meta name=\"twitter:label1\" content=\"Tahmini okuma s\u00fcresi\" \/>\n\t<meta name=\"twitter:data1\" content=\"1 dakika\" \/>\n<script type=\"application\/ld+json\" class=\"yoast-schema-graph\">{\"@context\":\"https:\\\/\\\/schema.org\",\"@graph\":[{\"@type\":\"WebPage\",\"@id\":\"https:\\\/\\\/homesse.com.tr\\\/product\\\/boss-living-room\\\/\",\"url\":\"https:\\\/\\\/homesse.com.tr\\\/product\\\/boss-living-room\\\/\",\"name\":\"Boss Living Room - Homesse Furniture\",\"isPartOf\":{\"@id\":\"https:\\\/\\\/homesse.com.tr\\\/#website\"},\"primaryImageOfPage\":{\"@id\":\"https:\\\/\\\/homesse.com.tr\\\/product\\\/boss-living-room\\\/#primaryimage\"},\"image\":{\"@id\":\"https:\\\/\\\/homesse.com.tr\\\/product\\\/boss-living-room\\\/#primaryimage\"},\"thumbnailUrl\":\"https:\\\/\\\/homesse.com.tr\\\/wp-content\\\/uploads\\\/2026\\\/01\\\/boss-living-room-260126-8.jpg\",\"datePublished\":\"2026-01-26T18:40:14+00:00\",\"dateModified\":\"2026-01-26T18:40:15+00:00\",\"breadcrumb\":{\"@id\":\"https:\\\/\\\/homesse.com.tr\\\/product\\\/boss-living-room\\\/#breadcrumb\"},\"inLanguage\":\"tr\",\"potentialAction\":[{\"@type\":\"ReadAction\",\"target\":[\"https:\\\/\\\/homesse.com.tr\\\/product\\\/boss-living-room\\\/\"]}]},{\"@type\":\"ImageObject\",\"inLanguage\":\"tr\",\"@id\":\"https:\\\/\\\/homesse.com.tr\\\/product\\\/boss-living-room\\\/#primaryimage\",\"url\":\"https:\\\/\\\/homesse.com.tr\\\/wp-content\\\/uploads\\\/2026\\\/01\\\/boss-living-room-260126-8.jpg\",\"contentUrl\":\"https:\\\/\\\/homesse.com.tr\\\/wp-content\\\/uploads\\\/2026\\\/01\\\/boss-living-room-260126-8.jpg\",\"width\":1600,\"height\":1200},{\"@type\":\"BreadcrumbList\",\"@id\":\"https:\\\/\\\/homesse.com.tr\\\/product\\\/boss-living-room\\\/#breadcrumb\",\"itemListElement\":[{\"@type\":\"ListItem\",\"position\":1,\"name\":\"Home\",\"item\":\"https:\\\/\\\/homesse.com.tr\\\/\"},{\"@type\":\"ListItem\",\"position\":2,\"name\":\"Products\",\"item\":\"https:\\\/\\\/homesse.com.tr\\\/shop\\\/\"},{\"@type\":\"ListItem\",\"position\":3,\"name\":\"Boss Living Room\"}]},{\"@type\":\"WebSite\",\"@id\":\"https:\\\/\\\/homesse.com.tr\\\/#website\",\"url\":\"https:\\\/\\\/homesse.com.tr\\\/\",\"name\":\"Homesse Furniture\",\"description\":\"\",\"publisher\":{\"@id\":\"https:\\\/\\\/homesse.com.tr\\\/#organization\"},\"potentialAction\":[{\"@type\":\"SearchAction\",\"target\":{\"@type\":\"EntryPoint\",\"urlTemplate\":\"https:\\\/\\\/homesse.com.tr\\\/?s={search_term_string}\"},\"query-input\":{\"@type\":\"PropertyValueSpecification\",\"valueRequired\":true,\"valueName\":\"search_term_string\"}}],\"inLanguage\":\"tr\"},{\"@type\":\"Organization\",\"@id\":\"https:\\\/\\\/homesse.com.tr\\\/#organization\",\"name\":\"Homesse - Furniture Design\",\"url\":\"https:\\\/\\\/homesse.com.tr\\\/\",\"logo\":{\"@type\":\"ImageObject\",\"inLanguage\":\"tr\",\"@id\":\"https:\\\/\\\/homesse.com.tr\\\/#\\\/schema\\\/logo\\\/image\\\/\",\"url\":\"https:\\\/\\\/homesse.com.tr\\\/wp-content\\\/uploads\\\/2025\\\/09\\\/homesse-black-logo-220825-1.png\",\"contentUrl\":\"https:\\\/\\\/homesse.com.tr\\\/wp-content\\\/uploads\\\/2025\\\/09\\\/homesse-black-logo-220825-1.png\",\"width\":1433,\"height\":411,\"caption\":\"Homesse - Furniture Design\"},\"image\":{\"@id\":\"https:\\\/\\\/homesse.com.tr\\\/#\\\/schema\\\/logo\\\/image\\\/\"},\"sameAs\":[\"https:\\\/\\\/www.facebook.com\\\/homessecomtr\",\"https:\\\/\\\/www.instagram.com\\\/homesse\\\/\"]}]}<\/script>\n<!-- \/ Yoast SEO plugin. -->","yoast_head_json":{"title":"Boss Ya\u015fam Odas\u0131 - Homesse  Mobilya","robots":{"index":"index","follow":"follow","max-snippet":"max-snippet:-1","max-image-preview":"max-image-preview:large","max-video-preview":"max-video-preview:-1"},"canonical":"https:\/\/homesse.com.tr\/tr\/urun\/boss-yasam-odasi\/","og_locale":"tr_TR","og_type":"article","og_title":"Boss Living Room - Homesse Furniture","og_description":"A stance as strong as its name, a quality without compromise. Boss Living Room is designed for those who seek authority and elegance together in their living space. With its powerful silhouette, masculine lines, and imposing structure, Boss instantly transforms the character of your lounge, representing modern luxury in its most ambitious form.","og_url":"https:\/\/homesse.com.tr\/tr\/urun\/boss-yasam-odasi\/","og_site_name":"Homesse Furniture","article_publisher":"https:\/\/www.facebook.com\/homessecomtr","article_modified_time":"2026-01-26T18:40:15+00:00","og_image":[{"width":1600,"height":1200,"url":"https:\/\/homesse.com.tr\/wp-content\/uploads\/2026\/01\/boss-living-room-260126-8.jpg","type":"image\/jpeg"}],"twitter_card":"summary_large_image","twitter_misc":{"Tahmini okuma s\u00fcresi":"1 dakika"},"schema":{"@context":"https:\/\/schema.org","@graph":[{"@type":"WebPage","@id":"https:\/\/homesse.com.tr\/product\/boss-living-room\/","url":"https:\/\/homesse.com.tr\/product\/boss-living-room\/","name":"Boss Ya\u015fam Odas\u0131 - Homesse  Mobilya","isPartOf":{"@id":"https:\/\/homesse.com.tr\/#website"},"primaryImageOfPage":{"@id":"https:\/\/homesse.com.tr\/product\/boss-living-room\/#primaryimage"},"image":{"@id":"https:\/\/homesse.com.tr\/product\/boss-living-room\/#primaryimage"},"thumbnailUrl":"https:\/\/homesse.com.tr\/wp-content\/uploads\/2026\/01\/boss-living-room-260126-8.jpg","datePublished":"2026-01-26T18:40:14+00:00","dateModified":"2026-01-26T18:40:15+00:00","breadcrumb":{"@id":"https:\/\/homesse.com.tr\/product\/boss-living-room\/#breadcrumb"},"inLanguage":"tr","potentialAction":[{"@type":"ReadAction","target":["https:\/\/homesse.com.tr\/product\/boss-living-room\/"]}]},{"@type":"ImageObject","inLanguage":"tr","@id":"https:\/\/homesse.com.tr\/product\/boss-living-room\/#primaryimage","url":"https:\/\/homesse.com.tr\/wp-content\/uploads\/2026\/01\/boss-living-room-260126-8.jpg","contentUrl":"https:\/\/homesse.com.tr\/wp-content\/uploads\/2026\/01\/boss-living-room-260126-8.jpg","width":1600,"height":1200},{"@type":"BreadcrumbList","@id":"https:\/\/homesse.com.tr\/product\/boss-living-room\/#breadcrumb","itemListElement":[{"@type":"ListItem","position":1,"name":"Home","item":"https:\/\/homesse.com.tr\/"},{"@type":"ListItem","position":2,"name":"Products","item":"https:\/\/homesse.com.tr\/shop\/"},{"@type":"ListItem","position":3,"name":"Boss Living Room"}]},{"@type":"WebSite","@id":"https:\/\/homesse.com.tr\/#website","url":"https:\/\/homesse.com.tr\/","name":"Ev Mobilyas\u0131","description":"","publisher":{"@id":"https:\/\/homesse.com.tr\/#organization"},"potentialAction":[{"@type":"SearchAction","target":{"@type":"EntryPoint","urlTemplate":"https:\/\/homesse.com.tr\/?s={search_term_string}"},"query-input":{"@type":"PropertyValueSpecification","valueRequired":true,"valueName":"search_term_string"}}],"inLanguage":"tr"},{"@type":"Organization","@id":"https:\/\/homesse.com.tr\/#organization","name":"Homesse-Mobilya Tasar\u0131m\u0131","url":"https:\/\/homesse.com.tr\/","logo":{"@type":"ImageObject","inLanguage":"tr","@id":"https:\/\/homesse.com.tr\/#\/schema\/logo\/image\/","url":"https:\/\/homesse.com.tr\/wp-content\/uploads\/2025\/09\/homesse-black-logo-220825-1.png","contentUrl":"https:\/\/homesse.com.tr\/wp-content\/uploads\/2025\/09\/homesse-black-logo-220825-1.png","width":1433,"height":411,"caption":"Homesse - Furniture Design"},"image":{"@id":"https:\/\/homesse.com.tr\/#\/schema\/logo\/image\/"},"sameAs":["https:\/\/www.facebook.com\/homessecomtr","https:\/\/www.instagram.com\/homesse\/"]}]}},"_links":{"self":[{"href":"https:\/\/homesse.com.tr\/tr\/wp-json\/wp\/v2\/product\/510","targetHints":{"allow":["GET"]}}],"collection":[{"href":"https:\/\/homesse.com.tr\/tr\/wp-json\/wp\/v2\/product"}],"about":[{"href":"https:\/\/homesse.com.tr\/tr\/wp-json\/wp\/v2\/types\/product"}],"replies":[{"embeddable":true,"href":"https:\/\/homesse.com.tr\/tr\/wp-json\/wp\/v2\/comments?post=510"}],"wp:featuredmedia":[{"embeddable":true,"href":"https:\/\/homesse.com.tr\/tr\/wp-json\/wp\/v2\/media\/518"}],"wp:attachment":[{"href":"https:\/\/homesse.com.tr\/tr\/wp-json\/wp\/v2\/media?parent=510"}],"wp:term":[{"taxonomy":"product_brand","embeddable":true,"href":"https:\/\/homesse.com.tr\/tr\/wp-json\/wp\/v2\/product_brand?post=510"},{"taxonomy":"product_cat","embeddable":true,"href":"https:\/\/homesse.com.tr\/tr\/wp-json\/wp\/v2\/product_cat?post=510"},{"taxonomy":"product_tag","embeddable":true,"href":"https:\/\/homesse.com.tr\/tr\/wp-json\/wp\/v2\/product_tag?post=510"}],"curies":[{"name":"wp","href":"https:\/\/api.w.org\/{rel}","templated":true}]}}